{"id":243,"date":"2014-11-15T11:33:52","date_gmt":"2014-11-15T10:33:52","guid":{"rendered":"http:\/\/www.pollensahotels.com\/?page_id=243"},"modified":"2014-11-15T11:33:52","modified_gmt":"2014-11-15T10:33:52","slug":"geschichte","status":"publish","type":"page","link":"http:\/\/www.pollensahotels.com\/de\/geschichte\/","title":{"rendered":"Geschichte"},"content":{"rendered":"<p><img loading=\"lazy\" decoding=\"async\" src=\"http:\/\/www.pollensahotels.com\/wp-content\/uploads\/2014\/10\/hotel-cosmopolita.jpg\" alt=\"Hotel Cosmopolita\" title=\"Hotel Cosmopolita, Pollensa 1907\" width=\"400\" height=\"262\" class=\"alignright size-full wp-image-395\" \/><strong>Von gestern&#8230;<\/strong><\/p>\n<p>Das <strong>Hotel Juma<\/strong> wurde 1907 gegr\u00fcndet und \u00f6ffnete seine T\u00fcren unter dem Namen <em>Hotel Cosmopolita<\/em>. Joan Ochogavia, der Besitzer von einem Grundst\u00fcck in Ternelles, hat sich f\u00fcr das Hotel eingesetzt. Ochogavia, ein Mann der seiner Zeit weit voraus war, erkannte schon damals das Potenzial der Region Pollensa als Touristenziel, obwohl Tourismus auf der Insel zu seiner Zeit kaum existent war.<\/p>\n<p>Als die dritte Generation der Familie das Hotel \u00fcbernahm, 1958, wurde das Hotel zum ersten Mal renoviert und sein Name in Hotel Juma ge\u00e4ndert. Der Name stammt von den Anfangsbuchstaben des Ehepaares, das diese gro\u00dfe Renovierung durchgef\u00fchrt hat: <strong>Juan Ochogavia<\/strong> und <strong>Maria Cerd\u00e0<\/strong>.<\/p>\n<p><strong>&#8230;Bis heute<\/strong><\/p>\n<p>Im Jahr 1996  haben Joana Ochogavia und Antoni Cifre, die vierte Generation der Familie, die wichtigste Sanierung des Hotels unternommen. Das Innere des Geb\u00e4udes wurde komplett renoviert, so dass nur die urspr\u00fcngliche Fassade stehengeblieben ist.<\/p>\n<p><img loading=\"lazy\" decoding=\"async\" src=\"http:\/\/www.pollensahotels.com\/wp-content\/uploads\/2014\/10\/foto-historia.jpg\" alt=\"Pollensa history\" title=\"Das Hotel Juma heute\" width=\"400\" height=\"262\" class=\"alignleft size-full wp-image-396\" \/><\/p>\n<p>Das Hotel Juma wurde auch mit allen Komforts und Annehmlichkeiten ausgestattet, die der Gast in einem modernen Hotel erwartet.  2006 er\u00f6ffnete die Familie ein zweites Hotel, das dem Geist des Hotels Juma in Sachen Service treu bleibt, aber ein moderneres Flair hat.<\/p>\n<p>Heute, in der f\u00fcnften Generation, bieten beide Hotels den gleichen Service und die gleiche Qualit\u00e4t wie in fr\u00fcheren Zeiten. Auch die Einf\u00fchrung neuester Technologien kann die W\u00e4rme und das famili\u00e4re Ambiente nicht beeintr\u00e4chtigen, die das Hotel seit \u00fcber einem Jahrhundert definieren.<\/p>\n","protected":false},"excerpt":{"rendered":"<p>Von gestern&#8230; Das Hotel Juma wurde 1907 gegr\u00fcndet und \u00f6ffnete seine T\u00fcren unter dem Namen Hotel Cosmopolita. Joan Ochogavia, der Besitzer von einem Grundst\u00fcck in Ternelles, hat sich f\u00fcr das Hotel eingesetzt. Ochogavia, ein Mann der seiner Zeit weit voraus war, erkannte schon damals das Potenzial der Region Pollensa als Touristenziel, obwohl Tourismus auf der [&hellip;]<\/p>\n","protected":false},"author":1,"featured_media":0,"parent":0,"menu_order":0,"comment_status":"closed","ping_status":"closed","template":"","meta":{"footnotes":""},"class_list":["post-243","page","type-page","status-publish","hentry"],"_links":{"self":[{"href":"http:\/\/www.pollensahotels.com\/de\/wp-json\/wp\/v2\/pages\/243\/"}],"collection":[{"href":"http:\/\/www.pollensahotels.com\/de\/wp-json\/wp\/v2\/pages\/"}],"about":[{"href":"http:\/\/www.pollensahotels.com\/de\/wp-json\/wp\/v2\/types\/page\/"}],"author":[{"embeddable":true,"href":"http:\/\/www.pollensahotels.com\/de\/wp-json\/wp\/v2\/users\/1\/"}],"replies":[{"embeddable":true,"href":"http:\/\/www.pollensahotels.com\/de\/wp-json\/wp\/v2\/comments\/?post=243"}],"version-history":[{"count":0,"href":"http:\/\/www.pollensahotels.com\/de\/wp-json\/wp\/v2\/pages\/243\/revisions\/"}],"wp:attachment":[{"href":"http:\/\/www.pollensahotels.com\/de\/wp-json\/wp\/v2\/media\/?parent=243"}],"curies":[{"name":"wp","href":"https:\/\/api.w.org\/{rel}","templated":true}]}}