{"id":97,"date":"2014-10-30T13:44:43","date_gmt":"2014-10-30T12:44:43","guid":{"rendered":"http:\/\/www.pollensahotels.com\/?page_id=97"},"modified":"2019-03-04T10:07:54","modified_gmt":"2019-03-04T09:07:54","slug":"aviso-legal","status":"publish","type":"page","link":"http:\/\/www.pollensahotels.com\/es\/aviso-legal\/","title":{"rendered":"Aviso legal y pol\u00edtica de privacidad"},"content":{"rendered":"<h4>1. INFORMACI\u00d3N GENERAL<\/h4>\n<p>Esta web es propiedad de <strong>GENERACI\u00d3 1907 SL.<\/strong> Direcci\u00f3n: Pla\u00e7a Major 9, Pollen\u00e7a, Illes Balears. Tel\u00e9fono: (+34) 971 535 002. Su acceso y utilizaci\u00f3n implica la aceptaci\u00f3n de las condiciones que se exponen en esta p\u00e1gina.<\/p>\n<p>Los contenidos y materiales que aparecen en esta web se facilitan \u00fanicamente con fines informativos. El titular se reserva el derecho de actualizarlos, modificarlos o suprimirlos a su conveniencia, as\u00ed como a utilizar cookies para garantizar el correcto funcionamiento del sistema.<\/p>\n<h4>2. PROPIEDAD INTELECTUAL Y USO DE LOS CONTENIDOS<\/h4>\n<p>Los contenidos de esta web son propiedad intelectual de su titular o de terceros, sin que pueda entenderse cedidos al usuario ninguno de los derechos de explotaci\u00f3n sobre los mismos, m\u00e1s all\u00e1 del estricto y correcto uso.<\/p>\n<p>Se prohibe la reproducci\u00f3, excepto para uso privado, la transformaci\u00f3n, distribuci\u00f3n y, en general, cualquier otra forma de explotaci\u00f3n, por cualquier procedimiento, de todo o parte de los contenidos de esta web, as\u00ed como de su dise\u00f1o y la selecci\u00f3n y forma de presentaci\u00f3n de los materiales incluidos en la misma, salvo que exista autorizaci\u00f3n expresa del titular y se haga referencia expl\u00edcita a la propiedad de los indicados derechos.<\/p>\n<h4>3. PROTECCI\u00d3N DE DATOS<\/h4>\n<p>El titular del sitio web ser\u00e1 responsable del tratamiento de los datos personales aportados a trav\u00e9s de nuestros formularios y de que \u00e9stos sean tratados con conformidad al Reglamento (UE) 2016\/679 de 27 de abril de 2016 (GDPR).<\/p>\n<p>A trav\u00e9s de nuestros formularios se recogen los siguientes datos personales: <b>nombre, direcci\u00f3n de correo electr\u00f3nico, tel\u00e9fono<\/b>. Estos datos se env\u00edan directamente al destinatario, quedando almacenada una copia del mensaje en nuestro servidor web durante 90 d\u00edas, periodo tras el cual los mensajes se eliminan autom\u00e1ticamente de nuestro servidor. Los datos recogidos en ning\u00fan caso se comparten con terceros. El usuario consiente expresamente el tratamiento de esos datos con la finalidad de enviarle informaci\u00f3n por cualquier medio sobre nuestros productos, servicios, ofertas o promociones especiales para lo que podremos elaborar perfiles de usuario que nos permitan realizarle ofertas personalizadas. En todo caso el usuario ostenta el derecho de informaci\u00f3n, rectificaci\u00f3n y cancelaci\u00f3n de \u00e9stos, dirigi\u00e9ndose a la direcci\u00f3n que aparece en nuestra <a href=\"http:\/\/www.pollensahotels.com\/es\/contacto\/\">p\u00e1gina de contacto<\/a>.<\/p>\n<p>Conforme a lo previsto en la Ley Org\u00e1nica de Protecci\u00f3n de Datos de Car\u00e1cter Personal, Ley 15\/1999 de 13 de diciembre (en adelante LOPD), le informamos de que los datos obtenidos a trav\u00e9s de los formularios de esta p\u00e1gina web ser\u00e1n incluidos en un fichero automatizado denominado CLIENTES, inscrito en el Registro de la Agencia de Protecci\u00f3n de Datos y cuya Responsable de Fichero es GENERACI\u00d3 1907 SL, sita en Plaza Mayor, 9, 07460 \u2013 Pollen\u00e7a \u2013 Islas Baleares<\/p>\n<p>El titular se compromete expl\u00edcitamente a mantener todos los datos e informaciones recibidas de sus usuarios y\/o clientes a trav\u00e9s de esta web en la m\u00e1s estricta confidencialidad. Solo solicitar\u00e1 los datos imprescindibles de car\u00e1cter personal. Dichos datos ser\u00e1n tratados exclusivamente para la comunicaci\u00f3n y\/o tr\u00e1mites entre el usuario y el titular, y en ning\u00fan caso ser\u00e1n destinados a otros usos ni cedidos a terceros. El registro de datos an\u00f3nimos comunes de los visitantes, tales como navegador o sistema operativo, se recogen \u00fanicamente con fines estad\u00edsticos.<\/p>\n<p>El titular garantiza el cumplimiento de la normativa vigente en materia de protecci\u00f3n de datos personales reflejada en la Ley Org\u00e1nica 15\/1999 de 13 de diciembre de Protecci\u00f3n de Datos de Car\u00e1cter Personal y en el Real Decreto 1720\/2007 de 21 diciembre, por el que se aprueba el Reglamento de Desarrollo de la LOPD y en Reglamento General de Protecci\u00f3n de Datos (RGPD UE) 2016\/679.<\/p>\n<p>Los datos personales recogidos a trav\u00e9s de los formularios de esta web son objeto de tratamiento \u00fanicamente por parte del titular del sitio, que ha adoptado las medidas de seguridad adecuadas a los datos que se facilitan e instalado todos los medios y medidas t\u00e9cnicas a su alcance para evitar la p\u00e9rdida, mal uso, alteraci\u00f3n, acceso no autorizado y robo de los datos que nos facilitan.<\/p>\n<p>Las p\u00e1ginas de este sitio pueden incluir contenido incrustado como v\u00eddeos, im\u00e1genes, art\u00edculos, widgets, etc. El contenido incrustado de otras p\u00e1ginas web se comporta exactamente de la misma manera que si el visitante hubiera visitado la otra web. Estas webs pueden recopilar datos, utilizar cookies, incrustar un seguimiento adicional de terceros o supervisar tu interacci\u00f3n con ese contenido incrustado, incluido el seguimiento de la interacci\u00f3n con el contenido incrustado si se dispone de una cuenta y se est\u00e1 conectado a esa web.<\/p>\n<p>Para cuestiones espec\u00edficas sobre privacidad, puede contactar con nosotros a trav\u00e9s de nuestra <a href=\"http:\/\/www.pollensahotels.com\/es\/contacto\/\">p\u00e1gina de contacto<\/a>.<\/p>\n<h4 id=\"cookies\">4. POL\u00cdTICA DE COOKIES<\/h4>\n<h6>Uso de las cookies<\/h6>\n<p>En cumplimiento con la Ley 34\/2002 de 11 de julio de Servicios de la Sociedad de Informaci\u00f3n y Comercio Electr\u00f3nico te informamos de que utilizamos cookies propias y de terceros para asegurar el correcto funcionamiento de la web y para facilitar y mejorar la navegaci\u00f3n a los usuarios, por ejemplo, para recordar las p\u00e1ginas visitadas, las preferencias y configuraciones de visualizaci\u00f3n, u ofreciendo a cada usuario informaci\u00f3n que pueda ser de su inter\u00e9s.<\/p>\n<h6>\u00bfQu\u00e9 son las cookies?<\/h6>\n<p>Las cookies son peque\u00f1os archivos de texto que se almacenan en el ordenador o dispositivo (m\u00f3vil, tableta&#8230;) del usuario al acceder a determinadas p\u00e1ginas web o aplicaciones con el fin de recoger datos an\u00f3nimos sobre la navegaci\u00f3n o personalizar su experiencia. Pr\u00e1cticamente todos los sitios web utilizan cookies, ya que son necesarias para su funcionamiento.<\/p>\n<p>Las cookies permiten, entre otras cosas, recopilar informaci\u00f3n estad\u00edstica, facilitar ciertas funcionalidades t\u00e9cnicas, almacenar y recuperar informaci\u00f3n sobre los h\u00e1bitos de navegaci\u00f3n o preferencias de un usuario o de su equipo y, dependiendo de la informaci\u00f3n que contengan, pueden utilizarse para reconocer al usuario. Las cookies se almacenan en el ordenador o dispositivo m\u00f3vil con el fin de identificar al navegador mientras interactua con una web o aplicaci\u00f3n determinada. Un sitio web puede establecer una cookie en el navegador \u00fanicamente si las preferencias del navegador lo permiten.<\/p>\n<h6>Tipos de cookies<\/h6>\n<ul>\n<li>Cookies t\u00e9cnicas: sirven para ayudar a mejorar la calidad de los servicios que ofrece un sitio web, almacenando las preferencias del usuario (por ejemplo, el idioma) o rastreando tendencias.<\/li>\n<li>Cookies estad\u00edsticas: recogen informaci\u00f3n sobre la fecha de la visita, la direcci\u00f3n y el t\u00edtulo de la p\u00e1gina web visitada, etc. Los informes generados a partir de esta informaci\u00f3n son \u00fanicamente estad\u00edsticos, dando informaci\u00f3n sobre el comportamiento de navegaci\u00f3n de forma an\u00f3nima.<\/li>\n<li>Cookies de sesi\u00f3n: guardan informaci\u00f3n sobre el usuario registrado (por ejemplo, el nombre de usuario) para no tener que introducirlo en cada p\u00e1gina.<\/li>\n<li>Cookies anal\u00edticas: se utilizan para realizar un seguimiento sobre la procedencia de las visitas (por ejemplo, el buscador desde el que se ha llegado hasta la web), los t\u00e9rminos de b\u00fasqueda que se utilizaron, el tiempo que el usuario permanece en el sitio web o la cantidad de veces que se visita una p\u00e1gina determinada.<\/li>\n<li>Redes sociales:\u00a0algunas webs pueden contener botones para compartir el contenido a trav\u00e9s de redes sociales como Facebook o Twitter. Estos servicios suelen establecer una o varias cookies cuando el usuario se conecta a su servicio, aunque no tenemos ning\u00fan control sobre la configuraci\u00f3n de estas cookies externas. Por favor, consulte las webs de estos servicios para obtener m\u00e1s informaci\u00f3n sobre la pol\u00edtica de uso y gesti\u00f3n de sus cookies.<\/li>\n<\/ul>\n<h6>Cookies utilizadas en este sitio web<\/h6>\n<p>Concretamente, estas son las cookies que utilizamos en pollensahotels.com:<\/p>\n<table width=\"100%\" style=\"margin-top:2em;margin-bottom:2em;\">\n<thead>\n<tr>\n<td><strong>Cookie<\/strong><\/td>\n<td><strong>Nombre<\/strong><\/td>\n<td><strong>Prop\u00f3sito<\/strong><\/td>\n<\/tr>\n<\/thead>\n<tbody>\n<tr>\n<td data-th=\"Cookie\">Sesi\u00f3n<\/td>\n<td data-th=\"Nombre\">PHPSESSID<\/td>\n<td data-th=\"Prop\u00f3sito\" style=\"text-align:left\">Esta cookie es utilizada por el lenguaje de programaci\u00f3n PHP para permitir que las variables de sesi\u00f3n sean guardadas en el servidor web. Esta cookie es esencial para el funcionamiento de la web.<\/td>\n<\/tr>\n<tr>\n<td data-th=\"Cookie\">T\u00e9cnica<\/td>\n<td data-th=\"Nombre\">_ph_cookie_warning<\/td>\n<td data-th=\"Prop\u00f3sito\" style=\"text-align:left\">Cookie utilizada para recordar la aceptaci\u00f3n de la pol\u00edtica de cookies por parte del usuario.<\/td>\n<\/tr>\n<tr>\n<td data-th=\"Cookie\">T\u00e9cnica<\/td>\n<td data-th=\"Nombre\">wordpress_test_cookie<\/td>\n<td data-th=\"Prop\u00f3sito\" style=\"text-align:left\">Utilizada por nuestro gestor de contenidos (WordPress) para comprobar si el navegador puede aceptar cookies.<\/td>\n<\/tr>\n<tr>\n<td data-th=\"Cookie\">T\u00e9cnica<\/td>\n<td data-th=\"Nombre\">wordpress_[hash]<\/td>\n<td data-th=\"Prop\u00f3sito\" style=\"text-align:left\">Cookie utilizada por nuestro gestor de contenidos (WordPress) para identificar a los usuarios conectados en el \u00e1rea de administraci\u00f3n.<\/td>\n<\/tr>\n<tr>\n<td data-th=\"Cookie\">T\u00e9cnica<\/td>\n<td data-th=\"Nombre\">wordpress_logged_in_[hash]<\/td>\n<td data-th=\"Prop\u00f3sito\" style=\"text-align:left\">Cookie utilizada por nuestro gestor de contenidos (WordPress) para identificar a los usuarios que han accedido con su cuenta.<\/td>\n<\/tr>\n<tr>\n<td data-th=\"Cookie\">T\u00e9cnica<\/td>\n<td data-th=\"Nombre\">_icl_current_language<\/td>\n<td data-th=\"Prop\u00f3sito\" style=\"text-align:left\">Cookie utilizada por el m\u00f3dulo de gesti\u00f3n multi-idioma (WPML) para recordar el idioma seleccionado por el usuario.<\/td>\n<\/tr>\n<tr>\n<td data-th=\"Cookie\">T\u00e9cnica<\/td>\n<td data-th=\"Nombre\">ph_booking_bubble<\/td>\n<td data-th=\"Prop\u00f3sito\" style=\"text-align:left\">Cookie utilizada para recordar el estado del aviso del formulario de reservas.<\/td>\n<\/tr>\n<\/tbody>\n<\/table>\n<p>Otras cookies de terceros:<\/p>\n<table width=\"100%\" style=\"margin-top:2em;margin-bottom:2em;\">\n<thead>\n<tr>\n<td><strong>Cookie<\/strong><\/td>\n<td><strong>Nombre<\/strong><\/td>\n<td><strong>Prop\u00f3sito<\/strong><\/td>\n<\/tr>\n<\/thead>\n<tbody>\n<tr>\n<td data-th=\"Cookie\">Anal\u00edticas<\/td>\n<td data-th=\"Nombre\">__utma, __utmb, __utmc, __utmt, __utmz, __ga, __gat, __gid<\/td>\n<td data-th=\"Prop\u00f3sito\" style=\"text-align:left\">Utilizadas por Google Analytics para realizar informes estad\u00edsticos sobre aspectos an\u00f3nimos como la manera en que los usuarios encuentran la p\u00e1gina web, c\u00f3mo se utiliza (por ejemplo, qu\u00e9 p\u00e1ginas se han visitado, el tiempo de permanencia, tipo de navegador, etc). <a href=\"http:\/\/www.google.com\/intl\/es\/policies\/\">M\u00e1s informaci\u00f3n<\/a>. Google Analytics puede almacenar sus cookies en servidores ubicados fuera de la Uni\u00f3n Europea. Excepto cuando sea necesario para el funcionamiento del sistema o cuando la ley obligue a tal efecto, se compromete a no compartirla con terceros. Google Inc. es una compa\u00f1\u00eda adherida al Acuerdo de Puerto Seguro que garantiza que todos los datos transferidos ser\u00e1n tratados con un nivel de protecci\u00f3n acorde a la normativa europea. M\u00e1s informaci\u00f3n: <a href=\"https:\/\/developers.google.com\/analytics\/devguides\/collection\/analyticsjs\/cookie-usage?hl=es&#038;csw=1\">Uso de las cookies de Google Analytics en sitios web<\/a><\/td>\n<\/tr>\n<tr>\n<td data-th=\"Cookie\">Preferencias<\/td>\n<td data-th=\"Nombre\">SSID, SIDCC, SID, SAPISID, OGPC, NID, HSID, PREF, CONSENT, APISID, 1P_JAR<\/td>\n<td data-th=\"Prop\u00f3sito\" style=\"text-align:left\">Cookies empleadas por Google.com (Gmail, Google Maps, Youtube, etc.) para verificar las cuentas de usuarios, preferencias de configuraci\u00f3n, gesti\u00f3n de accesos a servicios u otras preferencias de usuario. Estas cookies son gestionadas directamente por Google. <a href=\"https:\/\/policies.google.com\/technologies\/cookies?hl=es\">M\u00e1s informaci\u00f3n<\/a><\/td>\n<\/tr>\n<tr>\n<td data-th=\"Cookie\">T\u00e9cnica<\/td>\n<td data-th=\"Nombre\">thebookingbutton_session<\/td>\n<td data-th=\"Prop\u00f3sito\" style=\"text-align:left\">Cookie utilizada para posibilitar la comunicaci\u00f3n con el motor de reservas (The Booking Button) y Siteminder.com, empresa propietaria del sistema. Los datos recogidos son an\u00f3nimos y coinciden con la informaci\u00f3n introducida en el widget de selecci\u00f3n de habitaciones. M\u00e1s informaci\u00f3n sobre la <a href=\"https:\/\/www.siteminder.com\/es\/legal\/politica-de-privacidad\/\">pol\u00edtica de privacidad de Siteminder.com<\/a>.<\/td>\n<\/tr>\n<tr>\n<td data-th=\"Cookie\">T\u00e9cnica<\/td>\n<td data-th=\"Nombre\">act, c_user, datr, dpr, fr, presence, sb, spin, wd, xs<\/td>\n<td data-th=\"Prop\u00f3sito\" style=\"text-align:left\">Cookies utilizadas por Facebook para gestionar la interacci\u00f3n con sus usuarios y nuestras p\u00e1ginas a trav\u00e9s de enlaces o botones para compartir contenidos. Puede controlar la configuraci\u00f3n de su privacidad dirigi\u00e9ndose a los ajustes de su cuenta: <a href=\"https:\/\/www.facebook.com\/privacy\/\">Herramientas para ayudarte a controlar tu privacidad y seguridad en Facebook<\/a><\/td>\n<\/tr>\n<tr>\n<td data-th=\"Cookie\">T\u00e9cnica<\/td>\n<td data-th=\"Nombre\">TAUnique, TATravelInfo, TASession, TACds, TAReturnTo, TASubscriber<\/td>\n<td data-th=\"Prop\u00f3sito\" style=\"text-align:left\">Cookies utilizadas para mostrar informaci\u00f3n procedente de TripAdvisor en nuestra web a trav\u00e9s de widgets como certificados u opiniones. Estas cookies se generan cuando el usuario est\u00e1 conectado con su cuenta de TripAdvisor y controlan el uso de los widgets principalmente para cuestiones estad\u00edsticas o de personalizaci\u00f3n. <a href=\"https:\/\/www.tripadvisor.es\/CookiePolicy\">M\u00e1s informaci\u00f3n<\/a>.<\/td>\n<\/tr>\n<\/tbody>\n<\/table>\n<h6>Aceptaci\u00f3n de las cookies<\/h6>\n<p>Al acceder a este sitio web aparece un aviso en el que se informa al visitante de la utilizaci\u00f3n de las cookies y la informaci\u00f3n referida a nuestra pol\u00edtica sobre ellas. Si contin\u00faa navegando, consideramos que acepta su uso. Estas cookies se utilizan siempre de forma an\u00f3nima, por tanto no recogen informaci\u00f3n que identifique al usuario.<\/p>\n<p>En algunos casos es necesaria la instalaci\u00f3n de cookies para que el navegador del usuario recuerde la decisi\u00f3n de no aceptaci\u00f3n de las mismas. Recuerde que puede cambiar la configuraci\u00f3n de las cookies en cualquier momento configurando su navegador para aceptarlas o bloquearlas.<\/p>\n<h6>C\u00f3mo gestionar las cookies<\/h6>\n<p>Para cambiar la configuraci\u00f3n, bloquear o eliminar estas cookies, consulte las opciones de configuraci\u00f3n de su navegador. Si necesita ayuda, puede visitar estos enlaces:\u00a0<a href=\"https:\/\/support.google.com\/accounts\/answer\/61416?hl=es\">Chrome<\/a>,\u00a0<a href=\"https:\/\/support.mozilla.org\/es\/kb\/habilitar-y-deshabilitar-cookies-que-los-sitios-we\">Firefox<\/a>,\u00a0<a href=\"http:\/\/windows.microsoft.com\/es-es\/windows-vista\/block-or-allow-cookies\">Internet Explorer<\/a>,\u00a0<a href=\"https:\/\/www.apple.com\/es\/support\/mac-apps\/safari\/\">Safari<\/a>.<\/p>\n<p>Si tiene alguna duda o consulta acerca de nuestra pol\u00edtica de cookies no dude en contactar con nosotros a trav\u00e9s de nuestra <a href=\"http:\/\/www.pollensahotels.com\/es\/contacto\/\">p\u00e1gina de contacto<\/a>.<\/p>\n","protected":false},"excerpt":{"rendered":"<p>1. INFORMACI\u00d3N GENERAL Esta web es propiedad de GENERACI\u00d3 1907 SL. Direcci\u00f3n: Pla\u00e7a Major 9, Pollen\u00e7a, Illes Balears. Tel\u00e9fono: (+34) 971 535 002. Su acceso y utilizaci\u00f3n implica la aceptaci\u00f3n de las condiciones que se exponen en esta p\u00e1gina. Los contenidos y materiales que aparecen en esta web se facilitan \u00fanicamente con fines informativos. El [&hellip;]<\/p>\n","protected":false},"author":1,"featured_media":0,"parent":0,"menu_order":0,"comment_status":"closed","ping_status":"closed","template":"templates\/lateral.php","meta":{"footnotes":""},"class_list":["post-97","page","type-page","status-publish","hentry"],"_links":{"self":[{"href":"http:\/\/www.pollensahotels.com\/es\/wp-json\/wp\/v2\/pages\/97\/"}],"collection":[{"href":"http:\/\/www.pollensahotels.com\/es\/wp-json\/wp\/v2\/pages\/"}],"about":[{"href":"http:\/\/www.pollensahotels.com\/es\/wp-json\/wp\/v2\/types\/page\/"}],"author":[{"embeddable":true,"href":"http:\/\/www.pollensahotels.com\/es\/wp-json\/wp\/v2\/users\/1\/"}],"replies":[{"embeddable":true,"href":"http:\/\/www.pollensahotels.com\/es\/wp-json\/wp\/v2\/comments\/?post=97"}],"version-history":[{"count":0,"href":"http:\/\/www.pollensahotels.com\/es\/wp-json\/wp\/v2\/pages\/97\/revisions\/"}],"wp:attachment":[{"href":"http:\/\/www.pollensahotels.com\/es\/wp-json\/wp\/v2\/media\/?parent=97"}],"curies":[{"name":"wp","href":"https:\/\/api.w.org\/{rel}","templated":true}]}}