{"id":270,"date":"2014-11-18T20:14:32","date_gmt":"2014-11-18T19:14:32","guid":{"rendered":"http:\/\/www.pollensahotels.com\/?page_id=270"},"modified":"2023-10-30T07:31:32","modified_gmt":"2023-10-30T06:31:32","slug":"ubicacio","status":"publish","type":"page","link":"https:\/\/www.pollensahotels.com\/ca\/ubicacio\/","title":{"rendered":"Ubicaci\u00f3"},"content":{"rendered":"<p>Des d&#8217;aqu\u00ed pot localitzar la situaci\u00f3 exacta de l&#8217;Hotel Juma i L&#8217;Hostal, Turisme d&#8217;Interior a Pollen\u00e7a. Si ho prefereix, pot canviar el tipus de presentaci\u00f3 del mapa a &#8220;Sat\u00e8l\u00b7lit&#8221; per veure amb m\u00e9s detall la zona, aix\u00ed com fer servir el zoom per apropar-se o allunyar-se de la vista inicial&#8230;<\/p>\n<p><iframe loading=\"lazy\" style=\"border: 0;\" src=\"https:\/\/www.google.com\/maps\/embed?pb=!1m18!1m12!1m3!1d3061.8706334987332!2d3.0145401154612377!3d39.877135579431474!2m3!1f0!2f0!3f0!3m2!1i1024!2i768!4f13.1!3m3!1m2!1s0x1297d6a091676cc3%3A0xe5cbf57482414e6c!2sHotel+Juma!5e0!3m2!1ses!2ses!4v1547638894134\" width=\"1000\" height=\"500\" frameborder=\"0\" allowfullscreen=\"allowfullscreen\"><\/iframe><\/p>\n","protected":false},"excerpt":{"rendered":"<p>Des d&#8217;aqu\u00ed pot localitzar la situaci\u00f3 exacta de l&#8217;Hotel Juma i L&#8217;Hostal, Turisme d&#8217;Interior a Pollen\u00e7a. Si ho prefereix, pot canviar el tipus de presentaci\u00f3 del mapa a &#8220;Sat\u00e8l\u00b7lit&#8221; per veure amb m\u00e9s detall la zona, aix\u00ed com fer servir el zoom per apropar-se o allunyar-se de la vista inicial&#8230;<\/p>\n","protected":false},"author":1,"featured_media":0,"parent":0,"menu_order":0,"comment_status":"closed","ping_status":"closed","template":"templates\/map.php","meta":{"footnotes":""},"class_list":["post-270","page","type-page","status-publish","hentry"],"_links":{"self":[{"href":"https:\/\/www.pollensahotels.com\/ca\/wp-json\/wp\/v2\/pages\/270\/"}],"collection":[{"href":"https:\/\/www.pollensahotels.com\/ca\/wp-json\/wp\/v2\/pages\/"}],"about":[{"href":"https:\/\/www.pollensahotels.com\/ca\/wp-json\/wp\/v2\/types\/page\/"}],"author":[{"embeddable":true,"href":"https:\/\/www.pollensahotels.com\/ca\/wp-json\/wp\/v2\/users\/1\/"}],"replies":[{"embeddable":true,"href":"https:\/\/www.pollensahotels.com\/ca\/wp-json\/wp\/v2\/comments\/?post=270"}],"version-history":[{"count":0,"href":"https:\/\/www.pollensahotels.com\/ca\/wp-json\/wp\/v2\/pages\/270\/revisions\/"}],"wp:attachment":[{"href":"https:\/\/www.pollensahotels.com\/ca\/wp-json\/wp\/v2\/media\/?parent=270"}],"curies":[{"name":"wp","href":"https:\/\/api.w.org\/{rel}","templated":true}]}}