{"id":276,"date":"2014-11-18T20:30:30","date_gmt":"2014-11-18T19:30:30","guid":{"rendered":"http:\/\/www.pollensahotels.com\/?page_id=276"},"modified":"2014-11-18T21:01:51","modified_gmt":"2014-11-18T20:01:51","slug":"historia","status":"publish","type":"page","link":"https:\/\/www.pollensahotels.com\/ca\/historia\/","title":{"rendered":"La nostra hist\u00f2ria"},"content":{"rendered":"<p><img loading=\"lazy\" decoding=\"async\" src=\"http:\/\/www.pollensahotels.com\/wp-content\/uploads\/2014\/10\/hotel-cosmopolita.jpg\" alt=\"Hotel Cosmopolita\" title=\"Hotel Cosmopolita, Pollen\u00e7a 1907\" width=\"400\" height=\"262\" class=\"alignright size-full wp-image-395\" \/><strong>Del passat&#8230;<\/strong><\/p>\n<p>L&#8217;Hotel Juma va n\u00e9ixer el 1907 amb el nom d&#8217;Hotel Cosmopolita. La seva construcci\u00f3 va ser promoguda per Joan Ochogavia, amo de la possessi\u00f3 de Ternelles, el qual va avan\u00e7ar-se a la seva \u00e8poca a l&#8217;adonar-se de les possibilitats que oferia l&#8217;entorn de Pollen\u00e7a per al turisme, encara pr\u00e0cticament sense pres\u00e8ncia a l&#8217;illa.<\/p>\n<p>El 1958, ja en mans de la tercera generaci\u00f3, l&#8217;hotel va patir la seva primera gran remodelaci\u00f3 i va canviar el nom pel de Hotel Juma, inicials del matrimoni que va realitzar aquesta reforma, Joan Ochogavia i Maria Cerd\u00e0.<\/p>\n<p><strong>&#8230;Al present<\/strong><\/p>\n<p>Al 1996, Joana Ochogavia i Antoni Cifre, quarta generaci\u00f3 familiar, porten a terme la remodelaci\u00f3 mes important, reconstruint per complet l&#8217;interior i mantenint \u00fanicament la fa\u00e7ana. A l&#8217;hotel Juma s&#8217;hi incorporen les comoditats propies d&#8217;un hotel de la seva \u00e8poca.<\/p>\n<p><img loading=\"lazy\" decoding=\"async\" src=\"http:\/\/www.pollensahotels.com\/wp-content\/uploads\/2014\/10\/foto-historia.jpg\" alt=\"Hist\u00f2ria del nostre hotel\" width=\"400\" height=\"262\" class=\"alignleft size-full wp-image-396\" \/><\/p>\n<p>Aix\u00ed mateix, el 2006 s&#8217;inaugura el segon hotel de la fam\u00edlia, que neix amb la mateixa vocaci\u00f3 de servei que el Juma, per\u00f2 amb un toc mes modern.<\/p>\n<p>Ara, en mans de la cinquena generaci\u00f3, els hotels afronten el repte de continuar oferint el servei i la qualitat de sempre, amb la incorporaci\u00f3 dels aven\u00e7os t\u00e8cnics i tecnol\u00f2gics, per\u00f2 sense perdre de vista la calidesa que els ha caracteritzat al llarg dels seus mes de 100 anys d&#8217;hist\u00f2ria.<\/p>\n","protected":false},"excerpt":{"rendered":"<p>Del passat&#8230; L&#8217;Hotel Juma va n\u00e9ixer el 1907 amb el nom d&#8217;Hotel Cosmopolita. La seva construcci\u00f3 va ser promoguda per Joan Ochogavia, amo de la possessi\u00f3 de Ternelles, el qual va avan\u00e7ar-se a la seva \u00e8poca a l&#8217;adonar-se de les possibilitats que oferia l&#8217;entorn de Pollen\u00e7a per al turisme, encara pr\u00e0cticament sense pres\u00e8ncia a l&#8217;illa. [&hellip;]<\/p>\n","protected":false},"author":1,"featured_media":0,"parent":0,"menu_order":0,"comment_status":"closed","ping_status":"closed","template":"","meta":{"footnotes":""},"class_list":["post-276","page","type-page","status-publish","hentry"],"_links":{"self":[{"href":"https:\/\/www.pollensahotels.com\/ca\/wp-json\/wp\/v2\/pages\/276\/"}],"collection":[{"href":"https:\/\/www.pollensahotels.com\/ca\/wp-json\/wp\/v2\/pages\/"}],"about":[{"href":"https:\/\/www.pollensahotels.com\/ca\/wp-json\/wp\/v2\/types\/page\/"}],"author":[{"embeddable":true,"href":"https:\/\/www.pollensahotels.com\/ca\/wp-json\/wp\/v2\/users\/1\/"}],"replies":[{"embeddable":true,"href":"https:\/\/www.pollensahotels.com\/ca\/wp-json\/wp\/v2\/comments\/?post=276"}],"version-history":[{"count":0,"href":"https:\/\/www.pollensahotels.com\/ca\/wp-json\/wp\/v2\/pages\/276\/revisions\/"}],"wp:attachment":[{"href":"https:\/\/www.pollensahotels.com\/ca\/wp-json\/wp\/v2\/media\/?parent=276"}],"curies":[{"name":"wp","href":"https:\/\/api.w.org\/{rel}","templated":true}]}}