{"id":286,"date":"2014-11-19T13:10:40","date_gmt":"2014-11-19T12:10:40","guid":{"rendered":"http:\/\/www.pollensahotels.com\/?page_id=286"},"modified":"2017-04-27T11:54:02","modified_gmt":"2017-04-27T09:54:02","slug":"restaurant-gr221","status":"publish","type":"page","link":"https:\/\/www.pollensahotels.com\/ca\/restaurant-gr221\/","title":{"rendered":"Restaurant i caf\u00e8 GR221"},"content":{"rendered":"<p><img loading=\"lazy\" decoding=\"async\" src=\"http:\/\/www.pollensahotels.com\/wp-content\/uploads\/2014\/10\/1907-restaurant-pollenca.jpg\" alt=\"1907 Restaurant Pollen\u00e7a\" width=\"357\" height=\"163\" class=\"alignright size-full wp-image-404\" srcset=\"https:\/\/www.pollensahotels.com\/wp-content\/uploads\/2014\/10\/1907-restaurant-pollenca.jpg 357w, https:\/\/www.pollensahotels.com\/wp-content\/uploads\/2014\/10\/1907-restaurant-pollenca-300x137.jpg 300w\" sizes=\"auto, (max-width: 357px) 100vw, 357px\" \/><\/p>\n<p>Des de fa m\u00e9s de 100 anys l&#8217;hotel \u00e9s visitat per personatges ilustres, b\u00e9 allotjats en ell o de tert\u00falia a la seva renombrada cafeteria: Tito Cittadini, Dion\u00eds Bennassar, Roch Minu\u00e9, Maria del Mar bonet, Jordi Savall&#8230; <\/p>\n<p>La cafeteria, amb la seva terrassa al bell mig de la pla\u00e7a, constitueix un referent de qualitat i servei al poble, tant pels vilatants com pels foranis.<\/p>\n<div id='gallery-1' class='gallery galleryid-286 gallery-columns-6 gallery-size-thumbnail'><figure class='gallery-item'>\n\t\t\t<div class='gallery-icon landscape'>\n\t\t\t\t<a href='https:\/\/www.pollensahotels.com\/wp-content\/uploads\/2014\/11\/restaurant-gr221_05.jpg'><img loading=\"lazy\" decoding=\"async\" width=\"150\" height=\"150\" src=\"https:\/\/www.pollensahotels.com\/wp-content\/uploads\/2014\/11\/restaurant-gr221_05-150x150.jpg\" class=\"attachment-thumbnail size-thumbnail\" alt=\"\" \/><\/a>\n\t\t\t<\/div><\/figure><figure class='gallery-item'>\n\t\t\t<div class='gallery-icon portrait'>\n\t\t\t\t<a href='https:\/\/www.pollensahotels.com\/wp-content\/uploads\/2014\/11\/restaurant-gr221_04.jpg'><img loading=\"lazy\" decoding=\"async\" width=\"150\" height=\"150\" src=\"https:\/\/www.pollensahotels.com\/wp-content\/uploads\/2014\/11\/restaurant-gr221_04-150x150.jpg\" class=\"attachment-thumbnail size-thumbnail\" alt=\"\" \/><\/a>\n\t\t\t<\/div><\/figure><figure class='gallery-item'>\n\t\t\t<div class='gallery-icon landscape'>\n\t\t\t\t<a href='https:\/\/www.pollensahotels.com\/wp-content\/uploads\/2014\/11\/restaurant-gr221_10.jpg'><img loading=\"lazy\" decoding=\"async\" width=\"150\" height=\"150\" src=\"https:\/\/www.pollensahotels.com\/wp-content\/uploads\/2014\/11\/restaurant-gr221_10-150x150.jpg\" class=\"attachment-thumbnail size-thumbnail\" alt=\"\" \/><\/a>\n\t\t\t<\/div><\/figure><figure class='gallery-item'>\n\t\t\t<div class='gallery-icon landscape'>\n\t\t\t\t<a href='https:\/\/www.pollensahotels.com\/wp-content\/uploads\/2014\/11\/restaurant-gr221_06.jpg'><img loading=\"lazy\" decoding=\"async\" width=\"150\" height=\"150\" src=\"https:\/\/www.pollensahotels.com\/wp-content\/uploads\/2014\/11\/restaurant-gr221_06-150x150.jpg\" class=\"attachment-thumbnail size-thumbnail\" alt=\"\" \/><\/a>\n\t\t\t<\/div><\/figure><figure class='gallery-item'>\n\t\t\t<div class='gallery-icon landscape'>\n\t\t\t\t<a href='https:\/\/www.pollensahotels.com\/wp-content\/uploads\/2014\/11\/restaurant-gr221_07.jpg'><img loading=\"lazy\" decoding=\"async\" width=\"150\" height=\"150\" src=\"https:\/\/www.pollensahotels.com\/wp-content\/uploads\/2014\/11\/restaurant-gr221_07-150x150.jpg\" class=\"attachment-thumbnail size-thumbnail\" alt=\"\" \/><\/a>\n\t\t\t<\/div><\/figure><figure class='gallery-item'>\n\t\t\t<div class='gallery-icon landscape'>\n\t\t\t\t<a href='https:\/\/www.pollensahotels.com\/wp-content\/uploads\/2014\/11\/restaurant-gr221_03.jpg'><img loading=\"lazy\" decoding=\"async\" width=\"150\" height=\"150\" src=\"https:\/\/www.pollensahotels.com\/wp-content\/uploads\/2014\/11\/restaurant-gr221_03-150x150.jpg\" class=\"attachment-thumbnail size-thumbnail\" alt=\"\" \/><\/a>\n\t\t\t<\/div><\/figure><figure class='gallery-item'>\n\t\t\t<div class='gallery-icon landscape'>\n\t\t\t\t<a href='https:\/\/www.pollensahotels.com\/wp-content\/uploads\/2014\/11\/restaurant-gr221_02.jpg'><img loading=\"lazy\" decoding=\"async\" width=\"150\" height=\"150\" src=\"https:\/\/www.pollensahotels.com\/wp-content\/uploads\/2014\/11\/restaurant-gr221_02-150x150.jpg\" class=\"attachment-thumbnail size-thumbnail\" alt=\"\" \/><\/a>\n\t\t\t<\/div><\/figure><figure class='gallery-item'>\n\t\t\t<div class='gallery-icon landscape'>\n\t\t\t\t<a href='https:\/\/www.pollensahotels.com\/wp-content\/uploads\/2014\/11\/restaurant-gr221_01.jpg'><img loading=\"lazy\" decoding=\"async\" width=\"150\" height=\"150\" src=\"https:\/\/www.pollensahotels.com\/wp-content\/uploads\/2014\/11\/restaurant-gr221_01-150x150.jpg\" class=\"attachment-thumbnail size-thumbnail\" alt=\"\" \/><\/a>\n\t\t\t<\/div><\/figure><figure class='gallery-item'>\n\t\t\t<div class='gallery-icon landscape'>\n\t\t\t\t<a href='https:\/\/www.pollensahotels.com\/wp-content\/uploads\/2014\/11\/restaurant-gr221_09.jpg'><img loading=\"lazy\" decoding=\"async\" width=\"150\" height=\"150\" src=\"https:\/\/www.pollensahotels.com\/wp-content\/uploads\/2014\/11\/restaurant-gr221_09-150x150.jpg\" class=\"attachment-thumbnail size-thumbnail\" alt=\"\" \/><\/a>\n\t\t\t<\/div><\/figure><figure class='gallery-item'>\n\t\t\t<div class='gallery-icon portrait'>\n\t\t\t\t<a href='https:\/\/www.pollensahotels.com\/wp-content\/uploads\/2014\/11\/restaurant-gr221_08.jpg'><img loading=\"lazy\" decoding=\"async\" width=\"150\" height=\"150\" src=\"https:\/\/www.pollensahotels.com\/wp-content\/uploads\/2014\/11\/restaurant-gr221_08-150x150.jpg\" class=\"attachment-thumbnail size-thumbnail\" alt=\"\" \/><\/a>\n\t\t\t<\/div><\/figure>\n\t\t<\/div>\n\n","protected":false},"excerpt":{"rendered":"<p>Des de fa m\u00e9s de 100 anys l&#8217;hotel \u00e9s visitat per personatges ilustres, b\u00e9 allotjats en ell o de tert\u00falia a la seva renombrada cafeteria: Tito Cittadini, Dion\u00eds Bennassar, Roch Minu\u00e9, Maria del Mar bonet, Jordi Savall&#8230; La cafeteria, amb la seva terrassa al bell mig de la pla\u00e7a, constitueix un referent de qualitat i [&hellip;]<\/p>\n","protected":false},"author":1,"featured_media":0,"parent":0,"menu_order":0,"comment_status":"closed","ping_status":"closed","template":"templates\/pag-gr221.php","meta":{"footnotes":""},"class_list":["post-286","page","type-page","status-publish","hentry"],"_links":{"self":[{"href":"https:\/\/www.pollensahotels.com\/ca\/wp-json\/wp\/v2\/pages\/286\/"}],"collection":[{"href":"https:\/\/www.pollensahotels.com\/ca\/wp-json\/wp\/v2\/pages\/"}],"about":[{"href":"https:\/\/www.pollensahotels.com\/ca\/wp-json\/wp\/v2\/types\/page\/"}],"author":[{"embeddable":true,"href":"https:\/\/www.pollensahotels.com\/ca\/wp-json\/wp\/v2\/users\/1\/"}],"replies":[{"embeddable":true,"href":"https:\/\/www.pollensahotels.com\/ca\/wp-json\/wp\/v2\/comments\/?post=286"}],"version-history":[{"count":0,"href":"https:\/\/www.pollensahotels.com\/ca\/wp-json\/wp\/v2\/pages\/286\/revisions\/"}],"wp:attachment":[{"href":"https:\/\/www.pollensahotels.com\/ca\/wp-json\/wp\/v2\/media\/?parent=286"}],"curies":[{"name":"wp","href":"https:\/\/api.w.org\/{rel}","templated":true}]}}