{"id":288,"date":"2014-11-19T13:18:59","date_gmt":"2014-11-19T12:18:59","guid":{"rendered":"http:\/\/www.pollensahotels.com\/?page_id=288"},"modified":"2023-10-31T08:58:14","modified_gmt":"2023-10-31T07:58:14","slug":"lhostal-hotel-dinterior","status":"publish","type":"page","link":"https:\/\/www.pollensahotels.com\/ca\/lhostal-hotel-dinterior\/","title":{"rendered":"L&#8217;Hostal, turisme d&#8217;interior"},"content":{"rendered":"<p><img loading=\"lazy\" decoding=\"async\" class=\"wp-image-691 size-medium alignright\" src=\"http:\/\/www.pollensahotels.com\/wp-content\/uploads\/2023\/03\/logolhostal-300x77.png\" alt=\"\" width=\"300\" height=\"77\" srcset=\"https:\/\/www.pollensahotels.com\/wp-content\/uploads\/2023\/03\/logolhostal-300x77.png 300w, https:\/\/www.pollensahotels.com\/wp-content\/uploads\/2023\/03\/logolhostal-768x196.png 768w\" sizes=\"auto, (max-width: 300px) 100vw, 300px\" \/>El lloc que actualment ocupa <strong>L&#8217;Hostal<\/strong> era antigament l&#8217;edifici on descansaven les cavalleries quan els mercaders arribaven al poble de Pollen\u00e7a a proveir el mercat. Conservant el sentit d&#8217;acollida que continua tenint, s&#8217;ha mantingut el nom, renovant tant l&#8217;edifici com els equipaments.<\/p>\n<p>En el pis inferior, vora l&#8217;espai\u00f3s sal\u00f3 on es serveixen els esmorzars pels clients, hi trobem un petit pati que li d\u00f3na calidesa i car\u00e0cter.<\/p>\n<p>Situat a unes passes del centre del poble, els hostes de L&#8217;Hostal gaudeixen de la seva atmosfera moderna i informal. La millor opci\u00f3 per qui cerca un lloc comfortable dins un poble hist\u00f2ric i ple d&#8217;atractius.<\/p>\n<div id='gallery-1' class='gallery galleryid-288 gallery-columns-5 gallery-size-thumbnail'><figure class='gallery-item'>\n\t\t\t<div class='gallery-icon portrait'>\n\t\t\t\t<a href='https:\/\/www.pollensahotels.com\/wp-content\/uploads\/2014\/11\/hostal_01.jpg'><img loading=\"lazy\" decoding=\"async\" width=\"150\" height=\"150\" src=\"https:\/\/www.pollensahotels.com\/wp-content\/uploads\/2014\/11\/hostal_01-150x150.jpg\" class=\"attachment-thumbnail size-thumbnail\" alt=\"\" \/><\/a>\n\t\t\t<\/div><\/figure><figure class='gallery-item'>\n\t\t\t<div class='gallery-icon landscape'>\n\t\t\t\t<a href='https:\/\/www.pollensahotels.com\/wp-content\/uploads\/2014\/11\/hostal_11.jpg'><img loading=\"lazy\" decoding=\"async\" width=\"150\" height=\"150\" src=\"https:\/\/www.pollensahotels.com\/wp-content\/uploads\/2014\/11\/hostal_11-150x150.jpg\" class=\"attachment-thumbnail size-thumbnail\" alt=\"\" \/><\/a>\n\t\t\t<\/div><\/figure><figure class='gallery-item'>\n\t\t\t<div class='gallery-icon landscape'>\n\t\t\t\t<a href='https:\/\/www.pollensahotels.com\/wp-content\/uploads\/2014\/11\/hostal_12.jpg'><img loading=\"lazy\" decoding=\"async\" width=\"150\" height=\"150\" src=\"https:\/\/www.pollensahotels.com\/wp-content\/uploads\/2014\/11\/hostal_12-150x150.jpg\" class=\"attachment-thumbnail size-thumbnail\" alt=\"\" \/><\/a>\n\t\t\t<\/div><\/figure><figure class='gallery-item'>\n\t\t\t<div class='gallery-icon landscape'>\n\t\t\t\t<a href='https:\/\/www.pollensahotels.com\/wp-content\/uploads\/2014\/11\/hostal_08.jpg'><img loading=\"lazy\" decoding=\"async\" width=\"150\" height=\"150\" src=\"https:\/\/www.pollensahotels.com\/wp-content\/uploads\/2014\/11\/hostal_08-150x150.jpg\" class=\"attachment-thumbnail size-thumbnail\" alt=\"\" \/><\/a>\n\t\t\t<\/div><\/figure><figure class='gallery-item'>\n\t\t\t<div class='gallery-icon landscape'>\n\t\t\t\t<a href='https:\/\/www.pollensahotels.com\/wp-content\/uploads\/2014\/11\/hostal_02.jpg'><img loading=\"lazy\" decoding=\"async\" width=\"150\" height=\"150\" src=\"https:\/\/www.pollensahotels.com\/wp-content\/uploads\/2014\/11\/hostal_02-150x150.jpg\" class=\"attachment-thumbnail size-thumbnail\" alt=\"\" \/><\/a>\n\t\t\t<\/div><\/figure><figure class='gallery-item'>\n\t\t\t<div class='gallery-icon landscape'>\n\t\t\t\t<a href='https:\/\/www.pollensahotels.com\/wp-content\/uploads\/2014\/11\/hostal_16.jpg'><img loading=\"lazy\" decoding=\"async\" width=\"150\" height=\"150\" src=\"https:\/\/www.pollensahotels.com\/wp-content\/uploads\/2014\/11\/hostal_16-150x150.jpg\" class=\"attachment-thumbnail size-thumbnail\" alt=\"\" \/><\/a>\n\t\t\t<\/div><\/figure><figure class='gallery-item'>\n\t\t\t<div class='gallery-icon landscape'>\n\t\t\t\t<a href='https:\/\/www.pollensahotels.com\/wp-content\/uploads\/2014\/11\/hostal_04.jpg'><img loading=\"lazy\" decoding=\"async\" width=\"150\" height=\"150\" src=\"https:\/\/www.pollensahotels.com\/wp-content\/uploads\/2014\/11\/hostal_04-150x150.jpg\" class=\"attachment-thumbnail size-thumbnail\" alt=\"\" \/><\/a>\n\t\t\t<\/div><\/figure><figure class='gallery-item'>\n\t\t\t<div class='gallery-icon landscape'>\n\t\t\t\t<a href='https:\/\/www.pollensahotels.com\/wp-content\/uploads\/2014\/11\/hostal_15.jpg'><img loading=\"lazy\" decoding=\"async\" width=\"150\" height=\"150\" src=\"https:\/\/www.pollensahotels.com\/wp-content\/uploads\/2014\/11\/hostal_15-150x150.jpg\" class=\"attachment-thumbnail size-thumbnail\" alt=\"\" \/><\/a>\n\t\t\t<\/div><\/figure><figure class='gallery-item'>\n\t\t\t<div class='gallery-icon landscape'>\n\t\t\t\t<a href='https:\/\/www.pollensahotels.com\/wp-content\/uploads\/2014\/11\/hostal_05.jpg'><img loading=\"lazy\" decoding=\"async\" width=\"150\" height=\"150\" src=\"https:\/\/www.pollensahotels.com\/wp-content\/uploads\/2014\/11\/hostal_05-150x150.jpg\" class=\"attachment-thumbnail size-thumbnail\" alt=\"\" \/><\/a>\n\t\t\t<\/div><\/figure><figure class='gallery-item'>\n\t\t\t<div class='gallery-icon landscape'>\n\t\t\t\t<a href='https:\/\/www.pollensahotels.com\/wp-content\/uploads\/2014\/11\/hostal_07.jpg'><img loading=\"lazy\" decoding=\"async\" width=\"150\" height=\"150\" src=\"https:\/\/www.pollensahotels.com\/wp-content\/uploads\/2014\/11\/hostal_07-150x150.jpg\" class=\"attachment-thumbnail size-thumbnail\" alt=\"\" \/><\/a>\n\t\t\t<\/div><\/figure>\n\t\t<\/div>\n\n","protected":false},"excerpt":{"rendered":"<p>El lloc que actualment ocupa L&#8217;Hostal era antigament l&#8217;edifici on descansaven les cavalleries quan els mercaders arribaven al poble de Pollen\u00e7a a proveir el mercat. Conservant el sentit d&#8217;acollida que continua tenint, s&#8217;ha mantingut el nom, renovant tant l&#8217;edifici com els equipaments. En el pis inferior, vora l&#8217;espai\u00f3s sal\u00f3 on es serveixen els esmorzars pels [&hellip;]<\/p>\n","protected":false},"author":1,"featured_media":0,"parent":0,"menu_order":0,"comment_status":"closed","ping_status":"closed","template":"templates\/pag-hostal.php","meta":{"footnotes":""},"class_list":["post-288","page","type-page","status-publish","hentry"],"_links":{"self":[{"href":"https:\/\/www.pollensahotels.com\/ca\/wp-json\/wp\/v2\/pages\/288\/"}],"collection":[{"href":"https:\/\/www.pollensahotels.com\/ca\/wp-json\/wp\/v2\/pages\/"}],"about":[{"href":"https:\/\/www.pollensahotels.com\/ca\/wp-json\/wp\/v2\/types\/page\/"}],"author":[{"embeddable":true,"href":"https:\/\/www.pollensahotels.com\/ca\/wp-json\/wp\/v2\/users\/1\/"}],"replies":[{"embeddable":true,"href":"https:\/\/www.pollensahotels.com\/ca\/wp-json\/wp\/v2\/comments\/?post=288"}],"version-history":[{"count":0,"href":"https:\/\/www.pollensahotels.com\/ca\/wp-json\/wp\/v2\/pages\/288\/revisions\/"}],"wp:attachment":[{"href":"https:\/\/www.pollensahotels.com\/ca\/wp-json\/wp\/v2\/media\/?parent=288"}],"curies":[{"name":"wp","href":"https:\/\/api.w.org\/{rel}","templated":true}]}}