{"id":290,"date":"2014-11-19T13:28:10","date_gmt":"2014-11-19T12:28:10","guid":{"rendered":"http:\/\/www.pollensahotels.com\/?page_id=290"},"modified":"2016-01-21T22:56:00","modified_gmt":"2016-01-21T21:56:00","slug":"hotel-juma-pollenca","status":"publish","type":"page","link":"https:\/\/www.pollensahotels.com\/ca\/hotel-juma-pollenca\/","title":{"rendered":"Hotel Juma, Pollen\u00e7a"},"content":{"rendered":"<p><img loading=\"lazy\" decoding=\"async\" src=\"http:\/\/www.pollensahotels.com\/wp-content\/uploads\/2014\/10\/logo-hotel-juma2.jpg\" alt=\"Hotel Juma, a la Pla\u00e7a Major de Pollen\u00e7a, Mallorca\" width=\"402\" height=\"292\" class=\"alignright size-full wp-image-378\" srcset=\"https:\/\/www.pollensahotels.com\/wp-content\/uploads\/2014\/10\/logo-hotel-juma2.jpg 402w, https:\/\/www.pollensahotels.com\/wp-content\/uploads\/2014\/10\/logo-hotel-juma2-300x217.jpg 300w\" sizes=\"auto, (max-width: 402px) 100vw, 402px\" \/>L&#8217;<strong>Hotel Juma<\/strong>, constru\u00eft l&#8217;any 1907, va iniciar el seu cam\u00ed amb el nom d&#8217;Hotel Cosmopolita. Avui, totalment renovat, els ofereix les m\u00e0ximes comoditats.<\/p>\n<p>El desig de fer de l&#8217;hotel un establiment acollidor, conjugant les necessitats del moment i un ambient molt peculiar, han guiat des de sempre els seus propietaris, oferint als hostatges modernitat i comfort.<\/p>\n<p>Des de fa m\u00e9s de 100 anys l&#8217;hotel \u00e9s visitat per personatges ilustres, b\u00e9 allotjats en ell o de tert\u00falia a la seva renombrada cafeteria: Tito Cittadini, Dion\u00eds Bennassar, Roch Minu\u00e9, Maria del Mar bonet, Jordi Savall&#8230; <a href=\"http:\/\/www.pollensahotels.com\/ca\/restaurant-gr221\/\">La cafeteria<\/a>, amb la seva terrassa al bell mig de la pla\u00e7a, constitueix un referent de qualitat i servei al poble, tant pels vilatants com pels foranis.<\/p>\n<div id='gallery-1' class='gallery galleryid-290 gallery-columns-5 gallery-size-thumbnail'><figure class='gallery-item'>\n\t\t\t<div class='gallery-icon landscape'>\n\t\t\t\t<a href='https:\/\/www.pollensahotels.com\/wp-content\/uploads\/2014\/11\/restaurant-gr221_05.jpg'><img loading=\"lazy\" decoding=\"async\" width=\"150\" height=\"150\" src=\"https:\/\/www.pollensahotels.com\/wp-content\/uploads\/2014\/11\/restaurant-gr221_05-150x150.jpg\" class=\"attachment-thumbnail size-thumbnail\" alt=\"\" \/><\/a>\n\t\t\t<\/div><\/figure><figure class='gallery-item'>\n\t\t\t<div class='gallery-icon landscape'>\n\t\t\t\t<a href='https:\/\/www.pollensahotels.com\/wp-content\/uploads\/2014\/11\/restaurant-gr221_07.jpg'><img loading=\"lazy\" decoding=\"async\" width=\"150\" height=\"150\" src=\"https:\/\/www.pollensahotels.com\/wp-content\/uploads\/2014\/11\/restaurant-gr221_07-150x150.jpg\" class=\"attachment-thumbnail size-thumbnail\" alt=\"\" \/><\/a>\n\t\t\t<\/div><\/figure><figure class='gallery-item'>\n\t\t\t<div class='gallery-icon landscape'>\n\t\t\t\t<a href='https:\/\/www.pollensahotels.com\/wp-content\/uploads\/2014\/11\/hotel-juma_08.jpg'><img loading=\"lazy\" decoding=\"async\" width=\"150\" height=\"150\" src=\"https:\/\/www.pollensahotels.com\/wp-content\/uploads\/2014\/11\/hotel-juma_08-150x150.jpg\" class=\"attachment-thumbnail size-thumbnail\" alt=\"\" \/><\/a>\n\t\t\t<\/div><\/figure><figure class='gallery-item'>\n\t\t\t<div class='gallery-icon landscape'>\n\t\t\t\t<a href='https:\/\/www.pollensahotels.com\/wp-content\/uploads\/2014\/11\/hotel-juma_22.jpg'><img loading=\"lazy\" decoding=\"async\" width=\"150\" height=\"150\" src=\"https:\/\/www.pollensahotels.com\/wp-content\/uploads\/2014\/11\/hotel-juma_22-150x150.jpg\" class=\"attachment-thumbnail size-thumbnail\" alt=\"\" \/><\/a>\n\t\t\t<\/div><\/figure><figure class='gallery-item'>\n\t\t\t<div class='gallery-icon landscape'>\n\t\t\t\t<a href='https:\/\/www.pollensahotels.com\/wp-content\/uploads\/2014\/11\/hotel-juma_13.jpg'><img loading=\"lazy\" decoding=\"async\" width=\"150\" height=\"150\" src=\"https:\/\/www.pollensahotels.com\/wp-content\/uploads\/2014\/11\/hotel-juma_13-150x150.jpg\" class=\"attachment-thumbnail size-thumbnail\" alt=\"\" \/><\/a>\n\t\t\t<\/div><\/figure><figure class='gallery-item'>\n\t\t\t<div class='gallery-icon landscape'>\n\t\t\t\t<a href='https:\/\/www.pollensahotels.com\/wp-content\/uploads\/2014\/11\/hotel-juma_06.jpg'><img loading=\"lazy\" decoding=\"async\" width=\"150\" height=\"150\" src=\"https:\/\/www.pollensahotels.com\/wp-content\/uploads\/2014\/11\/hotel-juma_06-150x150.jpg\" class=\"attachment-thumbnail size-thumbnail\" alt=\"\" \/><\/a>\n\t\t\t<\/div><\/figure><figure class='gallery-item'>\n\t\t\t<div class='gallery-icon landscape'>\n\t\t\t\t<a href='https:\/\/www.pollensahotels.com\/wp-content\/uploads\/2014\/11\/hotel-juma_05.jpg'><img loading=\"lazy\" decoding=\"async\" width=\"150\" height=\"150\" src=\"https:\/\/www.pollensahotels.com\/wp-content\/uploads\/2014\/11\/hotel-juma_05-150x150.jpg\" class=\"attachment-thumbnail size-thumbnail\" alt=\"\" \/><\/a>\n\t\t\t<\/div><\/figure><figure class='gallery-item'>\n\t\t\t<div class='gallery-icon landscape'>\n\t\t\t\t<a href='https:\/\/www.pollensahotels.com\/wp-content\/uploads\/2014\/11\/hotel-juma_19.jpg'><img loading=\"lazy\" decoding=\"async\" width=\"150\" height=\"150\" src=\"https:\/\/www.pollensahotels.com\/wp-content\/uploads\/2014\/11\/hotel-juma_19-150x150.jpg\" class=\"attachment-thumbnail size-thumbnail\" alt=\"\" \/><\/a>\n\t\t\t<\/div><\/figure><figure class='gallery-item'>\n\t\t\t<div class='gallery-icon landscape'>\n\t\t\t\t<a href='https:\/\/www.pollensahotels.com\/wp-content\/uploads\/2014\/11\/hotel-juma_21.jpg'><img loading=\"lazy\" decoding=\"async\" width=\"150\" height=\"150\" src=\"https:\/\/www.pollensahotels.com\/wp-content\/uploads\/2014\/11\/hotel-juma_21-150x150.jpg\" class=\"attachment-thumbnail size-thumbnail\" alt=\"\" \/><\/a>\n\t\t\t<\/div><\/figure><figure class='gallery-item'>\n\t\t\t<div class='gallery-icon landscape'>\n\t\t\t\t<a href='https:\/\/www.pollensahotels.com\/wp-content\/uploads\/2014\/11\/terraza-solarium.jpg'><img loading=\"lazy\" decoding=\"async\" width=\"150\" height=\"150\" src=\"https:\/\/www.pollensahotels.com\/wp-content\/uploads\/2014\/11\/terraza-solarium-150x150.jpg\" class=\"attachment-thumbnail size-thumbnail\" alt=\"\" \/><\/a>\n\t\t\t<\/div><\/figure>\n\t\t<\/div>\n\n","protected":false},"excerpt":{"rendered":"<p>L&#8217;Hotel Juma, constru\u00eft l&#8217;any 1907, va iniciar el seu cam\u00ed amb el nom d&#8217;Hotel Cosmopolita. Avui, totalment renovat, els ofereix les m\u00e0ximes comoditats. El desig de fer de l&#8217;hotel un establiment acollidor, conjugant les necessitats del moment i un ambient molt peculiar, han guiat des de sempre els seus propietaris, oferint als hostatges modernitat i [&hellip;]<\/p>\n","protected":false},"author":1,"featured_media":0,"parent":0,"menu_order":0,"comment_status":"closed","ping_status":"closed","template":"templates\/pag-juma.php","meta":{"footnotes":""},"class_list":["post-290","page","type-page","status-publish","hentry"],"_links":{"self":[{"href":"https:\/\/www.pollensahotels.com\/ca\/wp-json\/wp\/v2\/pages\/290\/"}],"collection":[{"href":"https:\/\/www.pollensahotels.com\/ca\/wp-json\/wp\/v2\/pages\/"}],"about":[{"href":"https:\/\/www.pollensahotels.com\/ca\/wp-json\/wp\/v2\/types\/page\/"}],"author":[{"embeddable":true,"href":"https:\/\/www.pollensahotels.com\/ca\/wp-json\/wp\/v2\/users\/1\/"}],"replies":[{"embeddable":true,"href":"https:\/\/www.pollensahotels.com\/ca\/wp-json\/wp\/v2\/comments\/?post=290"}],"version-history":[{"count":0,"href":"https:\/\/www.pollensahotels.com\/ca\/wp-json\/wp\/v2\/pages\/290\/revisions\/"}],"wp:attachment":[{"href":"https:\/\/www.pollensahotels.com\/ca\/wp-json\/wp\/v2\/media\/?parent=290"}],"curies":[{"name":"wp","href":"https:\/\/api.w.org\/{rel}","templated":true}]}}