{"id":247,"date":"2014-11-15T11:50:34","date_gmt":"2014-11-15T10:50:34","guid":{"rendered":"http:\/\/www.pollensahotels.com\/?page_id=247"},"modified":"2023-04-14T17:05:20","modified_gmt":"2023-04-14T15:05:20","slug":"preise","status":"publish","type":"page","link":"https:\/\/www.pollensahotels.com\/de\/preise\/","title":{"rendered":"Preise"},"content":{"rendered":"<p>Alle verf\u00fcgbaren Angebote f\u00fcr die Tage, die durch das <a href=\"https:\/\/www.thebookingbutton.co.uk\/properties\/jumadirect?locale=de\" target=\"_blank\" rel=\"noopener\">Online-Formular<\/a> oder kontaktieren Sie uns \u00fcber <a href=\"http:\/\/www.pollensahotels.com\/de\/kontakt\/\">das Kontaktformular<\/a> k\u00f6nnen Sie erhebliche Rabatte auf Preise zu bekommen.<\/p>\n<p style=\"text-align: center;\">BENUTZEN SIE DEN F\u00d6RDERUNGSCODE &#8222;DIREKT&#8220; AUF UNSERE DIREKTEN BUCHUNGEN SEITE (<a href=\"https:\/\/www.thebookingbutton.co.uk\/properties\/jumadirect?locale=de\" target=\"_blank\" rel=\"noopener\">Direktbuchungen<\/a>) UND ERHALTEN SIE EINE RABATT AUF EINE RATE !!!<\/p>\n<p>Kinderbetten sind immer (ohne Aufpreis) erh\u00e4ltlich.<\/p>\n<p><strong>Alle Preise sind inklusive Fr\u00fchst\u00fcck und 10% VAT.<\/strong><\/p>\n","protected":false},"excerpt":{"rendered":"<p>Alle verf\u00fcgbaren Angebote f\u00fcr die Tage, die durch das Online-Formular oder kontaktieren Sie uns \u00fcber das Kontaktformular k\u00f6nnen Sie erhebliche Rabatte auf Preise zu bekommen. BENUTZEN SIE DEN F\u00d6RDERUNGSCODE &#8222;DIREKT&#8220; AUF UNSERE DIREKTEN BUCHUNGEN SEITE (Direktbuchungen) UND ERHALTEN SIE EINE RABATT AUF EINE RATE !!! Kinderbetten sind immer (ohne Aufpreis) erh\u00e4ltlich. Alle Preise sind inklusive [&hellip;]<\/p>\n","protected":false},"author":1,"featured_media":0,"parent":0,"menu_order":0,"comment_status":"closed","ping_status":"closed","template":"","meta":{"footnotes":""},"class_list":["post-247","page","type-page","status-publish","hentry"],"_links":{"self":[{"href":"https:\/\/www.pollensahotels.com\/de\/wp-json\/wp\/v2\/pages\/247\/"}],"collection":[{"href":"https:\/\/www.pollensahotels.com\/de\/wp-json\/wp\/v2\/pages\/"}],"about":[{"href":"https:\/\/www.pollensahotels.com\/de\/wp-json\/wp\/v2\/types\/page\/"}],"author":[{"embeddable":true,"href":"https:\/\/www.pollensahotels.com\/de\/wp-json\/wp\/v2\/users\/1\/"}],"replies":[{"embeddable":true,"href":"https:\/\/www.pollensahotels.com\/de\/wp-json\/wp\/v2\/comments\/?post=247"}],"version-history":[{"count":0,"href":"https:\/\/www.pollensahotels.com\/de\/wp-json\/wp\/v2\/pages\/247\/revisions\/"}],"wp:attachment":[{"href":"https:\/\/www.pollensahotels.com\/de\/wp-json\/wp\/v2\/media\/?parent=247"}],"curies":[{"name":"wp","href":"https:\/\/api.w.org\/{rel}","templated":true}]}}