{"id":248,"date":"2014-11-15T12:02:24","date_gmt":"2014-11-15T11:02:24","guid":{"rendered":"http:\/\/www.pollensahotels.com\/?page_id=248"},"modified":"2026-03-16T19:21:33","modified_gmt":"2026-03-16T18:21:33","slug":"zimmer","status":"publish","type":"page","link":"https:\/\/www.pollensahotels.com\/de\/zimmer\/","title":{"rendered":"Zimmer"},"content":{"rendered":"<p>Alle Zimmer sind mit Satellitenfernseher, Klimaanlage, Safe, einem Haartrockner und kostenlosem Internetzugang ausgestattet. Ein Fr\u00fchst\u00fccksbuffet, im Preis inbegriffen, wird im ruhigen.<\/p>\n<p>Unser Personal wird Sie gerne beraten oder informieren \u00fcber die vielen Dienstleistungen und Aktivit\u00e4ten, die Pollensa und Umgebung zu bieten haben: Auto- und Fahrradverleih, Taxidienste, Wanderwege, Abenteuersportm\u00f6glichkeiten oder Information zu den Str\u00e4nden, Buchten, um nur einiges zu nennen.<\/p>\n<h5>Zimmer &#8211; Hotel Juma<\/h5>\n<div id='gallery-1' class='gallery galleryid-248 gallery-columns-6 gallery-size-thumbnail'><figure class='gallery-item'>\n\t\t\t<div class='gallery-icon landscape'>\n\t\t\t\t<a href='https:\/\/www.pollensahotels.com\/wp-content\/uploads\/2014\/11\/hotel-juma_13.jpg'><img loading=\"lazy\" decoding=\"async\" width=\"150\" height=\"150\" src=\"https:\/\/www.pollensahotels.com\/wp-content\/uploads\/2014\/11\/hotel-juma_13-150x150.jpg\" class=\"attachment-thumbnail size-thumbnail\" alt=\"\" \/><\/a>\n\t\t\t<\/div><\/figure><figure class='gallery-item'>\n\t\t\t<div class='gallery-icon landscape'>\n\t\t\t\t<a href='https:\/\/www.pollensahotels.com\/wp-content\/uploads\/2014\/11\/hotel-juma_06.jpg'><img loading=\"lazy\" decoding=\"async\" width=\"150\" height=\"150\" src=\"https:\/\/www.pollensahotels.com\/wp-content\/uploads\/2014\/11\/hotel-juma_06-150x150.jpg\" class=\"attachment-thumbnail size-thumbnail\" alt=\"\" \/><\/a>\n\t\t\t<\/div><\/figure><figure class='gallery-item'>\n\t\t\t<div class='gallery-icon landscape'>\n\t\t\t\t<a href='https:\/\/www.pollensahotels.com\/wp-content\/uploads\/2014\/11\/hotel-juma_14.jpg'><img loading=\"lazy\" decoding=\"async\" width=\"150\" height=\"150\" src=\"https:\/\/www.pollensahotels.com\/wp-content\/uploads\/2014\/11\/hotel-juma_14-150x150.jpg\" class=\"attachment-thumbnail size-thumbnail\" alt=\"\" \/><\/a>\n\t\t\t<\/div><\/figure><figure class='gallery-item'>\n\t\t\t<div class='gallery-icon landscape'>\n\t\t\t\t<a href='https:\/\/www.pollensahotels.com\/wp-content\/uploads\/2014\/11\/hotel-juma_05.jpg'><img loading=\"lazy\" decoding=\"async\" width=\"150\" height=\"150\" src=\"https:\/\/www.pollensahotels.com\/wp-content\/uploads\/2014\/11\/hotel-juma_05-150x150.jpg\" class=\"attachment-thumbnail size-thumbnail\" alt=\"\" \/><\/a>\n\t\t\t<\/div><\/figure><figure class='gallery-item'>\n\t\t\t<div class='gallery-icon landscape'>\n\t\t\t\t<a href='https:\/\/www.pollensahotels.com\/wp-content\/uploads\/2014\/11\/hotel-juma_10.jpg'><img loading=\"lazy\" decoding=\"async\" width=\"150\" height=\"150\" src=\"https:\/\/www.pollensahotels.com\/wp-content\/uploads\/2014\/11\/hotel-juma_10-150x150.jpg\" class=\"attachment-thumbnail size-thumbnail\" alt=\"\" \/><\/a>\n\t\t\t<\/div><\/figure><figure class='gallery-item'>\n\t\t\t<div class='gallery-icon landscape'>\n\t\t\t\t<a href='https:\/\/www.pollensahotels.com\/wp-content\/uploads\/2014\/11\/hotel-juma_04.jpg'><img loading=\"lazy\" decoding=\"async\" width=\"150\" height=\"150\" src=\"https:\/\/www.pollensahotels.com\/wp-content\/uploads\/2014\/11\/hotel-juma_04-150x150.jpg\" class=\"attachment-thumbnail size-thumbnail\" alt=\"\" \/><\/a>\n\t\t\t<\/div><\/figure><figure class='gallery-item'>\n\t\t\t<div class='gallery-icon landscape'>\n\t\t\t\t<a href='https:\/\/www.pollensahotels.com\/wp-content\/uploads\/2014\/11\/hotel-juma_03.jpg'><img loading=\"lazy\" decoding=\"async\" width=\"150\" height=\"150\" src=\"https:\/\/www.pollensahotels.com\/wp-content\/uploads\/2014\/11\/hotel-juma_03-150x150.jpg\" class=\"attachment-thumbnail size-thumbnail\" alt=\"\" \/><\/a>\n\t\t\t<\/div><\/figure><figure class='gallery-item'>\n\t\t\t<div class='gallery-icon landscape'>\n\t\t\t\t<a href='https:\/\/www.pollensahotels.com\/wp-content\/uploads\/2014\/11\/hotel-juma_02.jpg'><img loading=\"lazy\" decoding=\"async\" width=\"150\" height=\"150\" src=\"https:\/\/www.pollensahotels.com\/wp-content\/uploads\/2014\/11\/hotel-juma_02-150x150.jpg\" class=\"attachment-thumbnail size-thumbnail\" alt=\"\" \/><\/a>\n\t\t\t<\/div><\/figure><figure class='gallery-item'>\n\t\t\t<div class='gallery-icon landscape'>\n\t\t\t\t<a href='https:\/\/www.pollensahotels.com\/wp-content\/uploads\/2014\/11\/hotel-juma_11.jpg'><img loading=\"lazy\" decoding=\"async\" width=\"150\" height=\"150\" src=\"https:\/\/www.pollensahotels.com\/wp-content\/uploads\/2014\/11\/hotel-juma_11-150x150.jpg\" class=\"attachment-thumbnail size-thumbnail\" alt=\"\" \/><\/a>\n\t\t\t<\/div><\/figure><figure class='gallery-item'>\n\t\t\t<div class='gallery-icon landscape'>\n\t\t\t\t<a href='https:\/\/www.pollensahotels.com\/wp-content\/uploads\/2014\/11\/hotel-juma_12.jpg'><img loading=\"lazy\" decoding=\"async\" width=\"150\" height=\"150\" src=\"https:\/\/www.pollensahotels.com\/wp-content\/uploads\/2014\/11\/hotel-juma_12-150x150.jpg\" class=\"attachment-thumbnail size-thumbnail\" alt=\"\" \/><\/a>\n\t\t\t<\/div><\/figure>\n\t\t<\/div>\n\n<h5>Zimmer &#8211; L&#8217;Hostal<\/h5>\n<div id='gallery-2' class='gallery galleryid-248 gallery-columns-6 gallery-size-thumbnail'><figure class='gallery-item'>\n\t\t\t<div class='gallery-icon landscape'>\n\t\t\t\t<a href='https:\/\/www.pollensahotels.com\/wp-content\/uploads\/2014\/11\/hostal_18.jpg'><img loading=\"lazy\" decoding=\"async\" width=\"150\" height=\"150\" src=\"https:\/\/www.pollensahotels.com\/wp-content\/uploads\/2014\/11\/hostal_18-150x150.jpg\" class=\"attachment-thumbnail size-thumbnail\" alt=\"\" \/><\/a>\n\t\t\t<\/div><\/figure><figure class='gallery-item'>\n\t\t\t<div class='gallery-icon landscape'>\n\t\t\t\t<a href='https:\/\/www.pollensahotels.com\/wp-content\/uploads\/2014\/11\/hostal_07.jpg'><img loading=\"lazy\" decoding=\"async\" width=\"150\" height=\"150\" src=\"https:\/\/www.pollensahotels.com\/wp-content\/uploads\/2014\/11\/hostal_07-150x150.jpg\" class=\"attachment-thumbnail size-thumbnail\" alt=\"\" \/><\/a>\n\t\t\t<\/div><\/figure><figure class='gallery-item'>\n\t\t\t<div class='gallery-icon landscape'>\n\t\t\t\t<a href='https:\/\/www.pollensahotels.com\/wp-content\/uploads\/2014\/11\/hostal_16.jpg'><img loading=\"lazy\" decoding=\"async\" width=\"150\" height=\"150\" src=\"https:\/\/www.pollensahotels.com\/wp-content\/uploads\/2014\/11\/hostal_16-150x150.jpg\" class=\"attachment-thumbnail size-thumbnail\" alt=\"\" \/><\/a>\n\t\t\t<\/div><\/figure><figure class='gallery-item'>\n\t\t\t<div class='gallery-icon landscape'>\n\t\t\t\t<a href='https:\/\/www.pollensahotels.com\/wp-content\/uploads\/2014\/11\/hostal_15.jpg'><img loading=\"lazy\" decoding=\"async\" width=\"150\" height=\"150\" src=\"https:\/\/www.pollensahotels.com\/wp-content\/uploads\/2014\/11\/hostal_15-150x150.jpg\" class=\"attachment-thumbnail size-thumbnail\" alt=\"\" \/><\/a>\n\t\t\t<\/div><\/figure><figure class='gallery-item'>\n\t\t\t<div class='gallery-icon landscape'>\n\t\t\t\t<a href='https:\/\/www.pollensahotels.com\/wp-content\/uploads\/2014\/11\/hostal_05.jpg'><img loading=\"lazy\" decoding=\"async\" width=\"150\" height=\"150\" src=\"https:\/\/www.pollensahotels.com\/wp-content\/uploads\/2014\/11\/hostal_05-150x150.jpg\" class=\"attachment-thumbnail size-thumbnail\" alt=\"\" \/><\/a>\n\t\t\t<\/div><\/figure><figure class='gallery-item'>\n\t\t\t<div class='gallery-icon landscape'>\n\t\t\t\t<a href='https:\/\/www.pollensahotels.com\/wp-content\/uploads\/2014\/11\/hostal_04.jpg'><img loading=\"lazy\" decoding=\"async\" width=\"150\" height=\"150\" src=\"https:\/\/www.pollensahotels.com\/wp-content\/uploads\/2014\/11\/hostal_04-150x150.jpg\" class=\"attachment-thumbnail size-thumbnail\" alt=\"\" \/><\/a>\n\t\t\t<\/div><\/figure><figure class='gallery-item'>\n\t\t\t<div class='gallery-icon landscape'>\n\t\t\t\t<a href='https:\/\/www.pollensahotels.com\/wp-content\/uploads\/2014\/11\/hostal_02.jpg'><img loading=\"lazy\" decoding=\"async\" width=\"150\" height=\"150\" src=\"https:\/\/www.pollensahotels.com\/wp-content\/uploads\/2014\/11\/hostal_02-150x150.jpg\" class=\"attachment-thumbnail size-thumbnail\" alt=\"\" \/><\/a>\n\t\t\t<\/div><\/figure><figure class='gallery-item'>\n\t\t\t<div class='gallery-icon landscape'>\n\t\t\t\t<a href='https:\/\/www.pollensahotels.com\/wp-content\/uploads\/2014\/11\/hostal_17.jpg'><img loading=\"lazy\" decoding=\"async\" width=\"150\" height=\"150\" src=\"https:\/\/www.pollensahotels.com\/wp-content\/uploads\/2014\/11\/hostal_17-150x150.jpg\" class=\"attachment-thumbnail size-thumbnail\" alt=\"\" \/><\/a>\n\t\t\t<\/div><\/figure><figure class='gallery-item'>\n\t\t\t<div class='gallery-icon landscape'>\n\t\t\t\t<a href='https:\/\/www.pollensahotels.com\/wp-content\/uploads\/2014\/11\/hostal_14.jpg'><img loading=\"lazy\" decoding=\"async\" width=\"150\" height=\"150\" src=\"https:\/\/www.pollensahotels.com\/wp-content\/uploads\/2014\/11\/hostal_14-150x150.jpg\" class=\"attachment-thumbnail size-thumbnail\" alt=\"\" \/><\/a>\n\t\t\t<\/div><\/figure><figure class='gallery-item'>\n\t\t\t<div class='gallery-icon landscape'>\n\t\t\t\t<a href='https:\/\/www.pollensahotels.com\/wp-content\/uploads\/2014\/11\/hostal_06.jpg'><img loading=\"lazy\" decoding=\"async\" width=\"150\" height=\"150\" src=\"https:\/\/www.pollensahotels.com\/wp-content\/uploads\/2014\/11\/hostal_06-150x150.jpg\" class=\"attachment-thumbnail size-thumbnail\" alt=\"\" \/><\/a>\n\t\t\t<\/div><\/figure><figure class='gallery-item'>\n\t\t\t<div class='gallery-icon landscape'>\n\t\t\t\t<a href='https:\/\/www.pollensahotels.com\/wp-content\/uploads\/2014\/11\/hostal_03.jpg'><img loading=\"lazy\" decoding=\"async\" width=\"150\" height=\"150\" src=\"https:\/\/www.pollensahotels.com\/wp-content\/uploads\/2014\/11\/hostal_03-150x150.jpg\" class=\"attachment-thumbnail size-thumbnail\" alt=\"\" \/><\/a>\n\t\t\t<\/div><\/figure>\n\t\t<\/div>\n\n","protected":false},"excerpt":{"rendered":"<p>Alle Zimmer sind mit Satellitenfernseher, Klimaanlage, Safe, einem Haartrockner und kostenlosem Internetzugang ausgestattet. Ein Fr\u00fchst\u00fccksbuffet, im Preis inbegriffen, wird im ruhigen. Unser Personal wird Sie gerne beraten oder informieren \u00fcber die vielen Dienstleistungen und Aktivit\u00e4ten, die Pollensa und Umgebung zu bieten haben: Auto- und Fahrradverleih, Taxidienste, Wanderwege, Abenteuersportm\u00f6glichkeiten oder Information zu den Str\u00e4nden, Buchten, um [&hellip;]<\/p>\n","protected":false},"author":1,"featured_media":0,"parent":0,"menu_order":0,"comment_status":"closed","ping_status":"closed","template":"templates\/lateral.php","meta":{"footnotes":""},"class_list":["post-248","page","type-page","status-publish","hentry"],"_links":{"self":[{"href":"https:\/\/www.pollensahotels.com\/de\/wp-json\/wp\/v2\/pages\/248\/"}],"collection":[{"href":"https:\/\/www.pollensahotels.com\/de\/wp-json\/wp\/v2\/pages\/"}],"about":[{"href":"https:\/\/www.pollensahotels.com\/de\/wp-json\/wp\/v2\/types\/page\/"}],"author":[{"embeddable":true,"href":"https:\/\/www.pollensahotels.com\/de\/wp-json\/wp\/v2\/users\/1\/"}],"replies":[{"embeddable":true,"href":"https:\/\/www.pollensahotels.com\/de\/wp-json\/wp\/v2\/comments\/?post=248"}],"version-history":[{"count":0,"href":"https:\/\/www.pollensahotels.com\/de\/wp-json\/wp\/v2\/pages\/248\/revisions\/"}],"wp:attachment":[{"href":"https:\/\/www.pollensahotels.com\/de\/wp-json\/wp\/v2\/media\/?parent=248"}],"curies":[{"name":"wp","href":"https:\/\/api.w.org\/{rel}","templated":true}]}}