{"id":250,"date":"2014-11-15T12:12:01","date_gmt":"2014-11-15T11:12:01","guid":{"rendered":"http:\/\/www.pollensahotels.com\/?page_id=250"},"modified":"2023-10-30T07:32:15","modified_gmt":"2023-10-30T06:32:15","slug":"anfahrt","status":"publish","type":"page","link":"https:\/\/www.pollensahotels.com\/de\/anfahrt\/","title":{"rendered":"Anfahrt"},"content":{"rendered":"<p>Von hier aus k\u00f6nnen Sie die genaue Lage von Hotel Juma und L&#8217;Hostal in Pollensa lokalisieren. Wenn Sie m\u00f6chten, k\u00f6nnen Sie den Anzeigemodus der Karte ver\u00e4ndern &#8222;Satellite&#8220;, um den Bereich im Detail zu sehen und vergr\u00f6\u00dfern oder aus der Startansicht. Benutzen Sie die Maus, um die Karte ziehen und sehen die Umgebung (Pla\u00e7a Major, El Calvario, Kreuzgang von Santo Domingo, La Parroquia&#8230;)<\/p>\n<p><iframe loading=\"lazy\" style=\"border: 0;\" src=\"https:\/\/www.google.com\/maps\/embed?pb=!1m18!1m12!1m3!1d3061.8706334987332!2d3.0145401154612377!3d39.877135579431474!2m3!1f0!2f0!3f0!3m2!1i1024!2i768!4f13.1!3m3!1m2!1s0x1297d6a091676cc3%3A0xe5cbf57482414e6c!2sHotel+Juma!5e0!3m2!1ses!2ses!4v1547638894134\" width=\"1000\" height=\"500\" frameborder=\"0\" allowfullscreen=\"allowfullscreen\"><\/iframe><\/p>\n","protected":false},"excerpt":{"rendered":"<p>Von hier aus k\u00f6nnen Sie die genaue Lage von Hotel Juma und L&#8217;Hostal in Pollensa lokalisieren. Wenn Sie m\u00f6chten, k\u00f6nnen Sie den Anzeigemodus der Karte ver\u00e4ndern &#8222;Satellite&#8220;, um den Bereich im Detail zu sehen und vergr\u00f6\u00dfern oder aus der Startansicht. Benutzen Sie die Maus, um die Karte ziehen und sehen die Umgebung (Pla\u00e7a Major, El [&hellip;]<\/p>\n","protected":false},"author":1,"featured_media":0,"parent":0,"menu_order":0,"comment_status":"closed","ping_status":"closed","template":"templates\/map.php","meta":{"footnotes":""},"class_list":["post-250","page","type-page","status-publish","hentry"],"_links":{"self":[{"href":"https:\/\/www.pollensahotels.com\/de\/wp-json\/wp\/v2\/pages\/250\/"}],"collection":[{"href":"https:\/\/www.pollensahotels.com\/de\/wp-json\/wp\/v2\/pages\/"}],"about":[{"href":"https:\/\/www.pollensahotels.com\/de\/wp-json\/wp\/v2\/types\/page\/"}],"author":[{"embeddable":true,"href":"https:\/\/www.pollensahotels.com\/de\/wp-json\/wp\/v2\/users\/1\/"}],"replies":[{"embeddable":true,"href":"https:\/\/www.pollensahotels.com\/de\/wp-json\/wp\/v2\/comments\/?post=250"}],"version-history":[{"count":0,"href":"https:\/\/www.pollensahotels.com\/de\/wp-json\/wp\/v2\/pages\/250\/revisions\/"}],"wp:attachment":[{"href":"https:\/\/www.pollensahotels.com\/de\/wp-json\/wp\/v2\/media\/?parent=250"}],"curies":[{"name":"wp","href":"https:\/\/api.w.org\/{rel}","templated":true}]}}