{"id":251,"date":"2014-11-15T12:15:35","date_gmt":"2014-11-15T11:15:35","guid":{"rendered":"http:\/\/www.pollensahotels.com\/?page_id=251"},"modified":"2019-02-12T09:15:21","modified_gmt":"2019-02-12T08:15:21","slug":"kontakt","status":"publish","type":"page","link":"https:\/\/www.pollensahotels.com\/de\/kontakt\/","title":{"rendered":"Kontakt"},"content":{"rendered":"<p>Bitte verwenden Sie dieses Formular um Kontakt mit dem Hotel aufzunehmen oder um Verf\u00fcgbarkeit zu \u00fcberpr\u00fcfen. Sie k\u00f6nnen auch das Formular am linken Fensterrand verwenden um Verf\u00fcgbarkeit zu \u00fcberpr\u00fcfen.<\/p>\n\n                <div class='gf_browser_gecko gform_wrapper' id='gform_wrapper_5' style='display:none'><form method='post' enctype='multipart\/form-data'  id='gform_5'  action='\/de\/wp-json\/wp\/v2\/pages\/251\/'>\n                        <div class='gform_body'><ul id='gform_fields_5' class='gform_fields top_label form_sublabel_below description_below'><li id='field_5_8'  class='gfield gfield_contains_required field_sublabel_below field_description_below gfield_visibility_visible' ><label class='gfield_label gfield_label_before_complex'  >Name und Nachname<span class='gfield_required'>*<\/span><\/label><div class='ginput_container ginput_container_name'>\n                                    <input name='input_8' id='input_5_8' type='text' value='' class='medium'   aria-required=\"true\" aria-invalid=\"false\" \/>\n                                <\/div><\/li><li id='field_5_2'  class='gfield gfield_contains_required field_sublabel_below field_description_below gfield_visibility_visible' ><label class='gfield_label' for='input_5_2' >Email-Adresse<span class='gfield_required'>*<\/span><\/label><div class='ginput_container ginput_container_email'>\n                            <input name='input_2' id='input_5_2' type='text' value='' class='medium'    aria-required=\"true\" aria-invalid=\"false\"\/>\n                        <\/div><\/li><li id='field_5_3'  class='gfield field_sublabel_below field_description_below gfield_visibility_visible' ><label class='gfield_label' for='input_5_3' >Telefon<\/label><div class='ginput_container ginput_container_text'><input name='input_3' id='input_5_3' type='text' value='' class='medium'      aria-invalid=\"false\" \/><\/div><\/li><li id='field_5_4'  class='gfield gfield_contains_required field_sublabel_below field_description_below gfield_visibility_visible' ><label class='gfield_label' for='input_5_4' >Grund der Anfrage<span class='gfield_required'>*<\/span><\/label><div class='ginput_container ginput_container_select'><select name='input_4' id='input_5_4' class='medium gfield_select'   aria-required=\"true\" aria-invalid=\"false\"><option value='' ><\/option><option value='Buchungsanfrage' >Buchungsanfrage<\/option><option value='Anregung' >Anregung<\/option><option value='Frage' >Frage<\/option><option value='Opinion' >Opinion<\/option><option value='Other reasons' >Other reasons<\/option><\/select><\/div><\/li><li id='field_5_5'  class='gfield field_sublabel_below field_description_below gfield_visibility_visible' ><label class='gfield_label' for='input_5_5' >Anreisedatum<\/label><div class='ginput_container ginput_container_date'>\n                            <input name='input_5' id='input_5_5' type='text' value='' class='datepicker medium dmy datepicker_with_icon'   \/>\n                        <\/div>\n                        <input type='hidden' id='gforms_calendar_icon_input_5_5' class='gform_hidden' value='https:\/\/www.pollensahotels.com\/wp-content\/plugins\/gravityforms\/images\/calendar.png'\/><\/li><li id='field_5_6'  class='gfield field_sublabel_below field_description_below gfield_visibility_visible' ><label class='gfield_label' for='input_5_6' >Abreisedatum<\/label><div class='ginput_container ginput_container_date'>\n                            <input name='input_6' id='input_5_6' type='text' value='' class='datepicker medium dmy datepicker_with_icon'   \/>\n                        <\/div>\n                        <input type='hidden' id='gforms_calendar_icon_input_5_6' class='gform_hidden' value='https:\/\/www.pollensahotels.com\/wp-content\/plugins\/gravityforms\/images\/calendar.png'\/><\/li><li id='field_5_7'  class='gfield field_sublabel_below field_description_below gfield_visibility_visible' ><label class='gfield_label' for='input_5_7' >Kommentare<\/label><div class='ginput_container ginput_container_textarea'><textarea name='input_7' id='input_5_7' class='textarea medium'      aria-invalid=\"false\"   rows='10' cols='50'><\/textarea><\/div><\/li><li id='field_5_9'  class='gfield gfield_contains_required field_sublabel_below field_description_below gfield_visibility_visible' ><label class='gfield_label'  >Consentimiento<span class='gfield_required'>*<\/span><\/label><div class='ginput_container ginput_container_consent'><input name='input_9.1' id='input_5_9_1' type='checkbox' value='1'   aria-required=\"true\" aria-invalid=\"false\"   \/> <label class=\"gfield_consent_label\" for='input_5_9_1' >Doy mi consentimiento para que se almacenen los datos personales recogidos a trav\u00e9s de este formulario y acepto la <a href=\"http:\/\/www.pollensahotels.com\/es\/aviso-legal\/\">pol\u00edtica de privacidad<\/a> del sitio web.<\/label><input type='hidden' name='input_9.2' value='Doy mi consentimiento para que se almacenen los datos personales recogidos a trav\u00e9s de este formulario y acepto la &lt;a href=&quot;http:\/\/www.pollensahotels.com\/es\/aviso-legal\/&quot;&gt;pol\u00edtica de privacidad&lt;\/a&gt; del sitio web.' class='gform_hidden' \/><input type='hidden' name='input_9.3' value='3' class='gform_hidden' \/><\/div><\/li><li id='field_5_10'  class='gfield gform_validation_container field_sublabel_below field_description_below gfield_visibility_visible' ><label class='gfield_label' for='input_5_10' >Phone<\/label><div class='ginput_container'><input name='input_10' id='input_5_10' type='text' value='' \/><\/div><div class='gfield_description' id='gfield_description__10'>Dieses Feld dient zur Validierung und sollte nicht ver\u00e4ndert werden.<\/div><\/li>\n                            <\/ul><\/div>\n        <div class='gform_footer top_label'> <input type='submit' id='gform_submit_button_5' class='gform_button button' value='Datenblatt senden'  onclick='if(window[\"gf_submitting_5\"]){return false;}  window[\"gf_submitting_5\"]=true;  ' onkeypress='if( event.keyCode == 13 ){ if(window[\"gf_submitting_5\"]){return false;} window[\"gf_submitting_5\"]=true;  jQuery(\"#gform_5\").trigger(\"submit\",[true]); }' \/> \n            <input type='hidden' class='gform_hidden' name='is_submit_5' value='1' \/>\n            <input type='hidden' class='gform_hidden' name='gform_submit' value='5' \/>\n            \n            <input type='hidden' class='gform_hidden' name='gform_unique_id' value='' \/>\n            <input type='hidden' class='gform_hidden' name='state_5' value='WyJ7XCI5LjFcIjpcIjNjZjg2NzllODkxOTRkMzMxNDAzZmNmNmE1YzE5ODVmXCIsXCI5LjJcIjpcIjdlYmJiNDY1MWYzZWU1N2YyYTI0ZDkyOGQ5NmQ5ODg4XCIsXCI5LjNcIjpcIjI2YWZlMjVjMDJhMTBlNGIwMDk0ODMzZWE3ZDk3YTNiXCJ9IiwiNTA4ZjQ0NGU5NzllYTczYzVhNGZkNmNkZjcwZWRkOTAiXQ==' \/>\n            <input type='hidden' class='gform_hidden' name='gform_target_page_number_5' id='gform_target_page_number_5' value='0' \/>\n            <input type='hidden' class='gform_hidden' name='gform_source_page_number_5' id='gform_source_page_number_5' value='1' \/>\n            <input type='hidden' name='gform_field_values' value='' \/>\n            \n        <\/div>\n                        <\/form>\n                        <\/div><script type='text\/javascript'> if(typeof gf_global == 'undefined') var gf_global = {\"gf_currency_config\":{\"name\":\"Euro\",\"symbol_left\":\"\",\"symbol_right\":\"&#8364;\",\"symbol_padding\":\" \",\"thousand_separator\":\".\",\"decimal_separator\":\",\",\"decimals\":2},\"base_url\":\"https:\\\/\\\/www.pollensahotels.com\\\/wp-content\\\/plugins\\\/gravityforms\",\"number_formats\":[],\"spinnerUrl\":\"https:\\\/\\\/www.pollensahotels.com\\\/wp-content\\\/plugins\\\/gravityforms\\\/images\\\/spinner.gif\"};jQuery(document).bind('gform_post_render', function(event, formId, currentPage){if(formId == 5) {gf_global[\"number_formats\"][5] = {\"8\":{\"price\":false,\"value\":false},\"2\":{\"price\":false,\"value\":false},\"3\":{\"price\":false,\"value\":false},\"4\":{\"price\":false,\"value\":false},\"5\":{\"price\":false,\"value\":false},\"6\":{\"price\":false,\"value\":false},\"7\":{\"price\":false,\"value\":false},\"9\":{\"price\":false,\"value\":false},\"10\":{\"price\":false,\"value\":false}};if(window['jQuery']){if(!window['gf_form_conditional_logic'])window['gf_form_conditional_logic'] = new Array();window['gf_form_conditional_logic'][5] = { logic: { 5: {\"field\":{\"actionType\":\"show\",\"logicType\":\"all\",\"rules\":[{\"fieldId\":\"4\",\"operator\":\"is\",\"value\":\"Buchungsanfrage\"}]},\"nextButton\":null,\"section\":null},6: {\"field\":{\"actionType\":\"show\",\"logicType\":\"all\",\"rules\":[{\"fieldId\":\"4\",\"operator\":\"is\",\"value\":\"Buchungsanfrage\"}]},\"nextButton\":null,\"section\":null} }, dependents: { 5: [\"5\"],6: [\"6\"] }, animation: 1, defaults: {\"4\":\"\"}, fields: {\"8\":[],\"2\":[],\"3\":[],\"4\":[5,6],\"5\":[],\"6\":[],\"7\":[],\"9\":[],\"10\":[]} }; if(!window['gf_number_format'])window['gf_number_format'] = 'decimal_comma';jQuery(document).ready(function(){gf_apply_rules(5, [\"5\",\"6\"], true);jQuery('#gform_wrapper_5').show();jQuery(document).trigger('gform_post_conditional_logic', [5, null, true]);} );} } } );jQuery(document).bind('gform_post_conditional_logic', function(event, formId, fields, isInit){} );<\/script><script type='text\/javascript'> jQuery(document).ready(function(){jQuery(document).trigger('gform_post_render', [5, 1]) } ); <\/script>\n","protected":false},"excerpt":{"rendered":"<p>Bitte verwenden Sie dieses Formular um Kontakt mit dem Hotel aufzunehmen oder um Verf\u00fcgbarkeit zu \u00fcberpr\u00fcfen. Sie k\u00f6nnen auch das Formular am linken Fensterrand verwenden um Verf\u00fcgbarkeit zu \u00fcberpr\u00fcfen.<\/p>\n","protected":false},"author":1,"featured_media":0,"parent":0,"menu_order":0,"comment_status":"closed","ping_status":"closed","template":"templates\/contact.php","meta":{"footnotes":""},"class_list":["post-251","page","type-page","status-publish","hentry"],"_links":{"self":[{"href":"https:\/\/www.pollensahotels.com\/de\/wp-json\/wp\/v2\/pages\/251\/"}],"collection":[{"href":"https:\/\/www.pollensahotels.com\/de\/wp-json\/wp\/v2\/pages\/"}],"about":[{"href":"https:\/\/www.pollensahotels.com\/de\/wp-json\/wp\/v2\/types\/page\/"}],"author":[{"embeddable":true,"href":"https:\/\/www.pollensahotels.com\/de\/wp-json\/wp\/v2\/users\/1\/"}],"replies":[{"embeddable":true,"href":"https:\/\/www.pollensahotels.com\/de\/wp-json\/wp\/v2\/comments\/?post=251"}],"version-history":[{"count":0,"href":"https:\/\/www.pollensahotels.com\/de\/wp-json\/wp\/v2\/pages\/251\/revisions\/"}],"wp:attachment":[{"href":"https:\/\/www.pollensahotels.com\/de\/wp-json\/wp\/v2\/media\/?parent=251"}],"curies":[{"name":"wp","href":"https:\/\/api.w.org\/{rel}","templated":true}]}}