{"id":253,"date":"2014-11-15T12:26:35","date_gmt":"2014-11-15T11:26:35","guid":{"rendered":"http:\/\/www.pollensahotels.com\/?page_id=253"},"modified":"2023-10-31T08:59:01","modified_gmt":"2023-10-31T07:59:01","slug":"lhostal-interior-hotel-mallorca","status":"publish","type":"page","link":"https:\/\/www.pollensahotels.com\/de\/lhostal-interior-hotel-mallorca\/","title":{"rendered":"L&#8217;Hostal, Turisme d&#8217;Interior"},"content":{"rendered":"<p><img loading=\"lazy\" decoding=\"async\" class=\"wp-image-690 size-medium alignright\" src=\"http:\/\/www.pollensahotels.com\/wp-content\/uploads\/2023\/03\/logolhostal-300x77.png\" alt=\"\" width=\"300\" height=\"77\" srcset=\"https:\/\/www.pollensahotels.com\/wp-content\/uploads\/2023\/03\/logolhostal-300x77.png 300w, https:\/\/www.pollensahotels.com\/wp-content\/uploads\/2023\/03\/logolhostal-768x196.png 768w\" sizes=\"auto, (max-width: 300px) 100vw, 300px\" \/><strong>L\u2019Hostal<\/strong> befindet sich in einem Geb\u00e4ude, wo fr\u00fcher Pferde ausgeruht haben, w\u00e4hrend ihre Besitzer, Kaufleute, den Marktplatz mit ihren Waren belieferten.<\/p>\n<p>Obwohl das Geb\u00e4ude und alle Einrichtungen renoviert wurden, behielt das Gasthause den urspr\u00fcnglichen Namen des Geb\u00e4udes bei und auch die Idee, dass das Haus ein Platz zum Wohlf\u00fchlen sein soll.<\/p>\n<p>G\u00e4ste k\u00f6nnen die moderne und informelle Atmosph\u00e4re des l\u2019Hostal, das nur ein paar Meter von der Stadtmitte entfernt ist, genie\u00dfen. Unser Gasthause ist ohne Zweifel die beste Wahl f\u00fcr jeden, der sich Komfort in dieser sch\u00f6nen, historischen Stadt w\u00fcnscht.<\/p>\n<p>L&#8217;Hostal bietet sechs voll ausgestattete Zimmer mit Bad, Klimaanlage, Internet, Satelliten-Fernseher, Haartrockner und Safe. Im Erdgeschoss, neben dem ger\u00e4umigen Fr\u00fchst\u00fccksraum, wo Fr\u00fchst\u00fcck f\u00fcr G\u00e4ste unserer zwei Hotels serviert wird, befindet sich ein kleiner Innenhof, der dem Geb\u00e4ude eine warme und famili\u00e4re Atmosph\u00e4re verleiht.<\/p>\n<div id='gallery-1' class='gallery galleryid-253 gallery-columns-5 gallery-size-thumbnail'><figure class='gallery-item'>\n\t\t\t<div class='gallery-icon portrait'>\n\t\t\t\t<a href='https:\/\/www.pollensahotels.com\/wp-content\/uploads\/2014\/11\/hostal_01.jpg'><img loading=\"lazy\" decoding=\"async\" width=\"150\" height=\"150\" src=\"https:\/\/www.pollensahotels.com\/wp-content\/uploads\/2014\/11\/hostal_01-150x150.jpg\" class=\"attachment-thumbnail size-thumbnail\" alt=\"\" \/><\/a>\n\t\t\t<\/div><\/figure><figure class='gallery-item'>\n\t\t\t<div class='gallery-icon landscape'>\n\t\t\t\t<a href='https:\/\/www.pollensahotels.com\/wp-content\/uploads\/2014\/11\/hostal_11.jpg'><img loading=\"lazy\" decoding=\"async\" width=\"150\" height=\"150\" src=\"https:\/\/www.pollensahotels.com\/wp-content\/uploads\/2014\/11\/hostal_11-150x150.jpg\" class=\"attachment-thumbnail size-thumbnail\" alt=\"\" \/><\/a>\n\t\t\t<\/div><\/figure><figure class='gallery-item'>\n\t\t\t<div class='gallery-icon landscape'>\n\t\t\t\t<a href='https:\/\/www.pollensahotels.com\/wp-content\/uploads\/2014\/11\/hostal_12.jpg'><img loading=\"lazy\" decoding=\"async\" width=\"150\" height=\"150\" src=\"https:\/\/www.pollensahotels.com\/wp-content\/uploads\/2014\/11\/hostal_12-150x150.jpg\" class=\"attachment-thumbnail size-thumbnail\" alt=\"\" \/><\/a>\n\t\t\t<\/div><\/figure><figure class='gallery-item'>\n\t\t\t<div class='gallery-icon landscape'>\n\t\t\t\t<a href='https:\/\/www.pollensahotels.com\/wp-content\/uploads\/2014\/11\/hostal_08.jpg'><img loading=\"lazy\" decoding=\"async\" width=\"150\" height=\"150\" src=\"https:\/\/www.pollensahotels.com\/wp-content\/uploads\/2014\/11\/hostal_08-150x150.jpg\" class=\"attachment-thumbnail size-thumbnail\" alt=\"\" \/><\/a>\n\t\t\t<\/div><\/figure><figure class='gallery-item'>\n\t\t\t<div class='gallery-icon landscape'>\n\t\t\t\t<a href='https:\/\/www.pollensahotels.com\/wp-content\/uploads\/2014\/11\/hostal_02.jpg'><img loading=\"lazy\" decoding=\"async\" width=\"150\" height=\"150\" src=\"https:\/\/www.pollensahotels.com\/wp-content\/uploads\/2014\/11\/hostal_02-150x150.jpg\" class=\"attachment-thumbnail size-thumbnail\" alt=\"\" \/><\/a>\n\t\t\t<\/div><\/figure><figure class='gallery-item'>\n\t\t\t<div class='gallery-icon landscape'>\n\t\t\t\t<a href='https:\/\/www.pollensahotels.com\/wp-content\/uploads\/2014\/11\/hostal_16.jpg'><img loading=\"lazy\" decoding=\"async\" width=\"150\" height=\"150\" src=\"https:\/\/www.pollensahotels.com\/wp-content\/uploads\/2014\/11\/hostal_16-150x150.jpg\" class=\"attachment-thumbnail size-thumbnail\" alt=\"\" \/><\/a>\n\t\t\t<\/div><\/figure><figure class='gallery-item'>\n\t\t\t<div class='gallery-icon landscape'>\n\t\t\t\t<a href='https:\/\/www.pollensahotels.com\/wp-content\/uploads\/2014\/11\/hostal_04.jpg'><img loading=\"lazy\" decoding=\"async\" width=\"150\" height=\"150\" src=\"https:\/\/www.pollensahotels.com\/wp-content\/uploads\/2014\/11\/hostal_04-150x150.jpg\" class=\"attachment-thumbnail size-thumbnail\" alt=\"\" \/><\/a>\n\t\t\t<\/div><\/figure><figure class='gallery-item'>\n\t\t\t<div class='gallery-icon landscape'>\n\t\t\t\t<a href='https:\/\/www.pollensahotels.com\/wp-content\/uploads\/2014\/11\/hostal_15.jpg'><img loading=\"lazy\" decoding=\"async\" width=\"150\" height=\"150\" src=\"https:\/\/www.pollensahotels.com\/wp-content\/uploads\/2014\/11\/hostal_15-150x150.jpg\" class=\"attachment-thumbnail size-thumbnail\" alt=\"\" \/><\/a>\n\t\t\t<\/div><\/figure><figure class='gallery-item'>\n\t\t\t<div class='gallery-icon landscape'>\n\t\t\t\t<a href='https:\/\/www.pollensahotels.com\/wp-content\/uploads\/2014\/11\/hostal_05.jpg'><img loading=\"lazy\" decoding=\"async\" width=\"150\" height=\"150\" src=\"https:\/\/www.pollensahotels.com\/wp-content\/uploads\/2014\/11\/hostal_05-150x150.jpg\" class=\"attachment-thumbnail size-thumbnail\" alt=\"\" \/><\/a>\n\t\t\t<\/div><\/figure><figure class='gallery-item'>\n\t\t\t<div class='gallery-icon landscape'>\n\t\t\t\t<a href='https:\/\/www.pollensahotels.com\/wp-content\/uploads\/2014\/11\/hostal_07.jpg'><img loading=\"lazy\" decoding=\"async\" width=\"150\" height=\"150\" src=\"https:\/\/www.pollensahotels.com\/wp-content\/uploads\/2014\/11\/hostal_07-150x150.jpg\" class=\"attachment-thumbnail size-thumbnail\" alt=\"\" \/><\/a>\n\t\t\t<\/div><\/figure>\n\t\t<\/div>\n\n","protected":false},"excerpt":{"rendered":"<p>L\u2019Hostal befindet sich in einem Geb\u00e4ude, wo fr\u00fcher Pferde ausgeruht haben, w\u00e4hrend ihre Besitzer, Kaufleute, den Marktplatz mit ihren Waren belieferten. Obwohl das Geb\u00e4ude und alle Einrichtungen renoviert wurden, behielt das Gasthause den urspr\u00fcnglichen Namen des Geb\u00e4udes bei und auch die Idee, dass das Haus ein Platz zum Wohlf\u00fchlen sein soll. G\u00e4ste k\u00f6nnen die moderne [&hellip;]<\/p>\n","protected":false},"author":1,"featured_media":0,"parent":0,"menu_order":0,"comment_status":"closed","ping_status":"closed","template":"templates\/pag-hostal.php","meta":{"footnotes":""},"class_list":["post-253","page","type-page","status-publish","hentry"],"_links":{"self":[{"href":"https:\/\/www.pollensahotels.com\/de\/wp-json\/wp\/v2\/pages\/253\/"}],"collection":[{"href":"https:\/\/www.pollensahotels.com\/de\/wp-json\/wp\/v2\/pages\/"}],"about":[{"href":"https:\/\/www.pollensahotels.com\/de\/wp-json\/wp\/v2\/types\/page\/"}],"author":[{"embeddable":true,"href":"https:\/\/www.pollensahotels.com\/de\/wp-json\/wp\/v2\/users\/1\/"}],"replies":[{"embeddable":true,"href":"https:\/\/www.pollensahotels.com\/de\/wp-json\/wp\/v2\/comments\/?post=253"}],"version-history":[{"count":0,"href":"https:\/\/www.pollensahotels.com\/de\/wp-json\/wp\/v2\/pages\/253\/revisions\/"}],"wp:attachment":[{"href":"https:\/\/www.pollensahotels.com\/de\/wp-json\/wp\/v2\/media\/?parent=253"}],"curies":[{"name":"wp","href":"https:\/\/api.w.org\/{rel}","templated":true}]}}