{"id":254,"date":"2014-11-15T12:32:56","date_gmt":"2014-11-15T11:32:56","guid":{"rendered":"http:\/\/www.pollensahotels.com\/?page_id=254"},"modified":"2016-01-21T22:55:04","modified_gmt":"2016-01-21T21:55:04","slug":"hotel-juma-pollensa-mallorca","status":"publish","type":"page","link":"https:\/\/www.pollensahotels.com\/de\/hotel-juma-pollensa-mallorca\/","title":{"rendered":"Hotel Juma Pollensa"},"content":{"rendered":"<p><img loading=\"lazy\" decoding=\"async\" src=\"http:\/\/www.pollensahotels.com\/wp-content\/uploads\/2014\/10\/logo-hotel-juma2.jpg\" alt=\"Hotel Juma Pollensa\" width=\"402\" height=\"292\" class=\"alignright size-full wp-image-378\" srcset=\"https:\/\/www.pollensahotels.com\/wp-content\/uploads\/2014\/10\/logo-hotel-juma2.jpg 402w, https:\/\/www.pollensahotels.com\/wp-content\/uploads\/2014\/10\/logo-hotel-juma2-300x217.jpg 300w\" sizes=\"auto, (max-width: 402px) 100vw, 402px\" \/>Das <strong>Hotel Juma<\/strong> wurde im Jahr 1907 gebaut und \u00f6ffnete seine T\u00fcren unter dem Namen <em>Hotel Cosmopolita<\/em>. Heute, komplett renoviert, bietet das Hotel seinen G\u00e4sten h\u00f6chstm\u00f6gliche Qualit\u00e4t und Komfort.<\/p>\n<p>Im Hotel Juma ist es unser Ziel, dass Sie sich stets wie zu Hause f\u00fchlen. Insofern sorgen wir f\u00fcr das bequemste Ambiente mit allen modernsten Annehmlichkeiten.<\/p>\n<p>In den letzten hundert Jahren haben viele namhafte G\u00e4ste in unserem Hotel \u00fcbernachtet oder sich einfach mit den Einheimischen in unserem beliebten Caf\u00e9 aufgehalten: Tito Cittadini, Dion\u00eds Bennassar, Roch Minu\u00e9, Maria del Mar Bonet, Jordi Savall, Tom\u00e1s Molina, Saenz de Oiza, Vives Llull&#8230;<\/p>\n<p><a href=\"http:\/\/www.pollensahotels.com\/de\/restaurant-gr221\/\">Dieses Caf\u00e9<\/a>, dessen Terrasse direkt auf den Hauptplatz geht, ist f\u00fcr Einheimische und Besucher zu einem Symbol der Qualit\u00e4t und des guten Service geworden. <\/p>\n<p>Auch Peter Maffay hat Pollensa als seinen Wohnort und den Standort seiner Stiftung (<a href=\"http:\/\/www.petermaffaystiftung.de\/\">www.petermaffaystiftung.de<\/a>) gew\u00e4hlt. Die Stiftung wurde in Pollensa gegr\u00fcndet und setzt sich vor allem daf\u00fcr ein, traumatisierte Kinder und Jugendliche zu unterst\u00fctzen. Maffay kann man oft auf dem Hauptplatz von Pollensa sehen, als w\u00e4re er auch ein Einheimischer.<\/p>\n<div id='gallery-1' class='gallery galleryid-254 gallery-columns-5 gallery-size-thumbnail'><figure class='gallery-item'>\n\t\t\t<div class='gallery-icon landscape'>\n\t\t\t\t<a href='https:\/\/www.pollensahotels.com\/wp-content\/uploads\/2014\/11\/restaurant-gr221_05.jpg'><img loading=\"lazy\" decoding=\"async\" width=\"150\" height=\"150\" src=\"https:\/\/www.pollensahotels.com\/wp-content\/uploads\/2014\/11\/restaurant-gr221_05-150x150.jpg\" class=\"attachment-thumbnail size-thumbnail\" alt=\"\" \/><\/a>\n\t\t\t<\/div><\/figure><figure class='gallery-item'>\n\t\t\t<div class='gallery-icon landscape'>\n\t\t\t\t<a href='https:\/\/www.pollensahotels.com\/wp-content\/uploads\/2014\/11\/restaurant-gr221_07.jpg'><img loading=\"lazy\" decoding=\"async\" width=\"150\" height=\"150\" src=\"https:\/\/www.pollensahotels.com\/wp-content\/uploads\/2014\/11\/restaurant-gr221_07-150x150.jpg\" class=\"attachment-thumbnail size-thumbnail\" alt=\"\" \/><\/a>\n\t\t\t<\/div><\/figure><figure class='gallery-item'>\n\t\t\t<div class='gallery-icon landscape'>\n\t\t\t\t<a href='https:\/\/www.pollensahotels.com\/wp-content\/uploads\/2014\/11\/hotel-juma_08.jpg'><img loading=\"lazy\" decoding=\"async\" width=\"150\" height=\"150\" src=\"https:\/\/www.pollensahotels.com\/wp-content\/uploads\/2014\/11\/hotel-juma_08-150x150.jpg\" class=\"attachment-thumbnail size-thumbnail\" alt=\"\" \/><\/a>\n\t\t\t<\/div><\/figure><figure class='gallery-item'>\n\t\t\t<div class='gallery-icon landscape'>\n\t\t\t\t<a href='https:\/\/www.pollensahotels.com\/wp-content\/uploads\/2014\/11\/hotel-juma_22.jpg'><img loading=\"lazy\" decoding=\"async\" width=\"150\" height=\"150\" src=\"https:\/\/www.pollensahotels.com\/wp-content\/uploads\/2014\/11\/hotel-juma_22-150x150.jpg\" class=\"attachment-thumbnail size-thumbnail\" alt=\"\" \/><\/a>\n\t\t\t<\/div><\/figure><figure class='gallery-item'>\n\t\t\t<div class='gallery-icon landscape'>\n\t\t\t\t<a href='https:\/\/www.pollensahotels.com\/wp-content\/uploads\/2014\/11\/hotel-juma_13.jpg'><img loading=\"lazy\" decoding=\"async\" width=\"150\" height=\"150\" src=\"https:\/\/www.pollensahotels.com\/wp-content\/uploads\/2014\/11\/hotel-juma_13-150x150.jpg\" class=\"attachment-thumbnail size-thumbnail\" alt=\"\" \/><\/a>\n\t\t\t<\/div><\/figure><figure class='gallery-item'>\n\t\t\t<div class='gallery-icon landscape'>\n\t\t\t\t<a href='https:\/\/www.pollensahotels.com\/wp-content\/uploads\/2014\/11\/hotel-juma_06.jpg'><img loading=\"lazy\" decoding=\"async\" width=\"150\" height=\"150\" src=\"https:\/\/www.pollensahotels.com\/wp-content\/uploads\/2014\/11\/hotel-juma_06-150x150.jpg\" class=\"attachment-thumbnail size-thumbnail\" alt=\"\" \/><\/a>\n\t\t\t<\/div><\/figure><figure class='gallery-item'>\n\t\t\t<div class='gallery-icon landscape'>\n\t\t\t\t<a href='https:\/\/www.pollensahotels.com\/wp-content\/uploads\/2014\/11\/hotel-juma_05.jpg'><img loading=\"lazy\" decoding=\"async\" width=\"150\" height=\"150\" src=\"https:\/\/www.pollensahotels.com\/wp-content\/uploads\/2014\/11\/hotel-juma_05-150x150.jpg\" class=\"attachment-thumbnail size-thumbnail\" alt=\"\" \/><\/a>\n\t\t\t<\/div><\/figure><figure class='gallery-item'>\n\t\t\t<div class='gallery-icon landscape'>\n\t\t\t\t<a href='https:\/\/www.pollensahotels.com\/wp-content\/uploads\/2014\/11\/hotel-juma_19.jpg'><img loading=\"lazy\" decoding=\"async\" width=\"150\" height=\"150\" src=\"https:\/\/www.pollensahotels.com\/wp-content\/uploads\/2014\/11\/hotel-juma_19-150x150.jpg\" class=\"attachment-thumbnail size-thumbnail\" alt=\"\" \/><\/a>\n\t\t\t<\/div><\/figure><figure class='gallery-item'>\n\t\t\t<div class='gallery-icon landscape'>\n\t\t\t\t<a href='https:\/\/www.pollensahotels.com\/wp-content\/uploads\/2014\/11\/hotel-juma_21.jpg'><img loading=\"lazy\" decoding=\"async\" width=\"150\" height=\"150\" src=\"https:\/\/www.pollensahotels.com\/wp-content\/uploads\/2014\/11\/hotel-juma_21-150x150.jpg\" class=\"attachment-thumbnail size-thumbnail\" alt=\"\" \/><\/a>\n\t\t\t<\/div><\/figure><figure class='gallery-item'>\n\t\t\t<div class='gallery-icon landscape'>\n\t\t\t\t<a href='https:\/\/www.pollensahotels.com\/wp-content\/uploads\/2014\/11\/terraza-solarium.jpg'><img loading=\"lazy\" decoding=\"async\" width=\"150\" height=\"150\" src=\"https:\/\/www.pollensahotels.com\/wp-content\/uploads\/2014\/11\/terraza-solarium-150x150.jpg\" class=\"attachment-thumbnail size-thumbnail\" alt=\"\" \/><\/a>\n\t\t\t<\/div><\/figure>\n\t\t<\/div>\n\n","protected":false},"excerpt":{"rendered":"<p>Das Hotel Juma wurde im Jahr 1907 gebaut und \u00f6ffnete seine T\u00fcren unter dem Namen Hotel Cosmopolita. Heute, komplett renoviert, bietet das Hotel seinen G\u00e4sten h\u00f6chstm\u00f6gliche Qualit\u00e4t und Komfort. Im Hotel Juma ist es unser Ziel, dass Sie sich stets wie zu Hause f\u00fchlen. Insofern sorgen wir f\u00fcr das bequemste Ambiente mit allen modernsten Annehmlichkeiten. [&hellip;]<\/p>\n","protected":false},"author":1,"featured_media":0,"parent":0,"menu_order":0,"comment_status":"closed","ping_status":"closed","template":"templates\/pag-juma.php","meta":{"footnotes":""},"class_list":["post-254","page","type-page","status-publish","hentry"],"_links":{"self":[{"href":"https:\/\/www.pollensahotels.com\/de\/wp-json\/wp\/v2\/pages\/254\/"}],"collection":[{"href":"https:\/\/www.pollensahotels.com\/de\/wp-json\/wp\/v2\/pages\/"}],"about":[{"href":"https:\/\/www.pollensahotels.com\/de\/wp-json\/wp\/v2\/types\/page\/"}],"author":[{"embeddable":true,"href":"https:\/\/www.pollensahotels.com\/de\/wp-json\/wp\/v2\/users\/1\/"}],"replies":[{"embeddable":true,"href":"https:\/\/www.pollensahotels.com\/de\/wp-json\/wp\/v2\/comments\/?post=254"}],"version-history":[{"count":0,"href":"https:\/\/www.pollensahotels.com\/de\/wp-json\/wp\/v2\/pages\/254\/revisions\/"}],"wp:attachment":[{"href":"https:\/\/www.pollensahotels.com\/de\/wp-json\/wp\/v2\/media\/?parent=254"}],"curies":[{"name":"wp","href":"https:\/\/api.w.org\/{rel}","templated":true}]}}