{"id":102,"date":"2014-10-30T15:05:51","date_gmt":"2014-10-30T14:05:51","guid":{"rendered":"http:\/\/www.pollensahotels.com\/?page_id=102"},"modified":"2023-10-30T07:31:17","modified_gmt":"2023-10-30T06:31:17","slug":"situacion","status":"publish","type":"page","link":"https:\/\/www.pollensahotels.com\/es\/situacion\/","title":{"rendered":"Situaci\u00f3n"},"content":{"rendered":"<p>Desde aqu\u00ed puede localizar la situaci\u00f3n exacta del Hotel Juma y L\u2019Hostal, Turisme d\u2019Interior en Pollen\u00e7a. Si lo prefiere, puede cambiar el modo de presentaci\u00f3n del mapa a \u201cSat\u00e9lite\u201d para ver con mayor detalle la zona, as\u00ed como usar el zoom para acercarse o alejarse de la vista inicial. Utilice el rat\u00f3n para arrastrar el mapa y ver los alrededores (Pla\u00e7a Major, El Calvario, Claustro de Santo Domingo, La Parroquia\u2026)<\/p>\n<p><iframe loading=\"lazy\" style=\"border: 0;\" src=\"https:\/\/www.google.com\/maps\/embed?pb=!1m18!1m12!1m3!1d3061.8706334987332!2d3.0145401154612377!3d39.877135579431474!2m3!1f0!2f0!3f0!3m2!1i1024!2i768!4f13.1!3m3!1m2!1s0x1297d6a091676cc3%3A0xe5cbf57482414e6c!2sHotel+Juma!5e0!3m2!1ses!2ses!4v1547638894134\" width=\"1000\" height=\"500\" frameborder=\"0\" allowfullscreen=\"allowfullscreen\"><\/iframe><\/p>\n","protected":false},"excerpt":{"rendered":"<p>Desde aqu\u00ed puede localizar la situaci\u00f3n exacta del Hotel Juma y L\u2019Hostal, Turisme d\u2019Interior en Pollen\u00e7a. Si lo prefiere, puede cambiar el modo de presentaci\u00f3n del mapa a \u201cSat\u00e9lite\u201d para ver con mayor detalle la zona, as\u00ed como usar el zoom para acercarse o alejarse de la vista inicial. Utilice el rat\u00f3n para arrastrar el [&hellip;]<\/p>\n","protected":false},"author":1,"featured_media":0,"parent":0,"menu_order":0,"comment_status":"closed","ping_status":"closed","template":"templates\/map.php","meta":{"footnotes":""},"class_list":["post-102","page","type-page","status-publish","hentry"],"_links":{"self":[{"href":"https:\/\/www.pollensahotels.com\/es\/wp-json\/wp\/v2\/pages\/102\/"}],"collection":[{"href":"https:\/\/www.pollensahotels.com\/es\/wp-json\/wp\/v2\/pages\/"}],"about":[{"href":"https:\/\/www.pollensahotels.com\/es\/wp-json\/wp\/v2\/types\/page\/"}],"author":[{"embeddable":true,"href":"https:\/\/www.pollensahotels.com\/es\/wp-json\/wp\/v2\/users\/1\/"}],"replies":[{"embeddable":true,"href":"https:\/\/www.pollensahotels.com\/es\/wp-json\/wp\/v2\/comments\/?post=102"}],"version-history":[{"count":0,"href":"https:\/\/www.pollensahotels.com\/es\/wp-json\/wp\/v2\/pages\/102\/revisions\/"}],"wp:attachment":[{"href":"https:\/\/www.pollensahotels.com\/es\/wp-json\/wp\/v2\/media\/?parent=102"}],"curies":[{"name":"wp","href":"https:\/\/api.w.org\/{rel}","templated":true}]}}