{"id":104,"date":"2014-10-30T15:08:24","date_gmt":"2014-10-30T14:08:24","guid":{"rendered":"http:\/\/www.pollensahotels.com\/?page_id=104"},"modified":"2018-02-04T14:16:16","modified_gmt":"2018-02-04T13:16:16","slug":"precios","status":"publish","type":"page","link":"https:\/\/www.pollensahotels.com\/es\/precios\/","title":{"rendered":"Precios"},"content":{"rendered":"<p>Consulte todas las ofertas disponibles para las fechas deseadas a traves de nuestro <a href=\"https:\/\/www.thebookingbutton.co.uk\/properties\/jumadirect?locale=es\" target=\"_blank\">formulario online<\/a> o bien cons\u00faltenos a trav\u00e9s del <a href=\"http:\/\/www.pollensahotels.com\/es\/contacto\/\">formulario de contacto<\/a>, puede obtener <strong>descuentos importantes<\/strong>.<\/p>\n<p style=\"text-align: center;\">A TRAV\u00c9S DE NUESTRA P\u00c1GINA DE RESERVAS DIRECTAS OBTENDR\u00c1 EL MEJOR PRECIO GARANTIZADO<\/p>\n<p style=\"text-align: center;\"><a href=\"https:\/\/www.thebookingbutton.co.uk\/properties\/jumadirect?locale=es\">Reservar online<\/a><\/p>\n<p>&nbsp;<\/p>\n<p>La cama extra est\u00e1 disponible bajo petici\u00f3n previa, e incluye desayuno<br \/>\nCunas disponibles sin coste bajo petici\u00f3n previa.<\/p>\n","protected":false},"excerpt":{"rendered":"<p>Consulte todas las ofertas disponibles para las fechas deseadas a traves de nuestro formulario online o bien cons\u00faltenos a trav\u00e9s del formulario de contacto, puede obtener descuentos importantes. A TRAV\u00c9S DE NUESTRA P\u00c1GINA DE RESERVAS DIRECTAS OBTENDR\u00c1 EL MEJOR PRECIO GARANTIZADO Reservar online &nbsp; La cama extra est\u00e1 disponible bajo petici\u00f3n previa, e incluye desayuno [&hellip;]<\/p>\n","protected":false},"author":1,"featured_media":0,"parent":0,"menu_order":0,"comment_status":"closed","ping_status":"closed","template":"","meta":{"footnotes":""},"class_list":["post-104","page","type-page","status-publish","hentry"],"_links":{"self":[{"href":"https:\/\/www.pollensahotels.com\/es\/wp-json\/wp\/v2\/pages\/104\/"}],"collection":[{"href":"https:\/\/www.pollensahotels.com\/es\/wp-json\/wp\/v2\/pages\/"}],"about":[{"href":"https:\/\/www.pollensahotels.com\/es\/wp-json\/wp\/v2\/types\/page\/"}],"author":[{"embeddable":true,"href":"https:\/\/www.pollensahotels.com\/es\/wp-json\/wp\/v2\/users\/1\/"}],"replies":[{"embeddable":true,"href":"https:\/\/www.pollensahotels.com\/es\/wp-json\/wp\/v2\/comments\/?post=104"}],"version-history":[{"count":0,"href":"https:\/\/www.pollensahotels.com\/es\/wp-json\/wp\/v2\/pages\/104\/revisions\/"}],"wp:attachment":[{"href":"https:\/\/www.pollensahotels.com\/es\/wp-json\/wp\/v2\/media\/?parent=104"}],"curies":[{"name":"wp","href":"https:\/\/api.w.org\/{rel}","templated":true}]}}