{"id":105,"date":"2014-10-30T15:12:27","date_gmt":"2014-10-30T14:12:27","guid":{"rendered":"http:\/\/www.pollensahotels.com\/?page_id=105"},"modified":"2014-11-08T11:59:38","modified_gmt":"2014-11-08T10:59:38","slug":"historia","status":"publish","type":"page","link":"https:\/\/www.pollensahotels.com\/es\/historia\/","title":{"rendered":"Historia"},"content":{"rendered":"<p><img loading=\"lazy\" decoding=\"async\" src=\"http:\/\/www.pollensahotels.com\/wp-content\/uploads\/2014\/10\/hotel-cosmopolita.jpg\" alt=\"Hotel Cosmopolita\" width=\"400\" height=\"262\" class=\"alignright size-full wp-image-82\" srcset=\"https:\/\/www.pollensahotels.com\/wp-content\/uploads\/2014\/10\/hotel-cosmopolita.jpg 400w, https:\/\/www.pollensahotels.com\/wp-content\/uploads\/2014\/10\/hotel-cosmopolita-300x196.jpg 300w\" sizes=\"auto, (max-width: 400px) 100vw, 400px\" \/><strong>Del pasado\u2026<\/strong><\/p>\n<p>El <strong>Hotel Juma<\/strong> naci\u00f3 en 1907 con el nombre de <em>Hotel Cosmopolita<\/em>. Su construcci\u00f3n fu\u00e9 promovida por Joan Ochogavia, amo de la posesi\u00f3n de Ternelles, quien se adelant\u00f3 a su tiempo al darse cuenta de las posibilidades que ofrecia el entorno de Pollen\u00e7a para el turismo, aun pr\u00e1cticamente sin presencia en la isla.<\/p>\n<p>En 1958, ya en la tercera generaci\u00f3n, el hotel sufri\u00f3 su primera gran remodelaci\u00f3n y cambi\u00f3 el nombre por el de Hotel Juma, iniciales del matrimonio que realizo esta reforma, <strong>Juan Ochogavia<\/strong>y <strong>Maria Cerd\u00e0<\/strong>.<\/p>\n<p><strong>\u2026Al presente<\/strong><\/p>\n<p><img loading=\"lazy\" decoding=\"async\" src=\"http:\/\/www.pollensahotels.com\/wp-content\/uploads\/2014\/10\/foto-historia.jpg\" alt=\"Hotel Juma en la actualidad\" width=\"400\" height=\"262\" class=\"alignleft size-full wp-image-84\" srcset=\"https:\/\/www.pollensahotels.com\/wp-content\/uploads\/2014\/10\/foto-historia.jpg 400w, https:\/\/www.pollensahotels.com\/wp-content\/uploads\/2014\/10\/foto-historia-300x196.jpg 300w\" sizes=\"auto, (max-width: 400px) 100vw, 400px\" \/>En 1996 Joana Ochogavia y Antoni Cifre, cuarta generaci\u00f3n familiar, llevan a cabo la mas importante remodelaci\u00f3n, rehaciendo por entero el interior del hotel y manteniendo \u00fanicamente la fachada.<\/p>\n<p>El hotel Juma se dota con las comodidades propias de un hotel de su \u00e9poca. Asimismo en 2006 se inaugura el segundo hotel de la familia, nacido con la misma vocaci\u00f3n de servicio que el hotel Juma, pero con un toque mas moderno.<\/p>\n<p>Ahora, a manos de la quinta generaci\u00f3n, los hoteles afrontan el reto de continuar ofreciendo el servicio y la calidad de siempre, con la incorporaci\u00f3n de los adelantos t\u00e9cnicos y tecnol\u00f3gicos, pero sin perder de vista la calidez que le ha caracterizado durante sus mas de 100 a\u00f1os de historia.<\/p>\n","protected":false},"excerpt":{"rendered":"<p>Del pasado\u2026 El Hotel Juma naci\u00f3 en 1907 con el nombre de Hotel Cosmopolita. Su construcci\u00f3n fu\u00e9 promovida por Joan Ochogavia, amo de la posesi\u00f3n de Ternelles, quien se adelant\u00f3 a su tiempo al darse cuenta de las posibilidades que ofrecia el entorno de Pollen\u00e7a para el turismo, aun pr\u00e1cticamente sin presencia en la isla. [&hellip;]<\/p>\n","protected":false},"author":1,"featured_media":0,"parent":0,"menu_order":0,"comment_status":"closed","ping_status":"closed","template":"","meta":{"footnotes":""},"class_list":["post-105","page","type-page","status-publish","hentry"],"_links":{"self":[{"href":"https:\/\/www.pollensahotels.com\/es\/wp-json\/wp\/v2\/pages\/105\/"}],"collection":[{"href":"https:\/\/www.pollensahotels.com\/es\/wp-json\/wp\/v2\/pages\/"}],"about":[{"href":"https:\/\/www.pollensahotels.com\/es\/wp-json\/wp\/v2\/types\/page\/"}],"author":[{"embeddable":true,"href":"https:\/\/www.pollensahotels.com\/es\/wp-json\/wp\/v2\/users\/1\/"}],"replies":[{"embeddable":true,"href":"https:\/\/www.pollensahotels.com\/es\/wp-json\/wp\/v2\/comments\/?post=105"}],"version-history":[{"count":0,"href":"https:\/\/www.pollensahotels.com\/es\/wp-json\/wp\/v2\/pages\/105\/revisions\/"}],"wp:attachment":[{"href":"https:\/\/www.pollensahotels.com\/es\/wp-json\/wp\/v2\/media\/?parent=105"}],"curies":[{"name":"wp","href":"https:\/\/api.w.org\/{rel}","templated":true}]}}