{"id":106,"date":"2014-10-30T15:18:26","date_gmt":"2014-10-30T14:18:26","guid":{"rendered":"http:\/\/www.pollensahotels.com\/?page_id=106"},"modified":"2014-11-04T17:34:00","modified_gmt":"2014-11-04T16:34:00","slug":"entorno-actividades","status":"publish","type":"page","link":"https:\/\/www.pollensahotels.com\/es\/entorno-actividades\/","title":{"rendered":"Entorno y actividades"},"content":{"rendered":"<h3>Cultura<\/h3>\n<p><img loading=\"lazy\" decoding=\"async\" src=\"http:\/\/www.pollensahotels.com\/wp-content\/uploads\/2014\/10\/foto-cultura.jpg\" alt=\"Cultura en Pollensa\" width=\"400\" height=\"300\" class=\"alignright size-full wp-image-92\" srcset=\"https:\/\/www.pollensahotels.com\/wp-content\/uploads\/2014\/10\/foto-cultura.jpg 400w, https:\/\/www.pollensahotels.com\/wp-content\/uploads\/2014\/10\/foto-cultura-300x225.jpg 300w\" sizes=\"auto, (max-width: 400px) 100vw, 400px\" \/>La trayectoria cultural del pueblo de Pollen\u00e7a se refleja en la gran cantidad de actos que se ofrecen durante todo el a\u00f1o. El mas importante es sin duda el Festival de Pollen\u00e7a, que reune a\u00f1o tras a\u00f1o a gran cantidad de artistas de m\u00fasica cl\u00e1sica y popular, que ofrecen sus conciertos en el marco incomparable del Claustre de Sant Domingo. Muchos de los m\u00fasicos y artistas del festival escogen el Hotel Juma para su estancia en Pollen\u00e7a.<\/p>\n<p>Galerias de arte, conciertos, conferencias, cultura popular, cursos, exposiciones, teatro, todo ello completa la agenda cultural de la villa.<\/p>\n<h3>El entorno<\/h3>\n<p><img loading=\"lazy\" decoding=\"async\" src=\"http:\/\/www.pollensahotels.com\/wp-content\/uploads\/2014\/10\/foto-entorn.jpg\" alt=\"Nuestro entorno\" width=\"400\" height=\"300\" class=\"alignright size-full wp-image-93\" srcset=\"https:\/\/www.pollensahotels.com\/wp-content\/uploads\/2014\/10\/foto-entorn.jpg 400w, https:\/\/www.pollensahotels.com\/wp-content\/uploads\/2014\/10\/foto-entorn-300x225.jpg 300w\" sizes=\"auto, (max-width: 400px) 100vw, 400px\" \/>El Norte de Mallorca es uno de los parajes mas atractivos del mediterraneo. Situado en un extremo de la Serra de Tramontana, Pollen\u00e7a destaca por la belleza del pueblo y la hospitalidad de sus gentes. Perderse por su callejuelas, disfrutar de la plaza, aprovechar la oferta cultural y el colorido de sus fiestas o visitar el mercado semanal son varias de las actividades que podr\u00e1 realizar durante su estancia.<\/p>\n<p>En Pollen\u00e7a podr\u00e1 disfrutar de tranquilas playas y agrestes calas, de excursiones a monta\u00f1as y valles, de paseos en bicicleta y, en definitiva, de una oferta que combina el ocio con el respeto a la naturaleza y el entorno.<\/p>\n<h3>Ferias y eventos<\/h3>\n<p><img loading=\"lazy\" decoding=\"async\" src=\"http:\/\/www.pollensahotels.com\/wp-content\/uploads\/2014\/10\/foto-fires.jpg\" alt=\"Ferias y mercados\" width=\"400\" height=\"300\" class=\"alignright size-full wp-image-94\" srcset=\"https:\/\/www.pollensahotels.com\/wp-content\/uploads\/2014\/10\/foto-fires.jpg 400w, https:\/\/www.pollensahotels.com\/wp-content\/uploads\/2014\/10\/foto-fires-300x225.jpg 300w\" sizes=\"auto, (max-width: 400px) 100vw, 400px\" \/>La tradicional feria de artesan\u00eda de Pollen\u00e7a ha logrado convertirse con los a\u00f1os en un referente dentro de la \u00edsla. Se celebra el segundo domingo de noviembre. Los artesanos, agricultores y comerciantes inundan las diferentes partes del pueblo en un festivo ambiente oto\u00f1al.<\/p>\n<p>En los \u00faltimos a\u00f1os ha cobrado importancia la feria del vino, que se celebra en primavera, y durante la cual acuden las mejores bodegas de las islas a dar a conocer su producto.<\/p>\n<h3>Fiestas<\/h3>\n<p><img loading=\"lazy\" decoding=\"async\" src=\"http:\/\/www.pollensahotels.com\/wp-content\/uploads\/2014\/10\/foto-festes.jpg\" alt=\"Pollensa en fiestas\" width=\"400\" height=\"300\" class=\"alignright size-full wp-image-95\" srcset=\"https:\/\/www.pollensahotels.com\/wp-content\/uploads\/2014\/10\/foto-festes.jpg 400w, https:\/\/www.pollensahotels.com\/wp-content\/uploads\/2014\/10\/foto-festes-300x225.jpg 300w\" sizes=\"auto, (max-width: 400px) 100vw, 400px\" \/>Las gentes de Pollen\u00e7a saben combinar a la perfecci\u00f3n los momentos de trabajo con los de ocio. Buena prueba de ello son las fiestas que se celebran en diferentes \u00e9pocas del a\u00f1o.<\/p>\n<p>Destacan en invierno las fiestas de Sant Antoni, el 17 de enero, festividad muy arraigada en la isla, y que en Pollen\u00e7a tiene el singular atractivo de la subida del \u201cpi de Sant Antoni\u201d (Pino de San Antonio) por parte de los j\u00f3venes el pueblo. Aunque si hay una festividad por la que Pollen\u00e7a es famosa esta es la de la patrona, la \u201cMare de Deu dels Angels\u201d. Empieza el 26 de julio y acaba el 2 de agosto con el baile dels \u201cCossiers\u201d y el espectacular \u201cSimulacre de Moros i Cristians\u201d como colof\u00f3n.<\/p>\n<p>Otra semana de gran importancia es la Semana Santa. El Viernes Santo la procesi\u00f3n de penitentes desciende la escalinata del Calvario. Este es uno de los eventos mas visitados del a\u00f1o.<\/p>\n","protected":false},"excerpt":{"rendered":"<p>Cultura La trayectoria cultural del pueblo de Pollen\u00e7a se refleja en la gran cantidad de actos que se ofrecen durante todo el a\u00f1o. El mas importante es sin duda el Festival de Pollen\u00e7a, que reune a\u00f1o tras a\u00f1o a gran cantidad de artistas de m\u00fasica cl\u00e1sica y popular, que ofrecen sus conciertos en el marco [&hellip;]<\/p>\n","protected":false},"author":1,"featured_media":0,"parent":0,"menu_order":0,"comment_status":"closed","ping_status":"closed","template":"","meta":{"footnotes":""},"class_list":["post-106","page","type-page","status-publish","hentry"],"_links":{"self":[{"href":"https:\/\/www.pollensahotels.com\/es\/wp-json\/wp\/v2\/pages\/106\/"}],"collection":[{"href":"https:\/\/www.pollensahotels.com\/es\/wp-json\/wp\/v2\/pages\/"}],"about":[{"href":"https:\/\/www.pollensahotels.com\/es\/wp-json\/wp\/v2\/types\/page\/"}],"author":[{"embeddable":true,"href":"https:\/\/www.pollensahotels.com\/es\/wp-json\/wp\/v2\/users\/1\/"}],"replies":[{"embeddable":true,"href":"https:\/\/www.pollensahotels.com\/es\/wp-json\/wp\/v2\/comments\/?post=106"}],"version-history":[{"count":0,"href":"https:\/\/www.pollensahotels.com\/es\/wp-json\/wp\/v2\/pages\/106\/revisions\/"}],"wp:attachment":[{"href":"https:\/\/www.pollensahotels.com\/es\/wp-json\/wp\/v2\/media\/?parent=106"}],"curies":[{"name":"wp","href":"https:\/\/api.w.org\/{rel}","templated":true}]}}