{"id":108,"date":"2014-10-30T15:24:20","date_gmt":"2014-10-30T14:24:20","guid":{"rendered":"http:\/\/www.pollensahotels.com\/?page_id=108"},"modified":"2026-03-16T19:21:48","modified_gmt":"2026-03-16T18:21:48","slug":"habitaciones","status":"publish","type":"page","link":"https:\/\/www.pollensahotels.com\/es\/habitaciones\/","title":{"rendered":"Habitaciones"},"content":{"rendered":"<p>Todas las habitaciones est\u00e1n equipadas con TV sat\u00e9lite, aire acondicionado, caja de seguridad, secador de pelo y conexi\u00f3n a internet wifi gratuita.<\/p>\n<p>Nuestro personal podr\u00e1 asesorarle en todo momento de los diferentes servicios disponibles en el pueblo y alrededores: alquiler de veh\u00edculos y bicicletas, servicio de taxis, recogida en aeropuerto, rutas de senderismo, deportes de aventura, playas y calas cercanas y un gran n\u00famero de servicios y actividades en el pueblo y alrededores.<\/p>\n<h5>Habitaciones &#8211; Hotel Juma<\/h5>\n<div id='gallery-1' class='gallery galleryid-108 gallery-columns-6 gallery-size-thumbnail'><figure class='gallery-item'>\n\t\t\t<div class='gallery-icon landscape'>\n\t\t\t\t<a href='https:\/\/www.pollensahotels.com\/wp-content\/uploads\/2014\/11\/hotel-juma_13.jpg'><img loading=\"lazy\" decoding=\"async\" width=\"150\" height=\"150\" src=\"https:\/\/www.pollensahotels.com\/wp-content\/uploads\/2014\/11\/hotel-juma_13-150x150.jpg\" class=\"attachment-thumbnail size-thumbnail\" alt=\"\" \/><\/a>\n\t\t\t<\/div><\/figure><figure class='gallery-item'>\n\t\t\t<div class='gallery-icon landscape'>\n\t\t\t\t<a href='https:\/\/www.pollensahotels.com\/wp-content\/uploads\/2014\/11\/hotel-juma_06.jpg'><img loading=\"lazy\" decoding=\"async\" width=\"150\" height=\"150\" src=\"https:\/\/www.pollensahotels.com\/wp-content\/uploads\/2014\/11\/hotel-juma_06-150x150.jpg\" class=\"attachment-thumbnail size-thumbnail\" alt=\"\" \/><\/a>\n\t\t\t<\/div><\/figure><figure class='gallery-item'>\n\t\t\t<div class='gallery-icon landscape'>\n\t\t\t\t<a href='https:\/\/www.pollensahotels.com\/wp-content\/uploads\/2014\/11\/hotel-juma_14.jpg'><img loading=\"lazy\" decoding=\"async\" width=\"150\" height=\"150\" src=\"https:\/\/www.pollensahotels.com\/wp-content\/uploads\/2014\/11\/hotel-juma_14-150x150.jpg\" class=\"attachment-thumbnail size-thumbnail\" alt=\"\" \/><\/a>\n\t\t\t<\/div><\/figure><figure class='gallery-item'>\n\t\t\t<div class='gallery-icon landscape'>\n\t\t\t\t<a href='https:\/\/www.pollensahotels.com\/wp-content\/uploads\/2014\/11\/hotel-juma_05.jpg'><img loading=\"lazy\" decoding=\"async\" width=\"150\" height=\"150\" src=\"https:\/\/www.pollensahotels.com\/wp-content\/uploads\/2014\/11\/hotel-juma_05-150x150.jpg\" class=\"attachment-thumbnail size-thumbnail\" alt=\"\" \/><\/a>\n\t\t\t<\/div><\/figure><figure class='gallery-item'>\n\t\t\t<div class='gallery-icon landscape'>\n\t\t\t\t<a href='https:\/\/www.pollensahotels.com\/wp-content\/uploads\/2014\/11\/hotel-juma_10.jpg'><img loading=\"lazy\" decoding=\"async\" width=\"150\" height=\"150\" src=\"https:\/\/www.pollensahotels.com\/wp-content\/uploads\/2014\/11\/hotel-juma_10-150x150.jpg\" class=\"attachment-thumbnail size-thumbnail\" alt=\"\" \/><\/a>\n\t\t\t<\/div><\/figure><figure class='gallery-item'>\n\t\t\t<div class='gallery-icon landscape'>\n\t\t\t\t<a href='https:\/\/www.pollensahotels.com\/wp-content\/uploads\/2014\/11\/hotel-juma_04.jpg'><img loading=\"lazy\" decoding=\"async\" width=\"150\" height=\"150\" src=\"https:\/\/www.pollensahotels.com\/wp-content\/uploads\/2014\/11\/hotel-juma_04-150x150.jpg\" class=\"attachment-thumbnail size-thumbnail\" alt=\"\" \/><\/a>\n\t\t\t<\/div><\/figure><figure class='gallery-item'>\n\t\t\t<div class='gallery-icon landscape'>\n\t\t\t\t<a href='https:\/\/www.pollensahotels.com\/wp-content\/uploads\/2014\/11\/hotel-juma_03.jpg'><img loading=\"lazy\" decoding=\"async\" width=\"150\" height=\"150\" src=\"https:\/\/www.pollensahotels.com\/wp-content\/uploads\/2014\/11\/hotel-juma_03-150x150.jpg\" class=\"attachment-thumbnail size-thumbnail\" alt=\"\" \/><\/a>\n\t\t\t<\/div><\/figure><figure class='gallery-item'>\n\t\t\t<div class='gallery-icon landscape'>\n\t\t\t\t<a href='https:\/\/www.pollensahotels.com\/wp-content\/uploads\/2014\/11\/hotel-juma_02.jpg'><img loading=\"lazy\" decoding=\"async\" width=\"150\" height=\"150\" src=\"https:\/\/www.pollensahotels.com\/wp-content\/uploads\/2014\/11\/hotel-juma_02-150x150.jpg\" class=\"attachment-thumbnail size-thumbnail\" alt=\"\" \/><\/a>\n\t\t\t<\/div><\/figure><figure class='gallery-item'>\n\t\t\t<div class='gallery-icon landscape'>\n\t\t\t\t<a href='https:\/\/www.pollensahotels.com\/wp-content\/uploads\/2014\/11\/hotel-juma_11.jpg'><img loading=\"lazy\" decoding=\"async\" width=\"150\" height=\"150\" src=\"https:\/\/www.pollensahotels.com\/wp-content\/uploads\/2014\/11\/hotel-juma_11-150x150.jpg\" class=\"attachment-thumbnail size-thumbnail\" alt=\"\" \/><\/a>\n\t\t\t<\/div><\/figure><figure class='gallery-item'>\n\t\t\t<div class='gallery-icon landscape'>\n\t\t\t\t<a href='https:\/\/www.pollensahotels.com\/wp-content\/uploads\/2014\/11\/hotel-juma_12.jpg'><img loading=\"lazy\" decoding=\"async\" width=\"150\" height=\"150\" src=\"https:\/\/www.pollensahotels.com\/wp-content\/uploads\/2014\/11\/hotel-juma_12-150x150.jpg\" class=\"attachment-thumbnail size-thumbnail\" alt=\"\" \/><\/a>\n\t\t\t<\/div><\/figure>\n\t\t<\/div>\n\n<h5>Habitaciones &#8211; L&#8217;Hostal<\/h5>\n<div id='gallery-2' class='gallery galleryid-108 gallery-columns-6 gallery-size-thumbnail'><figure class='gallery-item'>\n\t\t\t<div class='gallery-icon landscape'>\n\t\t\t\t<a href='https:\/\/www.pollensahotels.com\/wp-content\/uploads\/2014\/11\/hostal_18.jpg'><img loading=\"lazy\" decoding=\"async\" width=\"150\" height=\"150\" src=\"https:\/\/www.pollensahotels.com\/wp-content\/uploads\/2014\/11\/hostal_18-150x150.jpg\" class=\"attachment-thumbnail size-thumbnail\" alt=\"\" \/><\/a>\n\t\t\t<\/div><\/figure><figure class='gallery-item'>\n\t\t\t<div class='gallery-icon landscape'>\n\t\t\t\t<a href='https:\/\/www.pollensahotels.com\/wp-content\/uploads\/2014\/11\/hostal_07.jpg'><img loading=\"lazy\" decoding=\"async\" width=\"150\" height=\"150\" src=\"https:\/\/www.pollensahotels.com\/wp-content\/uploads\/2014\/11\/hostal_07-150x150.jpg\" class=\"attachment-thumbnail size-thumbnail\" alt=\"\" \/><\/a>\n\t\t\t<\/div><\/figure><figure class='gallery-item'>\n\t\t\t<div class='gallery-icon landscape'>\n\t\t\t\t<a href='https:\/\/www.pollensahotels.com\/wp-content\/uploads\/2014\/11\/hostal_16.jpg'><img loading=\"lazy\" decoding=\"async\" width=\"150\" height=\"150\" src=\"https:\/\/www.pollensahotels.com\/wp-content\/uploads\/2014\/11\/hostal_16-150x150.jpg\" class=\"attachment-thumbnail size-thumbnail\" alt=\"\" \/><\/a>\n\t\t\t<\/div><\/figure><figure class='gallery-item'>\n\t\t\t<div class='gallery-icon landscape'>\n\t\t\t\t<a href='https:\/\/www.pollensahotels.com\/wp-content\/uploads\/2014\/11\/hostal_15.jpg'><img loading=\"lazy\" decoding=\"async\" width=\"150\" height=\"150\" src=\"https:\/\/www.pollensahotels.com\/wp-content\/uploads\/2014\/11\/hostal_15-150x150.jpg\" class=\"attachment-thumbnail size-thumbnail\" alt=\"\" \/><\/a>\n\t\t\t<\/div><\/figure><figure class='gallery-item'>\n\t\t\t<div class='gallery-icon landscape'>\n\t\t\t\t<a href='https:\/\/www.pollensahotels.com\/wp-content\/uploads\/2014\/11\/hostal_05.jpg'><img loading=\"lazy\" decoding=\"async\" width=\"150\" height=\"150\" src=\"https:\/\/www.pollensahotels.com\/wp-content\/uploads\/2014\/11\/hostal_05-150x150.jpg\" class=\"attachment-thumbnail size-thumbnail\" alt=\"\" \/><\/a>\n\t\t\t<\/div><\/figure><figure class='gallery-item'>\n\t\t\t<div class='gallery-icon landscape'>\n\t\t\t\t<a href='https:\/\/www.pollensahotels.com\/wp-content\/uploads\/2014\/11\/hostal_04.jpg'><img loading=\"lazy\" decoding=\"async\" width=\"150\" height=\"150\" src=\"https:\/\/www.pollensahotels.com\/wp-content\/uploads\/2014\/11\/hostal_04-150x150.jpg\" class=\"attachment-thumbnail size-thumbnail\" alt=\"\" \/><\/a>\n\t\t\t<\/div><\/figure><figure class='gallery-item'>\n\t\t\t<div class='gallery-icon landscape'>\n\t\t\t\t<a href='https:\/\/www.pollensahotels.com\/wp-content\/uploads\/2014\/11\/hostal_02.jpg'><img loading=\"lazy\" decoding=\"async\" width=\"150\" height=\"150\" src=\"https:\/\/www.pollensahotels.com\/wp-content\/uploads\/2014\/11\/hostal_02-150x150.jpg\" class=\"attachment-thumbnail size-thumbnail\" alt=\"\" \/><\/a>\n\t\t\t<\/div><\/figure><figure class='gallery-item'>\n\t\t\t<div class='gallery-icon landscape'>\n\t\t\t\t<a href='https:\/\/www.pollensahotels.com\/wp-content\/uploads\/2014\/11\/hostal_17.jpg'><img loading=\"lazy\" decoding=\"async\" width=\"150\" height=\"150\" src=\"https:\/\/www.pollensahotels.com\/wp-content\/uploads\/2014\/11\/hostal_17-150x150.jpg\" class=\"attachment-thumbnail size-thumbnail\" alt=\"\" \/><\/a>\n\t\t\t<\/div><\/figure><figure class='gallery-item'>\n\t\t\t<div class='gallery-icon landscape'>\n\t\t\t\t<a href='https:\/\/www.pollensahotels.com\/wp-content\/uploads\/2014\/11\/hostal_14.jpg'><img loading=\"lazy\" decoding=\"async\" width=\"150\" height=\"150\" src=\"https:\/\/www.pollensahotels.com\/wp-content\/uploads\/2014\/11\/hostal_14-150x150.jpg\" class=\"attachment-thumbnail size-thumbnail\" alt=\"\" \/><\/a>\n\t\t\t<\/div><\/figure><figure class='gallery-item'>\n\t\t\t<div class='gallery-icon landscape'>\n\t\t\t\t<a href='https:\/\/www.pollensahotels.com\/wp-content\/uploads\/2014\/11\/hostal_06.jpg'><img loading=\"lazy\" decoding=\"async\" width=\"150\" height=\"150\" src=\"https:\/\/www.pollensahotels.com\/wp-content\/uploads\/2014\/11\/hostal_06-150x150.jpg\" class=\"attachment-thumbnail size-thumbnail\" alt=\"\" \/><\/a>\n\t\t\t<\/div><\/figure><figure class='gallery-item'>\n\t\t\t<div class='gallery-icon landscape'>\n\t\t\t\t<a href='https:\/\/www.pollensahotels.com\/wp-content\/uploads\/2014\/11\/hostal_03.jpg'><img loading=\"lazy\" decoding=\"async\" width=\"150\" height=\"150\" src=\"https:\/\/www.pollensahotels.com\/wp-content\/uploads\/2014\/11\/hostal_03-150x150.jpg\" class=\"attachment-thumbnail size-thumbnail\" alt=\"\" \/><\/a>\n\t\t\t<\/div><\/figure>\n\t\t<\/div>\n\n","protected":false},"excerpt":{"rendered":"<p>Todas las habitaciones est\u00e1n equipadas con TV sat\u00e9lite, aire acondicionado, caja de seguridad, secador de pelo y conexi\u00f3n a internet wifi gratuita. Nuestro personal podr\u00e1 asesorarle en todo momento de los diferentes servicios disponibles en el pueblo y alrededores: alquiler de veh\u00edculos y bicicletas, servicio de taxis, recogida en aeropuerto, rutas de senderismo, deportes de [&hellip;]<\/p>\n","protected":false},"author":1,"featured_media":0,"parent":0,"menu_order":0,"comment_status":"closed","ping_status":"closed","template":"templates\/lateral.php","meta":{"footnotes":""},"class_list":["post-108","page","type-page","status-publish","hentry"],"_links":{"self":[{"href":"https:\/\/www.pollensahotels.com\/es\/wp-json\/wp\/v2\/pages\/108\/"}],"collection":[{"href":"https:\/\/www.pollensahotels.com\/es\/wp-json\/wp\/v2\/pages\/"}],"about":[{"href":"https:\/\/www.pollensahotels.com\/es\/wp-json\/wp\/v2\/types\/page\/"}],"author":[{"embeddable":true,"href":"https:\/\/www.pollensahotels.com\/es\/wp-json\/wp\/v2\/users\/1\/"}],"replies":[{"embeddable":true,"href":"https:\/\/www.pollensahotels.com\/es\/wp-json\/wp\/v2\/comments\/?post=108"}],"version-history":[{"count":0,"href":"https:\/\/www.pollensahotels.com\/es\/wp-json\/wp\/v2\/pages\/108\/revisions\/"}],"wp:attachment":[{"href":"https:\/\/www.pollensahotels.com\/es\/wp-json\/wp\/v2\/media\/?parent=108"}],"curies":[{"name":"wp","href":"https:\/\/api.w.org\/{rel}","templated":true}]}}