{"id":111,"date":"2014-10-30T15:31:01","date_gmt":"2014-10-30T14:31:01","guid":{"rendered":"http:\/\/www.pollensahotels.com\/?page_id=111"},"modified":"2021-08-29T17:01:04","modified_gmt":"2021-08-29T15:01:04","slug":"una-experiencia-nueva","status":"publish","type":"page","link":"https:\/\/www.pollensahotels.com\/es\/","title":{"rendered":"Una experiencia nueva"},"content":{"rendered":"<p>Situado en el norte de la Isla de Mallorca, el pueblo de Pollensa es uno de los rincones mas encantadores. En pleno centro hist\u00f3rico se encuentran nuestros hoteles, el <a href=\"http:\/\/www.pollensahotels.com\/es\/hotel-juma-pollensa-mallorca\/\">Hotel Juma<\/a> y <a href=\"http:\/\/www.pollensahotels.com\/es\/hostal-hotel-interior\/\">L\u2019Hostal, Turismo de Interior<\/a>.<\/p>\n<p>Tanto en el Juma, de talante mas cl\u00e1sico, como en el Hostal, de decoraci\u00f3n mas moderna, podr\u00e0 disfrutar de nuestra obsesi\u00f3n por la satisfacci\u00f3n de nuestros clientes. Hotel Juma y L\u2019Hostal, dos ambientes, un objetivo, que se encuentre como en su casa.<\/p>\n","protected":false},"excerpt":{"rendered":"<p>Situado en el norte de la Isla de Mallorca, el pueblo de Pollensa es uno de los rincones mas encantadores. En pleno centro hist\u00f3rico se encuentran nuestros hoteles, el Hotel Juma y L\u2019Hostal, Turismo de Interior. Tanto en el Juma, de talante mas cl\u00e1sico, como en el Hostal, de decoraci\u00f3n mas moderna, podr\u00e0 disfrutar de [&hellip;]<\/p>\n","protected":false},"author":1,"featured_media":636,"parent":0,"menu_order":0,"comment_status":"closed","ping_status":"closed","template":"templates\/homepage.php","meta":{"footnotes":""},"class_list":["post-111","page","type-page","status-publish","has-post-thumbnail","hentry"],"_links":{"self":[{"href":"https:\/\/www.pollensahotels.com\/es\/wp-json\/wp\/v2\/pages\/111\/"}],"collection":[{"href":"https:\/\/www.pollensahotels.com\/es\/wp-json\/wp\/v2\/pages\/"}],"about":[{"href":"https:\/\/www.pollensahotels.com\/es\/wp-json\/wp\/v2\/types\/page\/"}],"author":[{"embeddable":true,"href":"https:\/\/www.pollensahotels.com\/es\/wp-json\/wp\/v2\/users\/1\/"}],"replies":[{"embeddable":true,"href":"https:\/\/www.pollensahotels.com\/es\/wp-json\/wp\/v2\/comments\/?post=111"}],"version-history":[{"count":0,"href":"https:\/\/www.pollensahotels.com\/es\/wp-json\/wp\/v2\/pages\/111\/revisions\/"}],"wp:featuredmedia":[{"embeddable":true,"href":"https:\/\/www.pollensahotels.com\/es\/wp-json\/wp\/v2\/media\/636\/"}],"wp:attachment":[{"href":"https:\/\/www.pollensahotels.com\/es\/wp-json\/wp\/v2\/media\/?parent=111"}],"curies":[{"name":"wp","href":"https:\/\/api.w.org\/{rel}","templated":true}]}}