{"id":112,"date":"2014-10-30T15:44:00","date_gmt":"2014-10-30T14:44:00","guid":{"rendered":"http:\/\/www.pollensahotels.com\/?page_id=112"},"modified":"2016-01-21T22:55:25","modified_gmt":"2016-01-21T21:55:25","slug":"hotel-juma-pollensa-mallorca","status":"publish","type":"page","link":"https:\/\/www.pollensahotels.com\/es\/hotel-juma-pollensa-mallorca\/","title":{"rendered":"Hotel Juma, Pollensa"},"content":{"rendered":"<p><img loading=\"lazy\" decoding=\"async\" src=\"http:\/\/www.pollensahotels.com\/wp-content\/uploads\/2014\/10\/logo-hotel-juma2.jpg\" alt=\"Hotel Juma Pollensa\" width=\"402\" height=\"292\" class=\"alignright size-full wp-image-378\" srcset=\"https:\/\/www.pollensahotels.com\/wp-content\/uploads\/2014\/10\/logo-hotel-juma2.jpg 402w, https:\/\/www.pollensahotels.com\/wp-content\/uploads\/2014\/10\/logo-hotel-juma2-300x217.jpg 300w\" sizes=\"auto, (max-width: 402px) 100vw, 402px\" \/>Situado en la hist\u00f3rica <strong>plaza Mayor<\/strong> del casco antiguo de Pollen\u00e7a, en nuestro peque\u00f1o y acogedor hotel experimentar\u00e1 el estilo de vida del Norte de Mallorca.<\/p>\n<p>En el Juma podr\u00e1 vivir en primera persona el encanto del mercado semanal de la plaza Mayor, sentir la historia del hotel mas antiguo de Mallorca, abierto desde 1907, o disfrutar de las vistas de la Sierra de Tramuntana desde nuestro sol\u00e1rium mientras se relaja en el jacuzzi. <\/p>\n<p>Desayune en la terraza con los primeros rayos de sol, vea pasar el tiempo tomando un t\u00e9 o rel\u00e1jese cenando en nuestro restaurante de la plaza durante las agradables noches de la isla.<\/p>\n<p>Desde hace mas de 100 a\u00f1os el hotel es visitado por personajes ilustres, bien hospedados en \u00e9l o de tertulia en su renombrada cafeteria: Tito Cittadini, Dion\u00eds Bennassar, Roch Minu\u00e9, Maria del Mar Bonet, Jordi Savall&#8230; <\/p>\n<p><a href=\"http:\/\/www.pollensahotels.com\/es\/restaurante-gr221\/\">La cafeter\u00eda<\/a>, con su terraza en plena plaza, constituye un referente de calidad y servicio en el pueblo, tanto para aut\u00f3ctonos como para for\u00e1neos.<\/p>\n<div id='gallery-1' class='gallery galleryid-112 gallery-columns-5 gallery-size-thumbnail'><figure class='gallery-item'>\n\t\t\t<div class='gallery-icon landscape'>\n\t\t\t\t<a href='https:\/\/www.pollensahotels.com\/wp-content\/uploads\/2014\/11\/restaurant-gr221_05.jpg'><img loading=\"lazy\" decoding=\"async\" width=\"150\" height=\"150\" src=\"https:\/\/www.pollensahotels.com\/wp-content\/uploads\/2014\/11\/restaurant-gr221_05-150x150.jpg\" class=\"attachment-thumbnail size-thumbnail\" alt=\"\" \/><\/a>\n\t\t\t<\/div><\/figure><figure class='gallery-item'>\n\t\t\t<div class='gallery-icon landscape'>\n\t\t\t\t<a href='https:\/\/www.pollensahotels.com\/wp-content\/uploads\/2014\/11\/restaurant-gr221_07.jpg'><img loading=\"lazy\" decoding=\"async\" width=\"150\" height=\"150\" src=\"https:\/\/www.pollensahotels.com\/wp-content\/uploads\/2014\/11\/restaurant-gr221_07-150x150.jpg\" class=\"attachment-thumbnail size-thumbnail\" alt=\"\" \/><\/a>\n\t\t\t<\/div><\/figure><figure class='gallery-item'>\n\t\t\t<div class='gallery-icon landscape'>\n\t\t\t\t<a href='https:\/\/www.pollensahotels.com\/wp-content\/uploads\/2014\/11\/hotel-juma_08.jpg'><img loading=\"lazy\" decoding=\"async\" width=\"150\" height=\"150\" src=\"https:\/\/www.pollensahotels.com\/wp-content\/uploads\/2014\/11\/hotel-juma_08-150x150.jpg\" class=\"attachment-thumbnail size-thumbnail\" alt=\"\" \/><\/a>\n\t\t\t<\/div><\/figure><figure class='gallery-item'>\n\t\t\t<div class='gallery-icon landscape'>\n\t\t\t\t<a href='https:\/\/www.pollensahotels.com\/wp-content\/uploads\/2014\/11\/hotel-juma_22.jpg'><img loading=\"lazy\" decoding=\"async\" width=\"150\" height=\"150\" src=\"https:\/\/www.pollensahotels.com\/wp-content\/uploads\/2014\/11\/hotel-juma_22-150x150.jpg\" class=\"attachment-thumbnail size-thumbnail\" alt=\"\" \/><\/a>\n\t\t\t<\/div><\/figure><figure class='gallery-item'>\n\t\t\t<div class='gallery-icon landscape'>\n\t\t\t\t<a href='https:\/\/www.pollensahotels.com\/wp-content\/uploads\/2014\/11\/hotel-juma_13.jpg'><img loading=\"lazy\" decoding=\"async\" width=\"150\" height=\"150\" src=\"https:\/\/www.pollensahotels.com\/wp-content\/uploads\/2014\/11\/hotel-juma_13-150x150.jpg\" class=\"attachment-thumbnail size-thumbnail\" alt=\"\" \/><\/a>\n\t\t\t<\/div><\/figure><figure class='gallery-item'>\n\t\t\t<div class='gallery-icon landscape'>\n\t\t\t\t<a href='https:\/\/www.pollensahotels.com\/wp-content\/uploads\/2014\/11\/hotel-juma_06.jpg'><img loading=\"lazy\" decoding=\"async\" width=\"150\" height=\"150\" src=\"https:\/\/www.pollensahotels.com\/wp-content\/uploads\/2014\/11\/hotel-juma_06-150x150.jpg\" class=\"attachment-thumbnail size-thumbnail\" alt=\"\" \/><\/a>\n\t\t\t<\/div><\/figure><figure class='gallery-item'>\n\t\t\t<div class='gallery-icon landscape'>\n\t\t\t\t<a href='https:\/\/www.pollensahotels.com\/wp-content\/uploads\/2014\/11\/hotel-juma_05.jpg'><img loading=\"lazy\" decoding=\"async\" width=\"150\" height=\"150\" src=\"https:\/\/www.pollensahotels.com\/wp-content\/uploads\/2014\/11\/hotel-juma_05-150x150.jpg\" class=\"attachment-thumbnail size-thumbnail\" alt=\"\" \/><\/a>\n\t\t\t<\/div><\/figure><figure class='gallery-item'>\n\t\t\t<div class='gallery-icon landscape'>\n\t\t\t\t<a href='https:\/\/www.pollensahotels.com\/wp-content\/uploads\/2014\/11\/hotel-juma_19.jpg'><img loading=\"lazy\" decoding=\"async\" width=\"150\" height=\"150\" src=\"https:\/\/www.pollensahotels.com\/wp-content\/uploads\/2014\/11\/hotel-juma_19-150x150.jpg\" class=\"attachment-thumbnail size-thumbnail\" alt=\"\" \/><\/a>\n\t\t\t<\/div><\/figure><figure class='gallery-item'>\n\t\t\t<div class='gallery-icon landscape'>\n\t\t\t\t<a href='https:\/\/www.pollensahotels.com\/wp-content\/uploads\/2014\/11\/hotel-juma_21.jpg'><img loading=\"lazy\" decoding=\"async\" width=\"150\" height=\"150\" src=\"https:\/\/www.pollensahotels.com\/wp-content\/uploads\/2014\/11\/hotel-juma_21-150x150.jpg\" class=\"attachment-thumbnail size-thumbnail\" alt=\"\" \/><\/a>\n\t\t\t<\/div><\/figure><figure class='gallery-item'>\n\t\t\t<div class='gallery-icon landscape'>\n\t\t\t\t<a href='https:\/\/www.pollensahotels.com\/wp-content\/uploads\/2014\/11\/terraza-solarium.jpg'><img loading=\"lazy\" decoding=\"async\" width=\"150\" height=\"150\" src=\"https:\/\/www.pollensahotels.com\/wp-content\/uploads\/2014\/11\/terraza-solarium-150x150.jpg\" class=\"attachment-thumbnail size-thumbnail\" alt=\"\" \/><\/a>\n\t\t\t<\/div><\/figure>\n\t\t<\/div>\n\n","protected":false},"excerpt":{"rendered":"<p>Situado en la hist\u00f3rica plaza Mayor del casco antiguo de Pollen\u00e7a, en nuestro peque\u00f1o y acogedor hotel experimentar\u00e1 el estilo de vida del Norte de Mallorca. En el Juma podr\u00e1 vivir en primera persona el encanto del mercado semanal de la plaza Mayor, sentir la historia del hotel mas antiguo de Mallorca, abierto desde 1907, [&hellip;]<\/p>\n","protected":false},"author":1,"featured_media":0,"parent":0,"menu_order":0,"comment_status":"closed","ping_status":"closed","template":"templates\/pag-juma.php","meta":{"footnotes":""},"class_list":["post-112","page","type-page","status-publish","hentry"],"_links":{"self":[{"href":"https:\/\/www.pollensahotels.com\/es\/wp-json\/wp\/v2\/pages\/112\/"}],"collection":[{"href":"https:\/\/www.pollensahotels.com\/es\/wp-json\/wp\/v2\/pages\/"}],"about":[{"href":"https:\/\/www.pollensahotels.com\/es\/wp-json\/wp\/v2\/types\/page\/"}],"author":[{"embeddable":true,"href":"https:\/\/www.pollensahotels.com\/es\/wp-json\/wp\/v2\/users\/1\/"}],"replies":[{"embeddable":true,"href":"https:\/\/www.pollensahotels.com\/es\/wp-json\/wp\/v2\/comments\/?post=112"}],"version-history":[{"count":0,"href":"https:\/\/www.pollensahotels.com\/es\/wp-json\/wp\/v2\/pages\/112\/revisions\/"}],"wp:attachment":[{"href":"https:\/\/www.pollensahotels.com\/es\/wp-json\/wp\/v2\/media\/?parent=112"}],"curies":[{"name":"wp","href":"https:\/\/api.w.org\/{rel}","templated":true}]}}