{"id":271,"date":"2014-11-18T20:16:14","date_gmt":"2014-11-18T19:16:14","guid":{"rendered":"http:\/\/www.pollensahotels.com\/?page_id=271"},"modified":"2023-10-30T07:31:55","modified_gmt":"2023-10-30T06:31:55","slug":"emplacement","status":"publish","type":"page","link":"https:\/\/www.pollensahotels.com\/fr\/emplacement\/","title":{"rendered":"Emplacement"},"content":{"rendered":"<p>De l\u00e0, vous pouvez localiser l&#8217;emplacement exact de l&rsquo;auberge et l&rsquo;H\u00f4tel Juma, L&rsquo;Hostal Tourisme Int\u00e9rieur. Alternativement, vous pouvez modifier le type de pr\u00e9sentation carte sur \u00ab\u00a0Satellite\u00a0\u00bb pour voir la zone plus en d\u00e9tail, ainsi que l&rsquo;utilisation du zoom pour se rapprocher ou s&rsquo;\u00e9loigner de la vue initiale&#8230;<\/p>\n<p><iframe loading=\"lazy\" style=\"border: 0;\" src=\"https:\/\/www.google.com\/maps\/embed?pb=!1m18!1m12!1m3!1d3061.8706334987332!2d3.0145401154612377!3d39.877135579431474!2m3!1f0!2f0!3f0!3m2!1i1024!2i768!4f13.1!3m3!1m2!1s0x1297d6a091676cc3%3A0xe5cbf57482414e6c!2sHotel+Juma!5e0!3m2!1ses!2ses!4v1547638894134\" width=\"1000\" height=\"500\" frameborder=\"0\" allowfullscreen=\"allowfullscreen\"><\/iframe><\/p>\n","protected":false},"excerpt":{"rendered":"<p>De l\u00e0, vous pouvez localiser l&#8217;emplacement exact de l&rsquo;auberge et l&rsquo;H\u00f4tel Juma, L&rsquo;Hostal Tourisme Int\u00e9rieur. Alternativement, vous pouvez modifier le type de pr\u00e9sentation carte sur \u00ab\u00a0Satellite\u00a0\u00bb pour voir la zone plus en d\u00e9tail, ainsi que l&rsquo;utilisation du zoom pour se rapprocher ou s&rsquo;\u00e9loigner de la vue initiale&#8230;<\/p>\n","protected":false},"author":1,"featured_media":0,"parent":0,"menu_order":0,"comment_status":"closed","ping_status":"closed","template":"templates\/map.php","meta":{"footnotes":""},"class_list":["post-271","page","type-page","status-publish","hentry"],"_links":{"self":[{"href":"https:\/\/www.pollensahotels.com\/fr\/wp-json\/wp\/v2\/pages\/271\/"}],"collection":[{"href":"https:\/\/www.pollensahotels.com\/fr\/wp-json\/wp\/v2\/pages\/"}],"about":[{"href":"https:\/\/www.pollensahotels.com\/fr\/wp-json\/wp\/v2\/types\/page\/"}],"author":[{"embeddable":true,"href":"https:\/\/www.pollensahotels.com\/fr\/wp-json\/wp\/v2\/users\/1\/"}],"replies":[{"embeddable":true,"href":"https:\/\/www.pollensahotels.com\/fr\/wp-json\/wp\/v2\/comments\/?post=271"}],"version-history":[{"count":0,"href":"https:\/\/www.pollensahotels.com\/fr\/wp-json\/wp\/v2\/pages\/271\/revisions\/"}],"wp:attachment":[{"href":"https:\/\/www.pollensahotels.com\/fr\/wp-json\/wp\/v2\/media\/?parent=271"}],"curies":[{"name":"wp","href":"https:\/\/api.w.org\/{rel}","templated":true}]}}