{"id":277,"date":"2014-11-18T20:33:42","date_gmt":"2014-11-18T19:33:42","guid":{"rendered":"http:\/\/www.pollensahotels.com\/?page_id=277"},"modified":"2014-11-19T16:51:56","modified_gmt":"2014-11-19T15:51:56","slug":"histoire","status":"publish","type":"page","link":"https:\/\/www.pollensahotels.com\/fr\/histoire\/","title":{"rendered":"Notre histoire"},"content":{"rendered":"<p><img loading=\"lazy\" decoding=\"async\" src=\"http:\/\/www.pollensahotels.com\/wp-content\/uploads\/2014\/10\/hotel-cosmopolita.jpg\" alt=\"Hotel Cosmopolita\" title=\"Hotel Cosmopolita, Pollen\u00e7a 1907\" width=\"400\" height=\"262\" class=\"alignright size-full wp-image-395\" \/><strong>Du pass\u00e9&#8230;<\/strong><\/p>\n<p>L\u2019H\u00f4tel Juma fut construit en 1907 sous le nom d\u2019Hotel Cosmopolita. La construction fut ordonn\u00e9e par Joan Ochogavia, le propri\u00e9taire du domaine de Ternelles. Visionnaire, il s\u2019est rendu compte avant tout le monde des possibilit\u00e9s que Pollen\u00e7a repr\u00e9sentait pour le tourisme, pratiquement inexistant \u00e0 cette \u00e9poque. <\/p>\n<p>En 1958, durant la troisi\u00e8me g\u00e9n\u00e9ration, l\u2019h\u00f4tel fut r\u00e9nov\u00e9 pour la premi\u00e8re fois et son nom fut chang\u00e9 pour celui d\u2019Hotel Juma, nom qui est compos\u00e9 des deux premi\u00e8res lettres des noms du couple qui r\u00e9alisa la r\u00e9novation, Juan Ochogavia et Maria Cerd\u00e0.<\/p>\n<p><strong>&#8230;Au pr\u00e9sent<\/strong><\/p>\n<p>En 1996, Joana Ochogavia et Antoni Cifre, quatri\u00e8me g\u00e9n\u00e9ration de la famille, ont r\u00e9alis\u00e9 une importante r\u00e9novation, en refaisant compl\u00e8tement l\u2019int\u00e9rieur de l\u2019h\u00f4tel et ne gardant que la fa\u00e7ade.<\/p>\n<p><img loading=\"lazy\" decoding=\"async\" src=\"http:\/\/www.pollensahotels.com\/wp-content\/uploads\/2014\/10\/foto-historia.jpg\" alt=\"Historique de l'h\u00f4tel\" width=\"400\" height=\"262\" class=\"alignleft size-full wp-image-396\" \/><\/p>\n<p>L\u2019Hotel Juma s\u2019est \u00e9quip\u00e9 ainsi des commodit\u00e9s appropri\u00e9es pour un h\u00f4tel de son \u00e9poque.  En 2006, le deuxi\u00e8me h\u00f4tel de la famille a \u00e9t\u00e9 inaugur\u00e9, fond\u00e9 avec la m\u00eame vocation de service que l\u2019Hotel Juma, mais avec une touche plus moderne. <\/p>\n<p>Aujourd\u2019hui dans les mains de la cinqui\u00e8me g\u00e9n\u00e9ration, les h\u00f4tels rel\u00e8vent le d\u00e9fi de continuer \u00e0 offrir le  service et la qualit\u00e9 de toujours, avec l\u2019incorporation des progr\u00e8s techniques, mais sans perdre de vue la convivialit\u00e9 qui l\u2019a caract\u00e9ris\u00e9 pendant ses plus de 100 ans d\u2019histoire.<\/p>\n","protected":false},"excerpt":{"rendered":"<p>Du pass\u00e9&#8230; L\u2019H\u00f4tel Juma fut construit en 1907 sous le nom d\u2019Hotel Cosmopolita. La construction fut ordonn\u00e9e par Joan Ochogavia, le propri\u00e9taire du domaine de Ternelles. Visionnaire, il s\u2019est rendu compte avant tout le monde des possibilit\u00e9s que Pollen\u00e7a repr\u00e9sentait pour le tourisme, pratiquement inexistant \u00e0 cette \u00e9poque. En 1958, durant la troisi\u00e8me g\u00e9n\u00e9ration, l\u2019h\u00f4tel [&hellip;]<\/p>\n","protected":false},"author":1,"featured_media":0,"parent":0,"menu_order":0,"comment_status":"closed","ping_status":"closed","template":"","meta":{"footnotes":""},"class_list":["post-277","page","type-page","status-publish","hentry"],"_links":{"self":[{"href":"https:\/\/www.pollensahotels.com\/fr\/wp-json\/wp\/v2\/pages\/277\/"}],"collection":[{"href":"https:\/\/www.pollensahotels.com\/fr\/wp-json\/wp\/v2\/pages\/"}],"about":[{"href":"https:\/\/www.pollensahotels.com\/fr\/wp-json\/wp\/v2\/types\/page\/"}],"author":[{"embeddable":true,"href":"https:\/\/www.pollensahotels.com\/fr\/wp-json\/wp\/v2\/users\/1\/"}],"replies":[{"embeddable":true,"href":"https:\/\/www.pollensahotels.com\/fr\/wp-json\/wp\/v2\/comments\/?post=277"}],"version-history":[{"count":0,"href":"https:\/\/www.pollensahotels.com\/fr\/wp-json\/wp\/v2\/pages\/277\/revisions\/"}],"wp:attachment":[{"href":"https:\/\/www.pollensahotels.com\/fr\/wp-json\/wp\/v2\/media\/?parent=277"}],"curies":[{"name":"wp","href":"https:\/\/api.w.org\/{rel}","templated":true}]}}