{"id":283,"date":"2014-11-18T21:08:07","date_gmt":"2014-11-18T20:08:07","guid":{"rendered":"http:\/\/www.pollensahotels.com\/?page_id=283"},"modified":"2023-04-14T17:05:07","modified_gmt":"2023-04-14T15:05:07","slug":"tarifs","status":"publish","type":"page","link":"https:\/\/www.pollensahotels.com\/fr\/tarifs\/","title":{"rendered":"Tarifs"},"content":{"rendered":"<p>Voir toutes les offres disponibles pour les dates \u00e0 travers le <a href=\"https:\/\/www.thebookingbutton.co.uk\/properties\/jumadirect?locale=fr\" target=\"_blank\" rel=\"noopener\">formulaire en ligne<\/a> ou nous contacter via le <a href=\"http:\/\/www.pollensahotels.com\/fr\/contactez-nous\/\">formulaire de contact<\/a>, vous pouvez obtenir des rabais importants.<\/p>\n<p>Des lits b\u00e9b\u00e9 sont disponibles sans aucun co\u00fbt (r\u00e9servation pr\u00e9alable requise).<\/p>\n<p><strong>Prix avec petit-d\u00e9jeuner compris. TVA incluse.<\/strong><\/p>\n","protected":false},"excerpt":{"rendered":"<p>Voir toutes les offres disponibles pour les dates \u00e0 travers le formulaire en ligne ou nous contacter via le formulaire de contact, vous pouvez obtenir des rabais importants. Des lits b\u00e9b\u00e9 sont disponibles sans aucun co\u00fbt (r\u00e9servation pr\u00e9alable requise). Prix avec petit-d\u00e9jeuner compris. TVA incluse.<\/p>\n","protected":false},"author":1,"featured_media":0,"parent":0,"menu_order":0,"comment_status":"closed","ping_status":"closed","template":"","meta":{"footnotes":""},"class_list":["post-283","page","type-page","status-publish","hentry"],"_links":{"self":[{"href":"https:\/\/www.pollensahotels.com\/fr\/wp-json\/wp\/v2\/pages\/283\/"}],"collection":[{"href":"https:\/\/www.pollensahotels.com\/fr\/wp-json\/wp\/v2\/pages\/"}],"about":[{"href":"https:\/\/www.pollensahotels.com\/fr\/wp-json\/wp\/v2\/types\/page\/"}],"author":[{"embeddable":true,"href":"https:\/\/www.pollensahotels.com\/fr\/wp-json\/wp\/v2\/users\/1\/"}],"replies":[{"embeddable":true,"href":"https:\/\/www.pollensahotels.com\/fr\/wp-json\/wp\/v2\/comments\/?post=283"}],"version-history":[{"count":0,"href":"https:\/\/www.pollensahotels.com\/fr\/wp-json\/wp\/v2\/pages\/283\/revisions\/"}],"wp:attachment":[{"href":"https:\/\/www.pollensahotels.com\/fr\/wp-json\/wp\/v2\/media\/?parent=283"}],"curies":[{"name":"wp","href":"https:\/\/api.w.org\/{rel}","templated":true}]}}