{"id":287,"date":"2014-11-19T13:13:11","date_gmt":"2014-11-19T12:13:11","guid":{"rendered":"http:\/\/www.pollensahotels.com\/?page_id=287"},"modified":"2017-04-27T11:52:54","modified_gmt":"2017-04-27T09:52:54","slug":"restaurant-gr221","status":"publish","type":"page","link":"https:\/\/www.pollensahotels.com\/fr\/restaurant-gr221\/","title":{"rendered":"Restaurant et caf\u00e9 GR221"},"content":{"rendered":"<p><img loading=\"lazy\" decoding=\"async\" src=\"http:\/\/www.pollensahotels.com\/wp-content\/uploads\/2014\/10\/1907-restaurant-pollenca.jpg\" alt=\"1907 Restaurant Pollen\u00e7a\" width=\"357\" height=\"163\" class=\"alignright size-full wp-image-404\" srcset=\"https:\/\/www.pollensahotels.com\/wp-content\/uploads\/2014\/10\/1907-restaurant-pollenca.jpg 357w, https:\/\/www.pollensahotels.com\/wp-content\/uploads\/2014\/10\/1907-restaurant-pollenca-300x137.jpg 300w\" sizes=\"auto, (max-width: 357px) 100vw, 357px\" \/><\/p>\n<p>Depuis plus de 100 ans, l\u2019h\u00f4tel a \u00e9t\u00e9 visit\u00e9 par bien des personnages illustres, qui ont s\u00e9journ\u00e9 ou particip\u00e9 dans les tertulias dans sa caf\u00e9t\u00e9ria: Tito Cittadini, Dion\u00eds Bennassar, Roch Minu\u00e9, Maria del Mar Bonet, Jordi Savall, Tom\u00e1s Molina, Saenz de Oiza, Vives Lull\u2026 <\/p>\n<p>La caf\u00e9t\u00e9ria, avec sa terrasse sur la place de la ville, constitue une r\u00e9f\u00e9rence de qualit\u00e9 et service dans la ville, pour les autochtones ainsi que pour les \u00e9trangers.<\/p>\n<div id='gallery-1' class='gallery galleryid-287 gallery-columns-6 gallery-size-thumbnail'><figure class='gallery-item'>\n\t\t\t<div class='gallery-icon landscape'>\n\t\t\t\t<a href='https:\/\/www.pollensahotels.com\/wp-content\/uploads\/2014\/11\/restaurant-gr221_05.jpg'><img loading=\"lazy\" decoding=\"async\" width=\"150\" height=\"150\" src=\"https:\/\/www.pollensahotels.com\/wp-content\/uploads\/2014\/11\/restaurant-gr221_05-150x150.jpg\" class=\"attachment-thumbnail size-thumbnail\" alt=\"\" \/><\/a>\n\t\t\t<\/div><\/figure><figure class='gallery-item'>\n\t\t\t<div class='gallery-icon portrait'>\n\t\t\t\t<a href='https:\/\/www.pollensahotels.com\/wp-content\/uploads\/2014\/11\/restaurant-gr221_04.jpg'><img loading=\"lazy\" decoding=\"async\" width=\"150\" height=\"150\" src=\"https:\/\/www.pollensahotels.com\/wp-content\/uploads\/2014\/11\/restaurant-gr221_04-150x150.jpg\" class=\"attachment-thumbnail size-thumbnail\" alt=\"\" \/><\/a>\n\t\t\t<\/div><\/figure><figure class='gallery-item'>\n\t\t\t<div class='gallery-icon landscape'>\n\t\t\t\t<a href='https:\/\/www.pollensahotels.com\/wp-content\/uploads\/2014\/11\/restaurant-gr221_10.jpg'><img loading=\"lazy\" decoding=\"async\" width=\"150\" height=\"150\" src=\"https:\/\/www.pollensahotels.com\/wp-content\/uploads\/2014\/11\/restaurant-gr221_10-150x150.jpg\" class=\"attachment-thumbnail size-thumbnail\" alt=\"\" \/><\/a>\n\t\t\t<\/div><\/figure><figure class='gallery-item'>\n\t\t\t<div class='gallery-icon landscape'>\n\t\t\t\t<a href='https:\/\/www.pollensahotels.com\/wp-content\/uploads\/2014\/11\/restaurant-gr221_06.jpg'><img loading=\"lazy\" decoding=\"async\" width=\"150\" height=\"150\" src=\"https:\/\/www.pollensahotels.com\/wp-content\/uploads\/2014\/11\/restaurant-gr221_06-150x150.jpg\" class=\"attachment-thumbnail size-thumbnail\" alt=\"\" \/><\/a>\n\t\t\t<\/div><\/figure><figure class='gallery-item'>\n\t\t\t<div class='gallery-icon landscape'>\n\t\t\t\t<a href='https:\/\/www.pollensahotels.com\/wp-content\/uploads\/2014\/11\/restaurant-gr221_07.jpg'><img loading=\"lazy\" decoding=\"async\" width=\"150\" height=\"150\" src=\"https:\/\/www.pollensahotels.com\/wp-content\/uploads\/2014\/11\/restaurant-gr221_07-150x150.jpg\" class=\"attachment-thumbnail size-thumbnail\" alt=\"\" \/><\/a>\n\t\t\t<\/div><\/figure><figure class='gallery-item'>\n\t\t\t<div class='gallery-icon landscape'>\n\t\t\t\t<a href='https:\/\/www.pollensahotels.com\/wp-content\/uploads\/2014\/11\/restaurant-gr221_03.jpg'><img loading=\"lazy\" decoding=\"async\" width=\"150\" height=\"150\" src=\"https:\/\/www.pollensahotels.com\/wp-content\/uploads\/2014\/11\/restaurant-gr221_03-150x150.jpg\" class=\"attachment-thumbnail size-thumbnail\" alt=\"\" \/><\/a>\n\t\t\t<\/div><\/figure><figure class='gallery-item'>\n\t\t\t<div class='gallery-icon landscape'>\n\t\t\t\t<a href='https:\/\/www.pollensahotels.com\/wp-content\/uploads\/2014\/11\/restaurant-gr221_02.jpg'><img loading=\"lazy\" decoding=\"async\" width=\"150\" height=\"150\" src=\"https:\/\/www.pollensahotels.com\/wp-content\/uploads\/2014\/11\/restaurant-gr221_02-150x150.jpg\" class=\"attachment-thumbnail size-thumbnail\" alt=\"\" \/><\/a>\n\t\t\t<\/div><\/figure><figure class='gallery-item'>\n\t\t\t<div class='gallery-icon landscape'>\n\t\t\t\t<a href='https:\/\/www.pollensahotels.com\/wp-content\/uploads\/2014\/11\/restaurant-gr221_01.jpg'><img loading=\"lazy\" decoding=\"async\" width=\"150\" height=\"150\" src=\"https:\/\/www.pollensahotels.com\/wp-content\/uploads\/2014\/11\/restaurant-gr221_01-150x150.jpg\" class=\"attachment-thumbnail size-thumbnail\" alt=\"\" \/><\/a>\n\t\t\t<\/div><\/figure><figure class='gallery-item'>\n\t\t\t<div class='gallery-icon landscape'>\n\t\t\t\t<a href='https:\/\/www.pollensahotels.com\/wp-content\/uploads\/2014\/11\/restaurant-gr221_09.jpg'><img loading=\"lazy\" decoding=\"async\" width=\"150\" height=\"150\" src=\"https:\/\/www.pollensahotels.com\/wp-content\/uploads\/2014\/11\/restaurant-gr221_09-150x150.jpg\" class=\"attachment-thumbnail size-thumbnail\" alt=\"\" \/><\/a>\n\t\t\t<\/div><\/figure><figure class='gallery-item'>\n\t\t\t<div class='gallery-icon portrait'>\n\t\t\t\t<a href='https:\/\/www.pollensahotels.com\/wp-content\/uploads\/2014\/11\/restaurant-gr221_08.jpg'><img loading=\"lazy\" decoding=\"async\" width=\"150\" height=\"150\" src=\"https:\/\/www.pollensahotels.com\/wp-content\/uploads\/2014\/11\/restaurant-gr221_08-150x150.jpg\" class=\"attachment-thumbnail size-thumbnail\" alt=\"\" \/><\/a>\n\t\t\t<\/div><\/figure>\n\t\t<\/div>\n\n","protected":false},"excerpt":{"rendered":"<p>Depuis plus de 100 ans, l\u2019h\u00f4tel a \u00e9t\u00e9 visit\u00e9 par bien des personnages illustres, qui ont s\u00e9journ\u00e9 ou particip\u00e9 dans les tertulias dans sa caf\u00e9t\u00e9ria: Tito Cittadini, Dion\u00eds Bennassar, Roch Minu\u00e9, Maria del Mar Bonet, Jordi Savall, Tom\u00e1s Molina, Saenz de Oiza, Vives Lull\u2026 La caf\u00e9t\u00e9ria, avec sa terrasse sur la place de la ville, [&hellip;]<\/p>\n","protected":false},"author":1,"featured_media":0,"parent":0,"menu_order":0,"comment_status":"closed","ping_status":"closed","template":"templates\/pag-gr221.php","meta":{"footnotes":""},"class_list":["post-287","page","type-page","status-publish","hentry"],"_links":{"self":[{"href":"https:\/\/www.pollensahotels.com\/fr\/wp-json\/wp\/v2\/pages\/287\/"}],"collection":[{"href":"https:\/\/www.pollensahotels.com\/fr\/wp-json\/wp\/v2\/pages\/"}],"about":[{"href":"https:\/\/www.pollensahotels.com\/fr\/wp-json\/wp\/v2\/types\/page\/"}],"author":[{"embeddable":true,"href":"https:\/\/www.pollensahotels.com\/fr\/wp-json\/wp\/v2\/users\/1\/"}],"replies":[{"embeddable":true,"href":"https:\/\/www.pollensahotels.com\/fr\/wp-json\/wp\/v2\/comments\/?post=287"}],"version-history":[{"count":0,"href":"https:\/\/www.pollensahotels.com\/fr\/wp-json\/wp\/v2\/pages\/287\/revisions\/"}],"wp:attachment":[{"href":"https:\/\/www.pollensahotels.com\/fr\/wp-json\/wp\/v2\/media\/?parent=287"}],"curies":[{"name":"wp","href":"https:\/\/api.w.org\/{rel}","templated":true}]}}