{"id":289,"date":"2014-11-19T13:22:36","date_gmt":"2014-11-19T12:22:36","guid":{"rendered":"http:\/\/www.pollensahotels.com\/?page_id=289"},"modified":"2023-03-06T05:53:18","modified_gmt":"2023-03-06T04:53:18","slug":"hostal-hotel-interieur","status":"publish","type":"page","link":"https:\/\/www.pollensahotels.com\/fr\/hostal-hotel-interieur\/","title":{"rendered":"L&rsquo;Hostal, Tourisme Int\u00e9rieur"},"content":{"rendered":"<p><img loading=\"lazy\" decoding=\"async\" class=\"wp-image-693 size-medium alignright\" src=\"http:\/\/www.pollensahotels.com\/wp-content\/uploads\/2023\/03\/logolhostal-300x77.png\" alt=\"\" width=\"300\" height=\"77\" srcset=\"https:\/\/www.pollensahotels.com\/wp-content\/uploads\/2023\/03\/logolhostal-300x77.png 300w, https:\/\/www.pollensahotels.com\/wp-content\/uploads\/2023\/03\/logolhostal-768x196.png 768w\" sizes=\"auto, (max-width: 300px) 100vw, 300px\" \/>L\u2019endroit o\u00f9 se trouve actuellement <strong>l\u2019Hostal<\/strong> fut dans le pass\u00e9 le b\u00e2timent o\u00f9 les chevaux des commer\u00e7ants se reposaient quand ils venaient pour le march\u00e9 de la ville. Avec le m\u00eame sens d\u2019accueil, le nom a \u00e9t\u00e9 gard\u00e9 et le b\u00e2timent r\u00e9nov\u00e9 ainsi que tous les \u00e9quipements.<\/p>\n<p>Profitant de la situation \u00e0 quelques pas du centre de la ville, les h\u00f4tes de l\u2019Hostal peuvent profiter de son ambiance moderne et informelle.<\/p>\n<p>C\u2019est la meilleure option pour ceux qui cherchent un endroit confortable dans une ville charg\u00e9e d\u2019histoire et pleine d\u2019attraits.<\/p>\n<p>L\u2019Hostal dispose de 6 chambres totalement \u00e9quip\u00e9es, avec salle de bains, air conditionn\u00e9, internet, TV satellite, s\u00e8che-cheveux et coffre-fort. Au rez-de-chauss\u00e9e, \u00e0 cot\u00e9 du spacieux salon o\u00f9 le petit-d\u00e9jeuner est servi, se trouve une petite cour int\u00e9rieure qui lui donne un caract\u00e8re chaleureux et familier.<\/p>\n<div id='gallery-1' class='gallery galleryid-289 gallery-columns-5 gallery-size-thumbnail'><figure class='gallery-item'>\n\t\t\t<div class='gallery-icon portrait'>\n\t\t\t\t<a href='https:\/\/www.pollensahotels.com\/wp-content\/uploads\/2014\/11\/hostal_01.jpg'><img loading=\"lazy\" decoding=\"async\" width=\"150\" height=\"150\" src=\"https:\/\/www.pollensahotels.com\/wp-content\/uploads\/2014\/11\/hostal_01-150x150.jpg\" class=\"attachment-thumbnail size-thumbnail\" alt=\"\" \/><\/a>\n\t\t\t<\/div><\/figure><figure class='gallery-item'>\n\t\t\t<div class='gallery-icon landscape'>\n\t\t\t\t<a href='https:\/\/www.pollensahotels.com\/wp-content\/uploads\/2014\/11\/hostal_11.jpg'><img loading=\"lazy\" decoding=\"async\" width=\"150\" height=\"150\" src=\"https:\/\/www.pollensahotels.com\/wp-content\/uploads\/2014\/11\/hostal_11-150x150.jpg\" class=\"attachment-thumbnail size-thumbnail\" alt=\"\" \/><\/a>\n\t\t\t<\/div><\/figure><figure class='gallery-item'>\n\t\t\t<div class='gallery-icon landscape'>\n\t\t\t\t<a href='https:\/\/www.pollensahotels.com\/wp-content\/uploads\/2014\/11\/hostal_12.jpg'><img loading=\"lazy\" decoding=\"async\" width=\"150\" height=\"150\" src=\"https:\/\/www.pollensahotels.com\/wp-content\/uploads\/2014\/11\/hostal_12-150x150.jpg\" class=\"attachment-thumbnail size-thumbnail\" alt=\"\" \/><\/a>\n\t\t\t<\/div><\/figure><figure class='gallery-item'>\n\t\t\t<div class='gallery-icon landscape'>\n\t\t\t\t<a href='https:\/\/www.pollensahotels.com\/wp-content\/uploads\/2014\/11\/hostal_08.jpg'><img loading=\"lazy\" decoding=\"async\" width=\"150\" height=\"150\" src=\"https:\/\/www.pollensahotels.com\/wp-content\/uploads\/2014\/11\/hostal_08-150x150.jpg\" class=\"attachment-thumbnail size-thumbnail\" alt=\"\" \/><\/a>\n\t\t\t<\/div><\/figure><figure class='gallery-item'>\n\t\t\t<div class='gallery-icon landscape'>\n\t\t\t\t<a href='https:\/\/www.pollensahotels.com\/wp-content\/uploads\/2014\/11\/hostal_02.jpg'><img loading=\"lazy\" decoding=\"async\" width=\"150\" height=\"150\" src=\"https:\/\/www.pollensahotels.com\/wp-content\/uploads\/2014\/11\/hostal_02-150x150.jpg\" class=\"attachment-thumbnail size-thumbnail\" alt=\"\" \/><\/a>\n\t\t\t<\/div><\/figure><figure class='gallery-item'>\n\t\t\t<div class='gallery-icon landscape'>\n\t\t\t\t<a href='https:\/\/www.pollensahotels.com\/wp-content\/uploads\/2014\/11\/hostal_16.jpg'><img loading=\"lazy\" decoding=\"async\" width=\"150\" height=\"150\" src=\"https:\/\/www.pollensahotels.com\/wp-content\/uploads\/2014\/11\/hostal_16-150x150.jpg\" class=\"attachment-thumbnail size-thumbnail\" alt=\"\" \/><\/a>\n\t\t\t<\/div><\/figure><figure class='gallery-item'>\n\t\t\t<div class='gallery-icon landscape'>\n\t\t\t\t<a href='https:\/\/www.pollensahotels.com\/wp-content\/uploads\/2014\/11\/hostal_04.jpg'><img loading=\"lazy\" decoding=\"async\" width=\"150\" height=\"150\" src=\"https:\/\/www.pollensahotels.com\/wp-content\/uploads\/2014\/11\/hostal_04-150x150.jpg\" class=\"attachment-thumbnail size-thumbnail\" alt=\"\" \/><\/a>\n\t\t\t<\/div><\/figure><figure class='gallery-item'>\n\t\t\t<div class='gallery-icon landscape'>\n\t\t\t\t<a href='https:\/\/www.pollensahotels.com\/wp-content\/uploads\/2014\/11\/hostal_15.jpg'><img loading=\"lazy\" decoding=\"async\" width=\"150\" height=\"150\" src=\"https:\/\/www.pollensahotels.com\/wp-content\/uploads\/2014\/11\/hostal_15-150x150.jpg\" class=\"attachment-thumbnail size-thumbnail\" alt=\"\" \/><\/a>\n\t\t\t<\/div><\/figure><figure class='gallery-item'>\n\t\t\t<div class='gallery-icon landscape'>\n\t\t\t\t<a href='https:\/\/www.pollensahotels.com\/wp-content\/uploads\/2014\/11\/hostal_05.jpg'><img loading=\"lazy\" decoding=\"async\" width=\"150\" height=\"150\" src=\"https:\/\/www.pollensahotels.com\/wp-content\/uploads\/2014\/11\/hostal_05-150x150.jpg\" class=\"attachment-thumbnail size-thumbnail\" alt=\"\" \/><\/a>\n\t\t\t<\/div><\/figure><figure class='gallery-item'>\n\t\t\t<div class='gallery-icon landscape'>\n\t\t\t\t<a href='https:\/\/www.pollensahotels.com\/wp-content\/uploads\/2014\/11\/hostal_07.jpg'><img loading=\"lazy\" decoding=\"async\" width=\"150\" height=\"150\" src=\"https:\/\/www.pollensahotels.com\/wp-content\/uploads\/2014\/11\/hostal_07-150x150.jpg\" class=\"attachment-thumbnail size-thumbnail\" alt=\"\" \/><\/a>\n\t\t\t<\/div><\/figure>\n\t\t<\/div>\n\n","protected":false},"excerpt":{"rendered":"<p>L\u2019endroit o\u00f9 se trouve actuellement l\u2019Hostal fut dans le pass\u00e9 le b\u00e2timent o\u00f9 les chevaux des commer\u00e7ants se reposaient quand ils venaient pour le march\u00e9 de la ville. Avec le m\u00eame sens d\u2019accueil, le nom a \u00e9t\u00e9 gard\u00e9 et le b\u00e2timent r\u00e9nov\u00e9 ainsi que tous les \u00e9quipements. Profitant de la situation \u00e0 quelques pas du [&hellip;]<\/p>\n","protected":false},"author":1,"featured_media":0,"parent":0,"menu_order":0,"comment_status":"closed","ping_status":"closed","template":"templates\/pag-hostal.php","meta":{"footnotes":""},"class_list":["post-289","page","type-page","status-publish","hentry"],"_links":{"self":[{"href":"https:\/\/www.pollensahotels.com\/fr\/wp-json\/wp\/v2\/pages\/289\/"}],"collection":[{"href":"https:\/\/www.pollensahotels.com\/fr\/wp-json\/wp\/v2\/pages\/"}],"about":[{"href":"https:\/\/www.pollensahotels.com\/fr\/wp-json\/wp\/v2\/types\/page\/"}],"author":[{"embeddable":true,"href":"https:\/\/www.pollensahotels.com\/fr\/wp-json\/wp\/v2\/users\/1\/"}],"replies":[{"embeddable":true,"href":"https:\/\/www.pollensahotels.com\/fr\/wp-json\/wp\/v2\/comments\/?post=289"}],"version-history":[{"count":0,"href":"https:\/\/www.pollensahotels.com\/fr\/wp-json\/wp\/v2\/pages\/289\/revisions\/"}],"wp:attachment":[{"href":"https:\/\/www.pollensahotels.com\/fr\/wp-json\/wp\/v2\/media\/?parent=289"}],"curies":[{"name":"wp","href":"https:\/\/api.w.org\/{rel}","templated":true}]}}