{"id":293,"date":"2014-11-19T13:45:05","date_gmt":"2014-11-19T12:45:05","guid":{"rendered":"http:\/\/www.pollensahotels.com\/?page_id=293"},"modified":"2019-01-16T12:02:56","modified_gmt":"2019-01-16T11:02:56","slug":"une-nouvelle-experience","status":"publish","type":"page","link":"https:\/\/www.pollensahotels.com\/fr\/","title":{"rendered":"Une nouvelle exp\u00e9rience"},"content":{"rendered":"<p>Situ\u00e9 au nord de Majorque, la ville de Pollen\u00e7a est l&rsquo;un des endroits les plus beaux de l&rsquo;\u00eele. Nos deux h\u00f4tels se situent dans le centre historique: l&rsquo;<strong><a href=\"http:\/\/www.pollensahotels.com\/fr\/hotel-juma-pollenca-majorque\/\">Hotel Juma<\/a><\/strong>, avec un caract\u00e8re plus classique, et <strong><a href=\"http:\/\/www.pollensahotels.com\/fr\/hostal-hotel-interieur\/\">l&rsquo;Hostal, Turisme d&rsquo;Interior<\/strong><\/a>, avec une d\u00e9coration plus moderne. <\/p>\n<p>Dans les deux h\u00f4tels, nous nous appliquons toujours \u00e0 obtenir la meilleure satisfaction de nos clients. Hotel Juma et l&rsquo;Hostal, deux ambiances, un objectif: que vous vous sentiez comme chez vous.<\/p>\n","protected":false},"excerpt":{"rendered":"<p>Situ\u00e9 au nord de Majorque, la ville de Pollen\u00e7a est l&rsquo;un des endroits les plus beaux de l&rsquo;\u00eele. Nos deux h\u00f4tels se situent dans le centre historique: l&rsquo;Hotel Juma, avec un caract\u00e8re plus classique, et l&rsquo;Hostal, Turisme d&rsquo;Interior, avec une d\u00e9coration plus moderne. Dans les deux h\u00f4tels, nous nous appliquons toujours \u00e0 obtenir la meilleure [&hellip;]<\/p>\n","protected":false},"author":1,"featured_media":62,"parent":0,"menu_order":0,"comment_status":"closed","ping_status":"closed","template":"templates\/homepage.php","meta":{"footnotes":""},"class_list":["post-293","page","type-page","status-publish","has-post-thumbnail","hentry"],"_links":{"self":[{"href":"https:\/\/www.pollensahotels.com\/fr\/wp-json\/wp\/v2\/pages\/293\/"}],"collection":[{"href":"https:\/\/www.pollensahotels.com\/fr\/wp-json\/wp\/v2\/pages\/"}],"about":[{"href":"https:\/\/www.pollensahotels.com\/fr\/wp-json\/wp\/v2\/types\/page\/"}],"author":[{"embeddable":true,"href":"https:\/\/www.pollensahotels.com\/fr\/wp-json\/wp\/v2\/users\/1\/"}],"replies":[{"embeddable":true,"href":"https:\/\/www.pollensahotels.com\/fr\/wp-json\/wp\/v2\/comments\/?post=293"}],"version-history":[{"count":0,"href":"https:\/\/www.pollensahotels.com\/fr\/wp-json\/wp\/v2\/pages\/293\/revisions\/"}],"wp:featuredmedia":[{"embeddable":true,"href":"https:\/\/www.pollensahotels.com\/fr\/wp-json\/wp\/v2\/media\/62\/"}],"wp:attachment":[{"href":"https:\/\/www.pollensahotels.com\/fr\/wp-json\/wp\/v2\/media\/?parent=293"}],"curies":[{"name":"wp","href":"https:\/\/api.w.org\/{rel}","templated":true}]}}