{"id":323,"date":"2014-11-20T20:36:46","date_gmt":"2014-11-20T19:36:46","guid":{"rendered":"http:\/\/www.pollensahotels.com\/?page_id=323"},"modified":"2014-12-01T10:42:15","modified_gmt":"2014-12-01T09:42:15","slug":"forme-securisee","status":"publish","type":"page","link":"https:\/\/www.pollensahotels.com\/fr\/forme-securisee\/","title":{"rendered":"Envoi de donn\u00e9es"},"content":{"rendered":"<p>Veuillez utiliser ce formulaire pour nous communiquer le num\u00e9ro de carte de cr\u00e9dit par connexion s\u00e9curis\u00e9e.<\/p>\n\n                <div class='gf_browser_gecko gform_wrapper' id='gform_wrapper_14' ><form method='post' enctype='multipart\/form-data'  id='gform_14'  action='\/fr\/wp-json\/wp\/v2\/pages\/323\/'>\n                        <div class='gform_body'><ul id='gform_fields_14' class='gform_fields top_label form_sublabel_below description_below'><li id='field_14_1'  class='gfield gfield_contains_required field_sublabel_below field_description_below gfield_visibility_visible' ><label class='gfield_label' for='input_14_1' >Code de r\u00e9servation<span class='gfield_required'>*<\/span><\/label><div class='ginput_container ginput_container_text'><input name='input_1' id='input_14_1' type='text' value='' class='medium'     aria-required=\"true\" aria-invalid=\"false\" \/><\/div><\/li><li id='field_14_2'  class='gfield gfield_contains_required field_sublabel_below field_description_below gfield_visibility_visible' ><label class='gfield_label' for='input_14_2' >Num\u00e9ro de Carte Bancaire<span class='gfield_required'>*<\/span><\/label><div class='ginput_container ginput_container_text'><input name='input_2' id='input_14_2' type='text' value='' class='medium'     aria-required=\"true\" aria-invalid=\"false\" \/><\/div><\/li><li id='field_14_3'  class='gfield gfield_contains_required field_sublabel_below field_description_below gfield_visibility_visible' ><label class='gfield_label' for='input_14_3' >Date d\u2019expiration<span class='gfield_required'>*<\/span><\/label><div class='ginput_container ginput_container_text'><input name='input_3' id='input_14_3' type='text' value='MM\/AA' class='medium'     aria-required=\"true\" aria-invalid=\"false\" \/><\/div><\/li>\n                            <\/ul><\/div>\n        <div class='gform_footer top_label'> <input type='submit' id='gform_submit_button_14' class='gform_button button' value='Envoyer le formulaire s\u00e9curis\u00e9'  onclick='if(window[\"gf_submitting_14\"]){return false;}  window[\"gf_submitting_14\"]=true;  ' onkeypress='if( event.keyCode == 13 ){ if(window[\"gf_submitting_14\"]){return false;} window[\"gf_submitting_14\"]=true;  jQuery(\"#gform_14\").trigger(\"submit\",[true]); }' \/> \n            <input type='hidden' class='gform_hidden' name='is_submit_14' value='1' \/>\n            <input type='hidden' class='gform_hidden' name='gform_submit' value='14' \/>\n            \n            <input type='hidden' class='gform_hidden' name='gform_unique_id' value='' \/>\n            <input type='hidden' class='gform_hidden' name='state_14' value='WyJbXSIsIjZhN2QyYjgwYzliNjI2MTkwYmZlOTdmMjM0YzE3ZmE4Il0=' \/>\n            <input type='hidden' class='gform_hidden' name='gform_target_page_number_14' id='gform_target_page_number_14' value='0' \/>\n            <input type='hidden' class='gform_hidden' name='gform_source_page_number_14' id='gform_source_page_number_14' value='1' \/>\n            <input type='hidden' name='gform_field_values' value='' \/>\n            \n        <\/div>\n                        <\/form>\n                        <\/div><script type='text\/javascript'> jQuery(document).bind('gform_post_render', function(event, formId, currentPage){if(formId == 14) {} } );jQuery(document).bind('gform_post_conditional_logic', function(event, formId, fields, isInit){} );<\/script><script type='text\/javascript'> jQuery(document).ready(function(){jQuery(document).trigger('gform_post_render', [14, 1]) } ); <\/script>\n","protected":false},"excerpt":{"rendered":"<p>Veuillez utiliser ce formulaire pour nous communiquer le num\u00e9ro de carte de cr\u00e9dit par connexion s\u00e9curis\u00e9e.<\/p>\n","protected":false},"author":1,"featured_media":0,"parent":0,"menu_order":0,"comment_status":"closed","ping_status":"closed","template":"templates\/lateral.php","meta":{"footnotes":""},"class_list":["post-323","page","type-page","status-publish","hentry"],"_links":{"self":[{"href":"https:\/\/www.pollensahotels.com\/fr\/wp-json\/wp\/v2\/pages\/323\/"}],"collection":[{"href":"https:\/\/www.pollensahotels.com\/fr\/wp-json\/wp\/v2\/pages\/"}],"about":[{"href":"https:\/\/www.pollensahotels.com\/fr\/wp-json\/wp\/v2\/types\/page\/"}],"author":[{"embeddable":true,"href":"https:\/\/www.pollensahotels.com\/fr\/wp-json\/wp\/v2\/users\/1\/"}],"replies":[{"embeddable":true,"href":"https:\/\/www.pollensahotels.com\/fr\/wp-json\/wp\/v2\/comments\/?post=323"}],"version-history":[{"count":0,"href":"https:\/\/www.pollensahotels.com\/fr\/wp-json\/wp\/v2\/pages\/323\/revisions\/"}],"wp:attachment":[{"href":"https:\/\/www.pollensahotels.com\/fr\/wp-json\/wp\/v2\/media\/?parent=323"}],"curies":[{"name":"wp","href":"https:\/\/api.w.org\/{rel}","templated":true}]}}